{"id":2231,"date":"2024-09-18T19:00:14","date_gmt":"2024-09-18T16:00:14","guid":{"rendered":"https:\/\/smyfi.wpenginepowered.com\/metsapaivat\/?page_id=2231"},"modified":"2025-10-03T19:46:31","modified_gmt":"2025-10-03T16:46:31","slug":"sidosryhmatilaisuudet","status":"publish","type":"page","link":"https:\/\/smy.fi\/metsapaivat\/ohjelma\/sidosryhmatilaisuudet\/","title":{"rendered":"Ohjelma | Sidosryhm\u00e4tilaisuudet"},"content":{"rendered":"\n<h2 class=\"wp-block-heading\">Keskiviikko 22.10.<\/h2>\n\n\n\n<figure class=\"wp-block-image size-full\"><img loading=\"lazy\" decoding=\"async\" width=\"400\" height=\"117\" src=\"https:\/\/smy.fi\/metsapaivat\/wp-content\/uploads\/sites\/2\/2025\/10\/Metsakeskus-logo-pdf-vaaka-1-pieni.jpg\" alt=\"\" class=\"wp-image-3485\" \/><\/figure>\n\n\n\n<p><strong>Klo 8.30\u201310.50 Seminaari, Suomen Mets\u00e4keskus<\/strong><br>Paikka: Pikku-Finlandia, Honka-sali | Karamzininranta 4, Helsinki (my\u00f6s et\u00e4yhteys)<\/p>\n\n\n\n<h4 class=\"wp-block-heading\">AVOIMEN METS\u00c4- JA LUONTOTIEDON TUOTANNON UUDET TEKNOLOGIAT JA<br>INNOVAATIOT<\/h4>\n\n\n\n<p>Avoin mets\u00e4- ja luontotieto tarjoaa vankan perustan kest\u00e4v\u00e4lle ja suunnitelmalliselle metsien<br>k\u00e4yt\u00f6lle Suomessa. Mets\u00e4tiedon tuotanto perustuu kaukokartoitukseen ja kohdennettuihin<br>maastokoealoihin. Koealamittaukset tehd\u00e4\u00e4n maastossa edelleen perinteisin mittausv\u00e4linein.<br>Teknologian kehittyess\u00e4 n\u00e4it\u00e4 kalliita mittaustapoja voidaan tulevaisuudessa korvata uudenlaisilla<br>menetelmill\u00e4, jotka nopeuttavat ty\u00f6t\u00e4 ja tuottavat aiempaa tarkempaa tietoa metsist\u00e4. Tule<br>kuulemaan mets\u00e4- ja luontotiedon uusista tuotteista ja tiedontuotannon uusimmista<br>kehitysaskeleista.<br><br>Seminaari j\u00e4rjestet\u00e4\u00e4n osana Mets\u00e4p\u00e4ivien tapahtumia Finlandia-talon kupeessa Helsingiss\u00e4.<br>Tilaisuus on maksuton, mutta edellytt\u00e4\u00e4 ilmoittautumista<a href=\"https:\/\/www.lyyti.fi\/reg\/Metsa_ja_luontotiedon_tuotannon_uudet_teknologia_ja_innovaatio_2095\"> <\/a><a href=\"https:\/\/www.lyyti.fi\/reg\/Metsa_ja_luontotiedon_tuotannon_uudet_teknologia_ja_innovaatio_2095\" target=\"_blank\" rel=\"noreferrer noopener\">t\u00e4st\u00e4 link<\/a><a href=\"https:\/\/www.lyyti.fi\/reg\/Metsa_ja_luontotiedon_tuotannon_uudet_teknologia_ja_innovaatio_2095\">ist\u00e4<\/a>. Voit osallistua my\u00f6s<br>et\u00e4yhteydell\u00e4.<\/p>\n\n\n\n<p><strong>Ohjelma\u00a0<\/strong>(<a href=\"https:\/\/smy.fi\/metsapaivat\/wp-content\/uploads\/sites\/2\/2025\/10\/Ohjelma-Metsapaivat-221025.pdf\" target=\"_blank\" rel=\"noreferrer noopener\">lataa pdf-tiedosto<\/a>)<\/p>\n\n\n\n<p>8.30&nbsp;&nbsp;&nbsp;&nbsp;&nbsp;&nbsp;&nbsp;&nbsp;&nbsp;&nbsp;&nbsp; <strong>Mets\u00e4tiedon uudet inventointituotteet alkavalla Kallio II-ohjelmakaudella<\/strong><br>                   Jussi Lappalainen | Suomen mets\u00e4keskus<\/p>\n\n\n\n<p>8.50&nbsp;&nbsp;&nbsp;&nbsp;&nbsp;&nbsp;&nbsp;&nbsp;&nbsp;&nbsp;&nbsp; <strong>Luontotiedon uudet aineistot<\/strong><br>                   Mika Masalin | Suomen mets\u00e4keskus<\/p>\n\n\n\n<p>9.10&nbsp;&nbsp;&nbsp;&nbsp;&nbsp;&nbsp;&nbsp;&nbsp;&nbsp;&nbsp;&nbsp; <strong>Uusimmat teknologiat mets\u00e4nmittaukseen<\/strong><br>                   Tom Steffansson | Geotrim Oy<\/p>\n\n\n\n<p>9.20&nbsp;&nbsp;&nbsp;&nbsp;&nbsp;&nbsp;&nbsp;&nbsp;&nbsp;&nbsp;&nbsp; <strong>Nopeutta ja tarkkuutta mets\u00e4nmittaukseen maastolaserkeilauksesta<\/strong><br>                   Lauri Liikonen ja Aapo Erkkil\u00e4 | It\u00e4-Suomen yliopisto<\/p>\n\n\n\n<p>9.40&nbsp;&nbsp;&nbsp;&nbsp;&nbsp;&nbsp;&nbsp;&nbsp;&nbsp;&nbsp;&nbsp; <strong>Kahvitauko&nbsp;<\/strong><\/p>\n\n\n\n<p>10.00&nbsp;&nbsp;&nbsp;&nbsp;&nbsp;&nbsp;&nbsp;&nbsp;&nbsp; <strong>Uusien mets\u00e4nmittausj\u00e4rjestelmien mahdollisuudet tulevaisuudessa<\/strong><br>                   Johanna Paakkari ja Eetu Kotivuori | Suomen mets\u00e4keskus<\/p>\n\n\n\n<p>10.20&nbsp;&nbsp;&nbsp;&nbsp;&nbsp;&nbsp;&nbsp;&nbsp;&nbsp; <strong>Mets\u00e4nmittausaineistot vaivattomasti mets\u00e4\u00e4 kuvaaviksi tunnuksiksi<\/strong><br>                   Timo Pitk\u00e4nen | Luonnonvarakeskus<\/p>\n\n\n\n<p>10.30&nbsp;&nbsp;&nbsp;&nbsp;&nbsp;&nbsp;&nbsp;&nbsp;&nbsp; <strong>Maastolaser kuolleen puun tunnistamisessa<\/strong><br>                   Saara Tracewski | Arbonaut Oy<\/p>\n\n\n\n<p>10.40&nbsp;&nbsp;&nbsp;&nbsp;&nbsp;&nbsp;&nbsp;&nbsp;&nbsp; <strong>Keskustelu<\/strong><\/p>\n\n\n\n<p>10.50&nbsp;&nbsp;&nbsp;&nbsp;&nbsp;&nbsp;&nbsp;&nbsp;&nbsp; <strong>Tilaisuus p\u00e4\u00e4ttyy<\/strong><\/p>\n\n\n\n<p>Tapahtuman juontaa Tuomo Kauranne, Arbonaut Oy.&nbsp;<\/p>\n\n\n\n<div class=\"wp-block-buttons is-layout-flex wp-block-buttons-is-layout-flex\">\n<div class=\"wp-block-button\"><a class=\"wp-block-button__link wp-element-button\" href=\"https:\/\/www.lyyti.fi\/reg\/Metsa_ja_luontotiedon_tuotannon_uudet_teknologia_ja_innovaatio_2095\" target=\"_blank\" rel=\"noreferrer noopener\">Ilmoittaudu mukaan<\/a><\/div>\n<\/div>\n\n\n\n<figure class=\"wp-block-image size-large\"><img loading=\"lazy\" decoding=\"async\" width=\"1024\" height=\"144\" src=\"https:\/\/smy.fi\/metsapaivat\/wp-content\/uploads\/sites\/2\/2025\/09\/E31A3580-18A5-48BC-BE54-89C14367BEF3-1024x144.png\" alt=\"\" class=\"wp-image-3426\" srcset=\"https:\/\/smy.fi\/metsapaivat\/wp-content\/uploads\/sites\/2\/2025\/09\/E31A3580-18A5-48BC-BE54-89C14367BEF3-1024x144.png 1024w, https:\/\/smy.fi\/metsapaivat\/wp-content\/uploads\/sites\/2\/2025\/09\/E31A3580-18A5-48BC-BE54-89C14367BEF3-920x130.png 920w, https:\/\/smy.fi\/metsapaivat\/wp-content\/uploads\/sites\/2\/2025\/09\/E31A3580-18A5-48BC-BE54-89C14367BEF3-600x84.png 600w, https:\/\/smy.fi\/metsapaivat\/wp-content\/uploads\/sites\/2\/2025\/09\/E31A3580-18A5-48BC-BE54-89C14367BEF3-768x108.png 768w, https:\/\/smy.fi\/metsapaivat\/wp-content\/uploads\/sites\/2\/2025\/09\/E31A3580-18A5-48BC-BE54-89C14367BEF3.png 1030w\" sizes=\"auto, (max-width: 1024px) 100vw, 1024px\" \/><\/figure>\n\n\n\n<hr class=\"wp-block-separator has-alpha-channel-opacity\" \/>\n\n\n\n<p><strong>Klo 10.00\u201312.15 Mets\u00e4alan johtamisakatemian vaikuttajabrunssi<\/strong><br>Paikka: Finlandia-talo, kokoustilat 22\u201323, Vaahtera &amp; Haapa | Mannerheimintie 13, Helsinki<\/p>\n\n\n\n<h4 class=\"wp-block-heading\">AIVOJEN HYVINVOINTI MODERNISSA TY\u00d6YMP\u00c4RIST\u00d6SS\u00c4 JA JOHTAMISESSA<\/h4>\n\n\n\n<p>Vaikuttajabrunssi kokoaa yhteen Mets\u00e4alan johtamisakatemian kursseille osallistuneet kuulemaan ajankohtaisia puheenvuoroja, t\u00e4ll\u00e4 kertaa psykologian tohtori, aivoasiantuntija Mona Moisalaa aiheesta<br>\u201dAivojen hyvinvointi modernissa ty\u00f6ymp\u00e4rist\u00f6ss\u00e4 ja johtamisessa\u201d. Tilaisuuden j\u00e4rjest\u00e4\u00e4 TTS Ty\u00f6tehoseura. Mets\u00e4alan johtamisakatemian rahoittaa Mets\u00e4miesten S\u00e4\u00e4ti\u00f6. <\/p>\n\n\n\n<p><em>Vaikuttajabrunssi on kutsuvierastilaisuus.<\/em><\/p>\n\n\n\n<figure class=\"wp-block-image size-large\"><img loading=\"lazy\" decoding=\"async\" width=\"1024\" height=\"341\" src=\"https:\/\/smy.fi\/metsapaivat\/wp-content\/uploads\/sites\/2\/2025\/09\/BD87F291-1430-49DE-90C7-140ABBD15172-1024x341.png\" alt=\"\" class=\"wp-image-3428\" srcset=\"https:\/\/smy.fi\/metsapaivat\/wp-content\/uploads\/sites\/2\/2025\/09\/BD87F291-1430-49DE-90C7-140ABBD15172-1024x341.png 1024w, https:\/\/smy.fi\/metsapaivat\/wp-content\/uploads\/sites\/2\/2025\/09\/BD87F291-1430-49DE-90C7-140ABBD15172-920x306.png 920w, https:\/\/smy.fi\/metsapaivat\/wp-content\/uploads\/sites\/2\/2025\/09\/BD87F291-1430-49DE-90C7-140ABBD15172-600x200.png 600w, https:\/\/smy.fi\/metsapaivat\/wp-content\/uploads\/sites\/2\/2025\/09\/BD87F291-1430-49DE-90C7-140ABBD15172-768x256.png 768w, https:\/\/smy.fi\/metsapaivat\/wp-content\/uploads\/sites\/2\/2025\/09\/BD87F291-1430-49DE-90C7-140ABBD15172.png 1187w\" sizes=\"auto, (max-width: 1024px) 100vw, 1024px\" \/><\/figure>\n\n\n\n<hr class=\"wp-block-separator has-alpha-channel-opacity\" \/>\n\n\n\n<h2 class=\"wp-block-heading\">Perjantai 24.10.<\/h2>\n\n\n\n<p><strong>Regional Stakeholder Workshop, The PathFinder project<\/strong><br>University of Helsinki, Topelia, Room A205 | Unioninkatu 38, Helsinki<\/p>\n\n\n\n<h4 class=\"wp-block-heading\">PATHFINDER WORKSHOP: DELIBERATING EUROPE\u2019S FOREST FUTURES THROUGH TRADE-OFFS AND CONTESTATION<\/h4>\n\n\n\n<p>PathFinder-hankkeen tavoitteena on kehitt\u00e4\u00e4 yhten\u00e4inen eurooppalaisten metsien seuranta- ja raportointij\u00e4rjestelm\u00e4, joka yhdist\u00e4\u00e4 satelliittiaineiston ja kentt\u00e4havainnot. Sen avulla tarjotaan p\u00e4\u00e4tt\u00e4jille luotettavaa tietoa metsien tilasta ja tulevaisuuden skenaarioista, jotta ilmasto-, mets\u00e4- ja biodiversiteettipolitiikka voidaan sovittaa yhteen kest\u00e4v\u00e4sti.<\/p>\n\n\n\n<p>PathFinderin sidosryhm\u00e4ty\u00f6pajoissa kootaan yhteen mets\u00e4nomistajia, p\u00e4\u00e4tt\u00e4ji\u00e4, tutkijoita, j\u00e4rjest\u00f6j\u00e4 ja muita toimijoita eri puolilta Eurooppaa. Ty\u00f6pajojen tavoitteena on yhdess\u00e4 kehitt\u00e4\u00e4 mets\u00e4nhoitopolkuja, jotka tasapainottavat ilmasto-, luonto-, talous- ja kulttuuritavoitteita. Osallistujat k\u00e4yv\u00e4t l\u00e4pi kyselyit\u00e4, skenaarioharjoituksia ja ryhm\u00e4keskusteluja, joiden tulokset sy\u00f6tet\u00e4\u00e4n suoraan mallinnukseen, jotta metsien hallinnan vaihtoehdot heijastavat paremmin todellisia arvoja, ristiriitoja ja ratkaisuja. Tilaisuus on englanninkielinen. <\/p>\n\n\n\n<p><a href=\"http:\/\/smy.fi\/metsapaivat\/wp-content\/uploads\/sites\/2\/2025\/09\/PATHFINDER_Leaflet1_Communicative.pdf\" target=\"_blank\" rel=\"noreferrer noopener\">Lue lis\u00e4\u00e4<\/a><\/p>\n\n\n\n<p><a href=\"http:\/\/smy.fi\/metsapaivat\/wp-content\/uploads\/sites\/2\/2025\/09\/PathFinder_WP4_RegionalStakeholderWorkshopFIBanner_V4_08.09.2025_ELO.png\" target=\"_blank\" rel=\"noreferrer noopener\">Ilmoittaudu mukaan ty\u00f6pajaan<\/a><\/p>\n\n\n\n<p><a href=\"https:\/\/smy.fi\/metsapaivat\/wp-content\/uploads\/sites\/2\/2025\/10\/Participant-agenda_Helsinki.pdf\" target=\"_blank\" rel=\"noreferrer noopener\">Katso tarkempi ohjelma<\/a><\/p>\n\n\n\n<figure class=\"wp-block-image size-full is-resized\"><img loading=\"lazy\" decoding=\"async\" width=\"384\" height=\"827\" src=\"https:\/\/smy.fi\/metsapaivat\/wp-content\/uploads\/sites\/2\/2025\/09\/A3E2E569-EFB1-4835-8966-DAF7AA2236B1.png\" alt=\"\" class=\"wp-image-3425\" style=\"width:583px;height:auto\" srcset=\"https:\/\/smy.fi\/metsapaivat\/wp-content\/uploads\/sites\/2\/2025\/09\/A3E2E569-EFB1-4835-8966-DAF7AA2236B1.png 384w, https:\/\/smy.fi\/metsapaivat\/wp-content\/uploads\/sites\/2\/2025\/09\/A3E2E569-EFB1-4835-8966-DAF7AA2236B1-279x600.png 279w\" sizes=\"auto, (max-width: 384px) 100vw, 384px\" \/><\/figure>\n\n\n\n<p><\/p>\n","protected":false},"excerpt":{"rendered":"<p>Keskiviikko 22.10. Klo 8.30\u201310.50 Seminaari, Suomen Mets\u00e4keskusPaikka: Pikku-Finlandia, Honka-sali | Karamzininranta 4, Helsinki (my\u00f6s et\u00e4yhteys) AVOIMEN METS\u00c4- JA LUONTOTIEDON TUOTANNON UUDET TEKNOLOGIAT JAINNOVAATIOT Avoin mets\u00e4- ja luontotieto tarjoaa vankan perustan kest\u00e4v\u00e4lle ja suunnitelmalliselle metsienk\u00e4yt\u00f6lle Suomessa. Mets\u00e4tiedon tuotanto perustuu kaukokartoitukseen ja kohdennettuihinmaastokoealoihin. Koealamittaukset tehd\u00e4\u00e4n maastossa edelleen perinteisin mittausv\u00e4linein.Teknologian kehittyess\u00e4 n\u00e4it\u00e4 kalliita mittaustapoja voidaan tulevaisuudessa korvata uudenlaisillamenetelmill\u00e4,&#8230;<\/p>\n","protected":false},"author":5,"featured_media":0,"parent":1689,"menu_order":5,"comment_status":"closed","ping_status":"closed","template":"","meta":{"_acf_changed":false,"footnotes":""},"class_list":["post-2231","page","type-page","status-publish","hentry"],"acf":[],"yoast_head":"<!-- This site is optimized with the Yoast SEO plugin v27.0 - https:\/\/yoast.com\/product\/yoast-seo-wordpress\/ -->\n<title>Ohjelma | Sidosryhm\u00e4tilaisuudet - Mets\u00e4p\u00e4iv\u00e4t<\/title>\n<meta name=\"robots\" content=\"index, follow, max-snippet:-1, max-image-preview:large, max-video-preview:-1\" \/>\n<link rel=\"canonical\" href=\"https:\/\/smy.fi\/metsapaivat\/ohjelma\/sidosryhmatilaisuudet\/\" \/>\n<meta property=\"og:locale\" content=\"fi_FI\" \/>\n<meta property=\"og:type\" content=\"article\" \/>\n<meta property=\"og:title\" content=\"Ohjelma | Sidosryhm\u00e4tilaisuudet - Mets\u00e4p\u00e4iv\u00e4t\" \/>\n<meta property=\"og:description\" content=\"Keskiviikko 22.10. Klo 8.30\u201310.50 Seminaari, Suomen Mets\u00e4keskusPaikka: Pikku-Finlandia, Honka-sali | Karamzininranta 4, Helsinki (my\u00f6s et\u00e4yhteys) AVOIMEN METS\u00c4- JA LUONTOTIEDON TUOTANNON UUDET TEKNOLOGIAT JAINNOVAATIOT Avoin mets\u00e4- ja luontotieto tarjoaa vankan perustan kest\u00e4v\u00e4lle ja suunnitelmalliselle metsienk\u00e4yt\u00f6lle Suomessa. Mets\u00e4tiedon tuotanto perustuu kaukokartoitukseen ja kohdennettuihinmaastokoealoihin. Koealamittaukset tehd\u00e4\u00e4n maastossa edelleen perinteisin mittausv\u00e4linein.Teknologian kehittyess\u00e4 n\u00e4it\u00e4 kalliita mittaustapoja voidaan tulevaisuudessa korvata uudenlaisillamenetelmill\u00e4,...\" \/>\n<meta property=\"og:url\" content=\"https:\/\/smy.fi\/metsapaivat\/ohjelma\/sidosryhmatilaisuudet\/\" \/>\n<meta property=\"og:site_name\" content=\"Mets\u00e4p\u00e4iv\u00e4t\" \/>\n<meta property=\"article:modified_time\" content=\"2025-10-03T16:46:31+00:00\" \/>\n<meta property=\"og:image\" content=\"https:\/\/smy.fi\/metsapaivat\/wp-content\/uploads\/sites\/2\/2025\/10\/Metsakeskus-logo-pdf-vaaka-1-pieni.jpg\" \/>\n\t<meta property=\"og:image:width\" content=\"400\" \/>\n\t<meta property=\"og:image:height\" content=\"117\" \/>\n\t<meta property=\"og:image:type\" content=\"image\/jpeg\" \/>\n<meta name=\"twitter:card\" content=\"summary_large_image\" \/>\n<meta name=\"twitter:label1\" content=\"Est. reading time\" \/>\n\t<meta name=\"twitter:data1\" content=\"4 minuuttia\" \/>\n<script type=\"application\/ld+json\" class=\"yoast-schema-graph\">{\"@context\":\"https:\/\/schema.org\",\"@graph\":[{\"@type\":\"WebPage\",\"@id\":\"https:\/\/smy.fi\/metsapaivat\/ohjelma\/sidosryhmatilaisuudet\/\",\"url\":\"https:\/\/smy.fi\/metsapaivat\/ohjelma\/sidosryhmatilaisuudet\/\",\"name\":\"Ohjelma | Sidosryhm\u00e4tilaisuudet - Mets\u00e4p\u00e4iv\u00e4t\",\"isPartOf\":{\"@id\":\"https:\/\/smy.fi\/metsapaivat\/#website\"},\"primaryImageOfPage\":{\"@id\":\"https:\/\/smy.fi\/metsapaivat\/ohjelma\/sidosryhmatilaisuudet\/#primaryimage\"},\"image\":{\"@id\":\"https:\/\/smy.fi\/metsapaivat\/ohjelma\/sidosryhmatilaisuudet\/#primaryimage\"},\"thumbnailUrl\":\"https:\/\/smy.fi\/metsapaivat\/wp-content\/uploads\/sites\/2\/2025\/10\/Metsakeskus-logo-pdf-vaaka-1-pieni.jpg\",\"datePublished\":\"2024-09-18T16:00:14+00:00\",\"dateModified\":\"2025-10-03T16:46:31+00:00\",\"breadcrumb\":{\"@id\":\"https:\/\/smy.fi\/metsapaivat\/ohjelma\/sidosryhmatilaisuudet\/#breadcrumb\"},\"inLanguage\":\"fi\",\"potentialAction\":[{\"@type\":\"ReadAction\",\"target\":[\"https:\/\/smy.fi\/metsapaivat\/ohjelma\/sidosryhmatilaisuudet\/\"]}]},{\"@type\":\"ImageObject\",\"inLanguage\":\"fi\",\"@id\":\"https:\/\/smy.fi\/metsapaivat\/ohjelma\/sidosryhmatilaisuudet\/#primaryimage\",\"url\":\"https:\/\/smy.fi\/metsapaivat\/wp-content\/uploads\/sites\/2\/2025\/10\/Metsakeskus-logo-pdf-vaaka-1-pieni.jpg\",\"contentUrl\":\"https:\/\/smy.fi\/metsapaivat\/wp-content\/uploads\/sites\/2\/2025\/10\/Metsakeskus-logo-pdf-vaaka-1-pieni.jpg\",\"width\":400,\"height\":117},{\"@type\":\"BreadcrumbList\",\"@id\":\"https:\/\/smy.fi\/metsapaivat\/ohjelma\/sidosryhmatilaisuudet\/#breadcrumb\",\"itemListElement\":[{\"@type\":\"ListItem\",\"position\":1,\"name\":\"Home\",\"item\":\"https:\/\/smy.fi\/metsapaivat\/\"},{\"@type\":\"ListItem\",\"position\":2,\"name\":\"Ohjelma\",\"item\":\"https:\/\/smy.fi\/metsapaivat\/?page_id=1689\"},{\"@type\":\"ListItem\",\"position\":3,\"name\":\"Ohjelma | Sidosryhm\u00e4tilaisuudet\"}]},{\"@type\":\"WebSite\",\"@id\":\"https:\/\/smy.fi\/metsapaivat\/#website\",\"url\":\"https:\/\/smy.fi\/metsapaivat\/\",\"name\":\"Mets\u00e4p\u00e4iv\u00e4t\",\"description\":\"Uusi SMY Sites -sivusto\",\"potentialAction\":[{\"@type\":\"SearchAction\",\"target\":{\"@type\":\"EntryPoint\",\"urlTemplate\":\"https:\/\/smy.fi\/metsapaivat\/?s={search_term_string}\"},\"query-input\":{\"@type\":\"PropertyValueSpecification\",\"valueRequired\":true,\"valueName\":\"search_term_string\"}}],\"inLanguage\":\"fi\"}]}<\/script>\n<!-- \/ Yoast SEO plugin. -->","yoast_head_json":{"title":"Ohjelma | Sidosryhm\u00e4tilaisuudet - Mets\u00e4p\u00e4iv\u00e4t","robots":{"index":"index","follow":"follow","max-snippet":"max-snippet:-1","max-image-preview":"max-image-preview:large","max-video-preview":"max-video-preview:-1"},"canonical":"https:\/\/smy.fi\/metsapaivat\/ohjelma\/sidosryhmatilaisuudet\/","og_locale":"fi_FI","og_type":"article","og_title":"Ohjelma | Sidosryhm\u00e4tilaisuudet - Mets\u00e4p\u00e4iv\u00e4t","og_description":"Keskiviikko 22.10. Klo 8.30\u201310.50 Seminaari, Suomen Mets\u00e4keskusPaikka: Pikku-Finlandia, Honka-sali | Karamzininranta 4, Helsinki (my\u00f6s et\u00e4yhteys) AVOIMEN METS\u00c4- JA LUONTOTIEDON TUOTANNON UUDET TEKNOLOGIAT JAINNOVAATIOT Avoin mets\u00e4- ja luontotieto tarjoaa vankan perustan kest\u00e4v\u00e4lle ja suunnitelmalliselle metsienk\u00e4yt\u00f6lle Suomessa. Mets\u00e4tiedon tuotanto perustuu kaukokartoitukseen ja kohdennettuihinmaastokoealoihin. Koealamittaukset tehd\u00e4\u00e4n maastossa edelleen perinteisin mittausv\u00e4linein.Teknologian kehittyess\u00e4 n\u00e4it\u00e4 kalliita mittaustapoja voidaan tulevaisuudessa korvata uudenlaisillamenetelmill\u00e4,...","og_url":"https:\/\/smy.fi\/metsapaivat\/ohjelma\/sidosryhmatilaisuudet\/","og_site_name":"Mets\u00e4p\u00e4iv\u00e4t","article_modified_time":"2025-10-03T16:46:31+00:00","og_image":[{"width":400,"height":117,"url":"https:\/\/smy.fi\/metsapaivat\/wp-content\/uploads\/sites\/2\/2025\/10\/Metsakeskus-logo-pdf-vaaka-1-pieni.jpg","type":"image\/jpeg"}],"twitter_card":"summary_large_image","twitter_misc":{"Est. reading time":"4 minuuttia"},"schema":{"@context":"https:\/\/schema.org","@graph":[{"@type":"WebPage","@id":"https:\/\/smy.fi\/metsapaivat\/ohjelma\/sidosryhmatilaisuudet\/","url":"https:\/\/smy.fi\/metsapaivat\/ohjelma\/sidosryhmatilaisuudet\/","name":"Ohjelma | Sidosryhm\u00e4tilaisuudet - Mets\u00e4p\u00e4iv\u00e4t","isPartOf":{"@id":"https:\/\/smy.fi\/metsapaivat\/#website"},"primaryImageOfPage":{"@id":"https:\/\/smy.fi\/metsapaivat\/ohjelma\/sidosryhmatilaisuudet\/#primaryimage"},"image":{"@id":"https:\/\/smy.fi\/metsapaivat\/ohjelma\/sidosryhmatilaisuudet\/#primaryimage"},"thumbnailUrl":"https:\/\/smy.fi\/metsapaivat\/wp-content\/uploads\/sites\/2\/2025\/10\/Metsakeskus-logo-pdf-vaaka-1-pieni.jpg","datePublished":"2024-09-18T16:00:14+00:00","dateModified":"2025-10-03T16:46:31+00:00","breadcrumb":{"@id":"https:\/\/smy.fi\/metsapaivat\/ohjelma\/sidosryhmatilaisuudet\/#breadcrumb"},"inLanguage":"fi","potentialAction":[{"@type":"ReadAction","target":["https:\/\/smy.fi\/metsapaivat\/ohjelma\/sidosryhmatilaisuudet\/"]}]},{"@type":"ImageObject","inLanguage":"fi","@id":"https:\/\/smy.fi\/metsapaivat\/ohjelma\/sidosryhmatilaisuudet\/#primaryimage","url":"https:\/\/smy.fi\/metsapaivat\/wp-content\/uploads\/sites\/2\/2025\/10\/Metsakeskus-logo-pdf-vaaka-1-pieni.jpg","contentUrl":"https:\/\/smy.fi\/metsapaivat\/wp-content\/uploads\/sites\/2\/2025\/10\/Metsakeskus-logo-pdf-vaaka-1-pieni.jpg","width":400,"height":117},{"@type":"BreadcrumbList","@id":"https:\/\/smy.fi\/metsapaivat\/ohjelma\/sidosryhmatilaisuudet\/#breadcrumb","itemListElement":[{"@type":"ListItem","position":1,"name":"Home","item":"https:\/\/smy.fi\/metsapaivat\/"},{"@type":"ListItem","position":2,"name":"Ohjelma","item":"https:\/\/smy.fi\/metsapaivat\/?page_id=1689"},{"@type":"ListItem","position":3,"name":"Ohjelma | Sidosryhm\u00e4tilaisuudet"}]},{"@type":"WebSite","@id":"https:\/\/smy.fi\/metsapaivat\/#website","url":"https:\/\/smy.fi\/metsapaivat\/","name":"Mets\u00e4p\u00e4iv\u00e4t","description":"Uusi SMY Sites -sivusto","potentialAction":[{"@type":"SearchAction","target":{"@type":"EntryPoint","urlTemplate":"https:\/\/smy.fi\/metsapaivat\/?s={search_term_string}"},"query-input":{"@type":"PropertyValueSpecification","valueRequired":true,"valueName":"search_term_string"}}],"inLanguage":"fi"}]}},"_links":{"self":[{"href":"https:\/\/smy.fi\/metsapaivat\/wp-json\/wp\/v2\/pages\/2231","targetHints":{"allow":["GET"]}}],"collection":[{"href":"https:\/\/smy.fi\/metsapaivat\/wp-json\/wp\/v2\/pages"}],"about":[{"href":"https:\/\/smy.fi\/metsapaivat\/wp-json\/wp\/v2\/types\/page"}],"author":[{"embeddable":true,"href":"https:\/\/smy.fi\/metsapaivat\/wp-json\/wp\/v2\/users\/5"}],"replies":[{"embeddable":true,"href":"https:\/\/smy.fi\/metsapaivat\/wp-json\/wp\/v2\/comments?post=2231"}],"version-history":[{"count":0,"href":"https:\/\/smy.fi\/metsapaivat\/wp-json\/wp\/v2\/pages\/2231\/revisions"}],"up":[{"embeddable":true,"href":"https:\/\/smy.fi\/metsapaivat\/wp-json\/wp\/v2\/pages\/1689"}],"wp:attachment":[{"href":"https:\/\/smy.fi\/metsapaivat\/wp-json\/wp\/v2\/media?parent=2231"}],"curies":[{"name":"wp","href":"https:\/\/api.w.org\/{rel}","templated":true}]}}