{"id":2579,"date":"2024-10-16T15:41:45","date_gmt":"2024-10-16T12:41:45","guid":{"rendered":"https:\/\/smyfi.wpenginepowered.com\/metsapaivat\/?page_id=2579"},"modified":"2024-11-12T12:59:49","modified_gmt":"2024-11-12T10:59:49","slug":"ohjelmantarjoajat","status":"publish","type":"page","link":"https:\/\/smy.fi\/metsapaivat\/ohjelmantarjoajat\/","title":{"rendered":"Ohjelmantarjoajat"},"content":{"rendered":"\n<p class=\"has-text-align-center is-style-lead-text\">Mets\u00e4p\u00e4iv\u00e4t rakennetaan yhdess\u00e4 yhteisty\u00f6kumppaneiden kanssa. <\/p>\n\n\n\n<p>Mets\u00e4p\u00e4ivien 2025 suunnittelu k\u00e4ynnistyy tammikuussa. Haluatko tulla mukaan rakentamaan mets\u00e4alan syksyn suurinta tapahtumaa? Jos, niin ota yhteytt\u00e4: Kaarina Aro, projektip\u00e4\u00e4llikk\u00f6, kaarina.aro@smy.fi, p. 050-374 5677. Tervetuloa mukaan!<\/p>\n\n\n\n<p class=\"has-text-align-center is-style-lead-text\">Mets\u00e4p\u00e4ivill\u00e4 2024 oli mukana yli 40 kumppania ja 70 puhujaa.<\/p>\n\n\n\n<figure class=\"wp-block-image size-large\"><img loading=\"lazy\" decoding=\"async\" width=\"942\" height=\"1024\" src=\"http:\/\/smy.fi\/metsapaivat\/wp-content\/uploads\/sites\/2\/2024\/10\/Kumppaneiden-logot-2024_pysty-942x1024.jpg\" alt=\"\" class=\"wp-image-2580\" srcset=\"https:\/\/smy.fi\/metsapaivat\/wp-content\/uploads\/sites\/2\/2024\/10\/Kumppaneiden-logot-2024_pysty-942x1024.jpg 942w, https:\/\/smy.fi\/metsapaivat\/wp-content\/uploads\/sites\/2\/2024\/10\/Kumppaneiden-logot-2024_pysty-846x920.jpg 846w, https:\/\/smy.fi\/metsapaivat\/wp-content\/uploads\/sites\/2\/2024\/10\/Kumppaneiden-logot-2024_pysty-552x600.jpg 552w, https:\/\/smy.fi\/metsapaivat\/wp-content\/uploads\/sites\/2\/2024\/10\/Kumppaneiden-logot-2024_pysty-768x835.jpg 768w, https:\/\/smy.fi\/metsapaivat\/wp-content\/uploads\/sites\/2\/2024\/10\/Kumppaneiden-logot-2024_pysty-1413x1536.jpg 1413w, https:\/\/smy.fi\/metsapaivat\/wp-content\/uploads\/sites\/2\/2024\/10\/Kumppaneiden-logot-2024_pysty-1883x2048.jpg 1883w\" sizes=\"auto, (max-width: 942px) 100vw, 942px\" \/><\/figure>\n","protected":false},"excerpt":{"rendered":"<p>Mets\u00e4p\u00e4iv\u00e4t rakennetaan yhdess\u00e4 yhteisty\u00f6kumppaneiden kanssa. Mets\u00e4p\u00e4ivien 2025 suunnittelu k\u00e4ynnistyy tammikuussa. Haluatko tulla mukaan rakentamaan mets\u00e4alan syksyn suurinta tapahtumaa? Jos, niin ota yhteytt\u00e4: Kaarina Aro, projektip\u00e4\u00e4llikk\u00f6, kaarina.aro@smy.fi, p. 050-374 5677. Tervetuloa mukaan! Mets\u00e4p\u00e4ivill\u00e4 2024 oli mukana yli 40 kumppania ja 70 puhujaa.<\/p>\n","protected":false},"author":5,"featured_media":0,"parent":0,"menu_order":0,"comment_status":"closed","ping_status":"closed","template":"","meta":{"_acf_changed":false,"footnotes":""},"class_list":["post-2579","page","type-page","status-publish","hentry"],"acf":[],"yoast_head":"<!-- This site is optimized with the Yoast SEO plugin v27.0 - https:\/\/yoast.com\/product\/yoast-seo-wordpress\/ -->\n<title>Ohjelmantarjoajat - Mets\u00e4p\u00e4iv\u00e4t<\/title>\n<meta name=\"robots\" content=\"index, follow, max-snippet:-1, max-image-preview:large, max-video-preview:-1\" \/>\n<link rel=\"canonical\" href=\"https:\/\/smy.fi\/metsapaivat\/ohjelmantarjoajat\/\" \/>\n<meta property=\"og:locale\" content=\"fi_FI\" \/>\n<meta property=\"og:type\" content=\"article\" \/>\n<meta property=\"og:title\" content=\"Ohjelmantarjoajat - Mets\u00e4p\u00e4iv\u00e4t\" \/>\n<meta property=\"og:description\" content=\"Mets\u00e4p\u00e4iv\u00e4t rakennetaan yhdess\u00e4 yhteisty\u00f6kumppaneiden kanssa. Mets\u00e4p\u00e4ivien 2025 suunnittelu k\u00e4ynnistyy tammikuussa. Haluatko tulla mukaan rakentamaan mets\u00e4alan syksyn suurinta tapahtumaa? Jos, niin ota yhteytt\u00e4: Kaarina Aro, projektip\u00e4\u00e4llikk\u00f6, kaarina.aro@smy.fi, p. 050-374 5677. Tervetuloa mukaan! Mets\u00e4p\u00e4ivill\u00e4 2024 oli mukana yli 40 kumppania ja 70 puhujaa.\" \/>\n<meta property=\"og:url\" content=\"https:\/\/smy.fi\/metsapaivat\/ohjelmantarjoajat\/\" \/>\n<meta property=\"og:site_name\" content=\"Mets\u00e4p\u00e4iv\u00e4t\" \/>\n<meta property=\"article:modified_time\" content=\"2024-11-12T10:59:49+00:00\" \/>\n<meta property=\"og:image\" content=\"http:\/\/smy.fi\/metsapaivat\/wp-content\/uploads\/sites\/2\/2024\/10\/Kumppaneiden-logot-2024_pysty-942x1024.jpg\" \/>\n<meta name=\"twitter:card\" content=\"summary_large_image\" \/>\n<meta name=\"twitter:label1\" content=\"Est. reading time\" \/>\n\t<meta name=\"twitter:data1\" content=\"1 minuutti\" \/>\n<script type=\"application\/ld+json\" class=\"yoast-schema-graph\">{\"@context\":\"https:\/\/schema.org\",\"@graph\":[{\"@type\":\"WebPage\",\"@id\":\"https:\/\/smy.fi\/metsapaivat\/ohjelmantarjoajat\/\",\"url\":\"https:\/\/smy.fi\/metsapaivat\/ohjelmantarjoajat\/\",\"name\":\"Ohjelmantarjoajat - Mets\u00e4p\u00e4iv\u00e4t\",\"isPartOf\":{\"@id\":\"https:\/\/smy.fi\/metsapaivat\/#website\"},\"primaryImageOfPage\":{\"@id\":\"https:\/\/smy.fi\/metsapaivat\/ohjelmantarjoajat\/#primaryimage\"},\"image\":{\"@id\":\"https:\/\/smy.fi\/metsapaivat\/ohjelmantarjoajat\/#primaryimage\"},\"thumbnailUrl\":\"http:\/\/smy.fi\/metsapaivat\/wp-content\/uploads\/sites\/2\/2024\/10\/Kumppaneiden-logot-2024_pysty-942x1024.jpg\",\"datePublished\":\"2024-10-16T12:41:45+00:00\",\"dateModified\":\"2024-11-12T10:59:49+00:00\",\"breadcrumb\":{\"@id\":\"https:\/\/smy.fi\/metsapaivat\/ohjelmantarjoajat\/#breadcrumb\"},\"inLanguage\":\"fi\",\"potentialAction\":[{\"@type\":\"ReadAction\",\"target\":[\"https:\/\/smy.fi\/metsapaivat\/ohjelmantarjoajat\/\"]}]},{\"@type\":\"ImageObject\",\"inLanguage\":\"fi\",\"@id\":\"https:\/\/smy.fi\/metsapaivat\/ohjelmantarjoajat\/#primaryimage\",\"url\":\"https:\/\/smy.fi\/metsapaivat\/wp-content\/uploads\/sites\/2\/2024\/10\/Kumppaneiden-logot-2024_pysty.jpg\",\"contentUrl\":\"https:\/\/smy.fi\/metsapaivat\/wp-content\/uploads\/sites\/2\/2024\/10\/Kumppaneiden-logot-2024_pysty.jpg\",\"width\":2334,\"height\":2538},{\"@type\":\"BreadcrumbList\",\"@id\":\"https:\/\/smy.fi\/metsapaivat\/ohjelmantarjoajat\/#breadcrumb\",\"itemListElement\":[{\"@type\":\"ListItem\",\"position\":1,\"name\":\"Home\",\"item\":\"https:\/\/smy.fi\/metsapaivat\/\"},{\"@type\":\"ListItem\",\"position\":2,\"name\":\"Ohjelmantarjoajat\"}]},{\"@type\":\"WebSite\",\"@id\":\"https:\/\/smy.fi\/metsapaivat\/#website\",\"url\":\"https:\/\/smy.fi\/metsapaivat\/\",\"name\":\"Mets\u00e4p\u00e4iv\u00e4t\",\"description\":\"Uusi SMY Sites -sivusto\",\"potentialAction\":[{\"@type\":\"SearchAction\",\"target\":{\"@type\":\"EntryPoint\",\"urlTemplate\":\"https:\/\/smy.fi\/metsapaivat\/?s={search_term_string}\"},\"query-input\":{\"@type\":\"PropertyValueSpecification\",\"valueRequired\":true,\"valueName\":\"search_term_string\"}}],\"inLanguage\":\"fi\"}]}<\/script>\n<!-- \/ Yoast SEO plugin. -->","yoast_head_json":{"title":"Ohjelmantarjoajat - Mets\u00e4p\u00e4iv\u00e4t","robots":{"index":"index","follow":"follow","max-snippet":"max-snippet:-1","max-image-preview":"max-image-preview:large","max-video-preview":"max-video-preview:-1"},"canonical":"https:\/\/smy.fi\/metsapaivat\/ohjelmantarjoajat\/","og_locale":"fi_FI","og_type":"article","og_title":"Ohjelmantarjoajat - Mets\u00e4p\u00e4iv\u00e4t","og_description":"Mets\u00e4p\u00e4iv\u00e4t rakennetaan yhdess\u00e4 yhteisty\u00f6kumppaneiden kanssa. Mets\u00e4p\u00e4ivien 2025 suunnittelu k\u00e4ynnistyy tammikuussa. Haluatko tulla mukaan rakentamaan mets\u00e4alan syksyn suurinta tapahtumaa? Jos, niin ota yhteytt\u00e4: Kaarina Aro, projektip\u00e4\u00e4llikk\u00f6, kaarina.aro@smy.fi, p. 050-374 5677. Tervetuloa mukaan! Mets\u00e4p\u00e4ivill\u00e4 2024 oli mukana yli 40 kumppania ja 70 puhujaa.","og_url":"https:\/\/smy.fi\/metsapaivat\/ohjelmantarjoajat\/","og_site_name":"Mets\u00e4p\u00e4iv\u00e4t","article_modified_time":"2024-11-12T10:59:49+00:00","og_image":[{"url":"http:\/\/smy.fi\/metsapaivat\/wp-content\/uploads\/sites\/2\/2024\/10\/Kumppaneiden-logot-2024_pysty-942x1024.jpg","type":"","width":"","height":""}],"twitter_card":"summary_large_image","twitter_misc":{"Est. reading time":"1 minuutti"},"schema":{"@context":"https:\/\/schema.org","@graph":[{"@type":"WebPage","@id":"https:\/\/smy.fi\/metsapaivat\/ohjelmantarjoajat\/","url":"https:\/\/smy.fi\/metsapaivat\/ohjelmantarjoajat\/","name":"Ohjelmantarjoajat - Mets\u00e4p\u00e4iv\u00e4t","isPartOf":{"@id":"https:\/\/smy.fi\/metsapaivat\/#website"},"primaryImageOfPage":{"@id":"https:\/\/smy.fi\/metsapaivat\/ohjelmantarjoajat\/#primaryimage"},"image":{"@id":"https:\/\/smy.fi\/metsapaivat\/ohjelmantarjoajat\/#primaryimage"},"thumbnailUrl":"http:\/\/smy.fi\/metsapaivat\/wp-content\/uploads\/sites\/2\/2024\/10\/Kumppaneiden-logot-2024_pysty-942x1024.jpg","datePublished":"2024-10-16T12:41:45+00:00","dateModified":"2024-11-12T10:59:49+00:00","breadcrumb":{"@id":"https:\/\/smy.fi\/metsapaivat\/ohjelmantarjoajat\/#breadcrumb"},"inLanguage":"fi","potentialAction":[{"@type":"ReadAction","target":["https:\/\/smy.fi\/metsapaivat\/ohjelmantarjoajat\/"]}]},{"@type":"ImageObject","inLanguage":"fi","@id":"https:\/\/smy.fi\/metsapaivat\/ohjelmantarjoajat\/#primaryimage","url":"https:\/\/smy.fi\/metsapaivat\/wp-content\/uploads\/sites\/2\/2024\/10\/Kumppaneiden-logot-2024_pysty.jpg","contentUrl":"https:\/\/smy.fi\/metsapaivat\/wp-content\/uploads\/sites\/2\/2024\/10\/Kumppaneiden-logot-2024_pysty.jpg","width":2334,"height":2538},{"@type":"BreadcrumbList","@id":"https:\/\/smy.fi\/metsapaivat\/ohjelmantarjoajat\/#breadcrumb","itemListElement":[{"@type":"ListItem","position":1,"name":"Home","item":"https:\/\/smy.fi\/metsapaivat\/"},{"@type":"ListItem","position":2,"name":"Ohjelmantarjoajat"}]},{"@type":"WebSite","@id":"https:\/\/smy.fi\/metsapaivat\/#website","url":"https:\/\/smy.fi\/metsapaivat\/","name":"Mets\u00e4p\u00e4iv\u00e4t","description":"Uusi SMY Sites -sivusto","potentialAction":[{"@type":"SearchAction","target":{"@type":"EntryPoint","urlTemplate":"https:\/\/smy.fi\/metsapaivat\/?s={search_term_string}"},"query-input":{"@type":"PropertyValueSpecification","valueRequired":true,"valueName":"search_term_string"}}],"inLanguage":"fi"}]}},"_links":{"self":[{"href":"https:\/\/smy.fi\/metsapaivat\/wp-json\/wp\/v2\/pages\/2579","targetHints":{"allow":["GET"]}}],"collection":[{"href":"https:\/\/smy.fi\/metsapaivat\/wp-json\/wp\/v2\/pages"}],"about":[{"href":"https:\/\/smy.fi\/metsapaivat\/wp-json\/wp\/v2\/types\/page"}],"author":[{"embeddable":true,"href":"https:\/\/smy.fi\/metsapaivat\/wp-json\/wp\/v2\/users\/5"}],"replies":[{"embeddable":true,"href":"https:\/\/smy.fi\/metsapaivat\/wp-json\/wp\/v2\/comments?post=2579"}],"version-history":[{"count":0,"href":"https:\/\/smy.fi\/metsapaivat\/wp-json\/wp\/v2\/pages\/2579\/revisions"}],"wp:attachment":[{"href":"https:\/\/smy.fi\/metsapaivat\/wp-json\/wp\/v2\/media?parent=2579"}],"curies":[{"name":"wp","href":"https:\/\/api.w.org\/{rel}","templated":true}]}}