{"id":29,"date":"2022-11-22T09:51:32","date_gmt":"2022-11-22T07:51:32","guid":{"rendered":"https:\/\/smyfi.wpenginepowered.com\/metsapaivat\/?page_id=29"},"modified":"2026-02-06T20:49:37","modified_gmt":"2026-02-06T18:49:37","slug":"tapahtumapaikka","status":"publish","type":"page","link":"https:\/\/smy.fi\/metsapaivat\/tapahtumapaikka\/","title":{"rendered":"Tapahtumapaikka \/ Clarion Airport"},"content":{"rendered":"\n<p class=\"is-style-lead-text\">Paikka: Hotelli Clarion Helsinki Airport, Taivastie 3, 01530&nbsp;Vantaa<br>Aika: 22.\u201323.10.2026<\/p>\n\n\n\n<figure class=\"wp-block-image size-large\"><img loading=\"lazy\" decoding=\"async\" width=\"1024\" height=\"495\" src=\"http:\/\/smy.fi\/metsapaivat\/wp-content\/uploads\/sites\/2\/2023\/11\/Havainnekuva-Clarion-Hotel-AIRPORT-2024-1024x495.jpg\" alt=\"Mets\u00e4p\u00e4iv\u00e4t 2024 kokoaa mets\u00e4alan asiantuntijat sek\u00e4 t\u00e4n\u00e4 vuonna my\u00f6s suuren yleis\u00f6n ja mets\u00e4nomistajat upouuteen Clarion Helsinki Airport -hotelliin 24.\u201326.10.2024. Ohjelma julkaistaan alkusyksyst\u00e4, jolloin aukeaa my\u00f6s lipunmyynti. Havainnekuva Clarion Helsinki Airport -hotellista\" class=\"wp-image-1391\" srcset=\"https:\/\/smy.fi\/metsapaivat\/wp-content\/uploads\/sites\/2\/2023\/11\/Havainnekuva-Clarion-Hotel-AIRPORT-2024-1024x495.jpg 1024w, https:\/\/smy.fi\/metsapaivat\/wp-content\/uploads\/sites\/2\/2023\/11\/Havainnekuva-Clarion-Hotel-AIRPORT-2024-920x445.jpg 920w, https:\/\/smy.fi\/metsapaivat\/wp-content\/uploads\/sites\/2\/2023\/11\/Havainnekuva-Clarion-Hotel-AIRPORT-2024-600x290.jpg 600w, https:\/\/smy.fi\/metsapaivat\/wp-content\/uploads\/sites\/2\/2023\/11\/Havainnekuva-Clarion-Hotel-AIRPORT-2024-768x371.jpg 768w, https:\/\/smy.fi\/metsapaivat\/wp-content\/uploads\/sites\/2\/2023\/11\/Havainnekuva-Clarion-Hotel-AIRPORT-2024.jpg 1450w\" sizes=\"auto, (max-width: 1024px) 100vw, 1024px\" \/><figcaption class=\"wp-element-caption\"> <strong>Havainnekuva Clarion Helsinki Airport -hotellista.<\/strong><\/figcaption><\/figure>\n\n\n\n<p>Mets\u00e4p\u00e4iv\u00e4t j\u00e4rjestet\u00e4\u00e4n t\u00e4n\u00e4 vuonna Clarion Hotel Helsinki Airport -hotellissa. Hotelli sijaitsee Helsinki-Vantaan lentoaseman saapuvien aulan v\u00e4litt\u00f6m\u00e4ss\u00e4 l\u00e4heisyydess\u00e4, hyvien yhteyksien \u00e4\u00e4rell\u00e4. <\/p>\n\n\n\n<p>Moderniin vuonna 2024 valmistuneeseen konferenssi- ja tapahtumatilaan mahtuu kerralla 800 henke\u00e4. Hotellissa on 19 kokoushuonetta, jotka soveltuvat sidosryhmien erikokoisiin tapahtumiin. N\u00e4k\u00f6alabaari ja<br>Sky Meeting Room -kokoustilat sijaitsevat 12. kerroksessa.<\/p>\n\n\n\n<figure class=\"wp-block-image size-full\"><img loading=\"lazy\" decoding=\"async\" width=\"783\" height=\"537\" src=\"https:\/\/smy.fi\/metsapaivat\/wp-content\/uploads\/sites\/2\/2026\/02\/Metsapaivat-22.\u201323.10.2026-ESITE.png\" alt=\"\" class=\"wp-image-3677\" srcset=\"https:\/\/smy.fi\/metsapaivat\/wp-content\/uploads\/sites\/2\/2026\/02\/Metsapaivat-22.\u201323.10.2026-ESITE.png 783w, https:\/\/smy.fi\/metsapaivat\/wp-content\/uploads\/sites\/2\/2026\/02\/Metsapaivat-22.\u201323.10.2026-ESITE-600x411.png 600w, https:\/\/smy.fi\/metsapaivat\/wp-content\/uploads\/sites\/2\/2026\/02\/Metsapaivat-22.\u201323.10.2026-ESITE-768x527.png 768w\" sizes=\"auto, (max-width: 783px) 100vw, 783px\" \/><\/figure>\n\n\n\n<div class=\"wp-block-columns is-layout-flex wp-container-core-columns-is-layout-9d6595d7 wp-block-columns-is-layout-flex\">\n<div class=\"wp-block-column is-layout-flow wp-block-column-is-layout-flow\">\n<h3 class=\"wp-block-heading\">Teemalavat<\/h3>\n\n\n\n<figure class=\"wp-block-image size-large\"><img loading=\"lazy\" decoding=\"async\" width=\"1024\" height=\"50\" src=\"https:\/\/smy.fi\/metsapaivat\/wp-content\/uploads\/sites\/2\/2023\/09\/Piirtoalusta-MP-vaalsin-1024x50.jpg\" alt=\"\" class=\"wp-image-907\" srcset=\"https:\/\/smy.fi\/metsapaivat\/wp-content\/uploads\/sites\/2\/2023\/09\/Piirtoalusta-MP-vaalsin-1024x50.jpg 1024w, https:\/\/smy.fi\/metsapaivat\/wp-content\/uploads\/sites\/2\/2023\/09\/Piirtoalusta-MP-vaalsin-920x45.jpg 920w, https:\/\/smy.fi\/metsapaivat\/wp-content\/uploads\/sites\/2\/2023\/09\/Piirtoalusta-MP-vaalsin-600x29.jpg 600w, https:\/\/smy.fi\/metsapaivat\/wp-content\/uploads\/sites\/2\/2023\/09\/Piirtoalusta-MP-vaalsin-768x37.jpg 768w, https:\/\/smy.fi\/metsapaivat\/wp-content\/uploads\/sites\/2\/2023\/09\/Piirtoalusta-MP-vaalsin-1536x75.jpg 1536w, https:\/\/smy.fi\/metsapaivat\/wp-content\/uploads\/sites\/2\/2023\/09\/Piirtoalusta-MP-vaalsin.jpg 1641w\" sizes=\"auto, (max-width: 1024px) 100vw, 1024px\" \/><\/figure>\n\n\n\n<p>Mets\u00e4p\u00e4ivien kahdella teemalavalla on k\u00e4yt\u00f6ss\u00e4 moderni kokoustekniikka. Kunkin puheenvuoron pituus on 25 minuuttia ja esitysten v\u00e4liss\u00e4 on<br>10 minuutin tauko.<\/p>\n<\/div>\n\n\n\n<div class=\"wp-block-column is-layout-flow wp-block-column-is-layout-flow\">\n<h3 class=\"wp-block-heading\">Keskustelulava<\/h3>\n\n\n\n<figure class=\"wp-block-image size-large is-resized\"><img loading=\"lazy\" decoding=\"async\" width=\"1024\" height=\"50\" src=\"https:\/\/smy.fi\/metsapaivat\/wp-content\/uploads\/sites\/2\/2023\/09\/MP-koralli-1-1024x50.jpg\" alt=\"\" class=\"wp-image-905\" style=\"width:410px;height:auto\" srcset=\"https:\/\/smy.fi\/metsapaivat\/wp-content\/uploads\/sites\/2\/2023\/09\/MP-koralli-1-1024x50.jpg 1024w, https:\/\/smy.fi\/metsapaivat\/wp-content\/uploads\/sites\/2\/2023\/09\/MP-koralli-1-920x45.jpg 920w, https:\/\/smy.fi\/metsapaivat\/wp-content\/uploads\/sites\/2\/2023\/09\/MP-koralli-1-600x29.jpg 600w, https:\/\/smy.fi\/metsapaivat\/wp-content\/uploads\/sites\/2\/2023\/09\/MP-koralli-1-768x37.jpg 768w, https:\/\/smy.fi\/metsapaivat\/wp-content\/uploads\/sites\/2\/2023\/09\/MP-koralli-1-1536x75.jpg 1536w, https:\/\/smy.fi\/metsapaivat\/wp-content\/uploads\/sites\/2\/2023\/09\/MP-koralli-1.jpg 1641w\" sizes=\"auto, (max-width: 1024px) 100vw, 1024px\" \/><\/figure>\n\n\n\n<p>Tapahtuman \u201cp\u00e4\u00e4lavana\u201d toimii t\u00e4ll\u00e4 kertaa keskustelulava. Keskustelulavan upea tila ja laadukas tekniikka mahdollistavat keskusteluille upeat puitteet. Keskusteluiden v\u00e4liss\u00e4 on 10 minuutin tauko.<\/p>\n<\/div>\n\n\n\n<div class=\"wp-block-column is-layout-flow wp-block-column-is-layout-flow\">\n<h3 class=\"wp-block-heading\">Messut<\/h3>\n\n\n\n<figure class=\"wp-block-image size-large\"><img loading=\"lazy\" decoding=\"async\" width=\"1024\" height=\"50\" src=\"https:\/\/smy.fi\/metsapaivat\/wp-content\/uploads\/sites\/2\/2023\/09\/Turkoosi-1024x50.jpg\" alt=\"\" class=\"wp-image-906\" srcset=\"https:\/\/smy.fi\/metsapaivat\/wp-content\/uploads\/sites\/2\/2023\/09\/Turkoosi-1024x50.jpg 1024w, https:\/\/smy.fi\/metsapaivat\/wp-content\/uploads\/sites\/2\/2023\/09\/Turkoosi-920x45.jpg 920w, https:\/\/smy.fi\/metsapaivat\/wp-content\/uploads\/sites\/2\/2023\/09\/Turkoosi-600x29.jpg 600w, https:\/\/smy.fi\/metsapaivat\/wp-content\/uploads\/sites\/2\/2023\/09\/Turkoosi-768x37.jpg 768w, https:\/\/smy.fi\/metsapaivat\/wp-content\/uploads\/sites\/2\/2023\/09\/Turkoosi-1536x75.jpg 1536w, https:\/\/smy.fi\/metsapaivat\/wp-content\/uploads\/sites\/2\/2023\/09\/Turkoosi.jpg 1641w\" sizes=\"auto, (max-width: 1024px) 100vw, 1024px\" \/><\/figure>\n\n\n\n<p>Mets\u00e4p\u00e4ivien messuille mahtuu jopa 30 osastoa. Osastoja voi my\u00f6s yhdist\u00e4\u00e4. Messut rakentuvat torstaina ja perjantaina kongressisiiven l\u00e4mpi\u00f6\u00f6n.<br>Perjantaina messujen keski\u00f6ss\u00e4 ovat erityisesti opiskelijat.<\/p>\n<\/div>\n<\/div>\n\n\n\n<h2 class=\"wp-block-heading\">Saapuminen julkisilla<\/h2>\n\n\n\n<p><strong>Julkinen liikenne&nbsp;Helsinki\u2013Vantaan lentoasemalle<\/strong><\/p>\n\n\n\n<p>Junat P ja I liikenn\u00f6iv\u00e4t Helsingin keskustan ja Helsinki\u2013Vantaan lentoaseman v\u00e4lill\u00e4, matka-aika on vain&nbsp;30 minuuttia.&nbsp;Lentokent\u00e4n juna-asemalta p\u00e4\u00e4set sis\u00e4kautta kautta hotelliin sek\u00e4 terminaaliin.&nbsp;Lis\u00e4ksi HSL:n lentokentt\u00e4bussi 600&nbsp;liikenn\u00f6i s\u00e4\u00e4nn\u00f6llisesti Helsingin rautatieasemalta lentoasemalle.<\/p>\n\n\n\n<p>Taksi: +358 01007300<\/p>\n\n\n\n<h2 class=\"wp-block-heading\">Pys\u00e4k\u00f6inti<\/h2>\n\n\n\n<p>Autolla saapuessasi seuraa lentoaseman opasteita ja l\u00f6yd\u00e4t perille. Hotellia l\u00e4himm\u00e4t pys\u00e4k\u00f6intihallit ovat P1\u2013P3.<\/p>\n\n\n\n<p>Lentoasemalla on yli 10 000 parkkipaikkaa, joista voit valita sinulle sopivimman. Hotellia l\u00e4himm\u00e4t pys\u00e4k\u00f6intihallit ovat P1\u20133. Kaikissa kolmessa hallissa on my\u00f6s latauspaikkoja s\u00e4hk\u00f6autoille. Pys\u00e4k\u00f6innin hinnat vaihtelevat pys\u00e4k\u00f6intipaikan mukaan. Varaa ja maksa paikka ennakkoon&nbsp;<a href=\"https:\/\/www.finavia.fi\/fi\/lentoasemat\/helsinki-vantaa\/pysakointi\" target=\"_blank\" rel=\"noreferrer noopener\">t\u00e4st\u00e4<\/a>.<\/p>\n\n\n\n<h2 class=\"wp-block-heading\">Majoittuminen<\/h2>\n\n\n\n<p>Clarion Hotel Helsinki Airportin lis\u00e4ksi majoituksen voi varata my\u00f6s samassa rakennuksessa toimivasta Comfort Hotel Helsinki Airportista, joka tarjoaa osallistujille majoituspalveluita edullisempaan hintaan.<\/p>\n\n\n\n<h2 class=\"wp-block-heading\">Tapahtumapaikan ja hotellin yhteystiedot<\/h2>\n\n\n<\/p>\n\n\n<p><strong>Osoite: <\/strong>Clarion Hotel Helsinki Airport, Taivastie 3, 01530&nbsp;Vantaa&nbsp;,&nbsp;Suomi<\/p>\n\n\n\n<p><strong>Puhelin:&nbsp;<\/strong>+358-942415610<\/p>\n\n\n\n<p><strong>S\u00e4hk\u00f6posti:<\/strong>&nbsp;<a href=\"mailto:cl.helsinki.airport@strawberry.fi\">cl.helsinki.airport@strawberry.fi<\/a><\/p>\n\n\n\n<p><strong>Myynti:<\/strong>&nbsp;Meeting &amp; Events Clarion Helsinki&nbsp;<a href=\"mailto:events.cl.helsinki@strawberry.fi\">events.cl.helsinki@strawberry.fi<\/a><\/p>\n\n\n\n<p><a href=\"https:\/\/www.strawberry.fi\/hotellit\/suomi\/helsinki-vantaan-lentoasema\/clarion-hotel-helsinki-airport\/\" target=\"_blank\" rel=\"noreferrer noopener\">Klikkaa t\u00e4st\u00e4 hotellin omille sivuille<\/a><\/p>\n","protected":false},"excerpt":{"rendered":"<p>Paikka: Hotelli Clarion Helsinki Airport, Taivastie 3, 01530&nbsp;VantaaAika: 22.\u201323.10.2026 Mets\u00e4p\u00e4iv\u00e4t j\u00e4rjestet\u00e4\u00e4n t\u00e4n\u00e4 vuonna Clarion Hotel Helsinki Airport -hotellissa. Hotelli sijaitsee Helsinki-Vantaan lentoaseman saapuvien aulan v\u00e4litt\u00f6m\u00e4ss\u00e4 l\u00e4heisyydess\u00e4, hyvien yhteyksien \u00e4\u00e4rell\u00e4. Moderniin vuonna 2024 valmistuneeseen konferenssi- ja tapahtumatilaan mahtuu kerralla 800 henke\u00e4. Hotellissa on 19 kokoushuonetta, jotka soveltuvat sidosryhmien erikokoisiin tapahtumiin. N\u00e4k\u00f6alabaari jaSky Meeting Room -kokoustilat sijaitsevat&#8230;<\/p>\n","protected":false},"author":5,"featured_media":0,"parent":0,"menu_order":0,"comment_status":"closed","ping_status":"closed","template":"","meta":{"_acf_changed":false,"footnotes":""},"class_list":["post-29","page","type-page","status-publish","hentry"],"acf":[],"yoast_head":"<!-- This site is optimized with the Yoast SEO plugin v27.0 - https:\/\/yoast.com\/product\/yoast-seo-wordpress\/ -->\n<title>Tapahtumapaikka \/ Clarion Airport - Mets\u00e4p\u00e4iv\u00e4t<\/title>\n<meta name=\"robots\" content=\"index, follow, max-snippet:-1, max-image-preview:large, max-video-preview:-1\" \/>\n<link rel=\"canonical\" href=\"https:\/\/smy.fi\/metsapaivat\/tapahtumapaikka\/\" \/>\n<meta property=\"og:locale\" content=\"fi_FI\" \/>\n<meta property=\"og:type\" content=\"article\" \/>\n<meta property=\"og:title\" content=\"Tapahtumapaikka \/ Clarion Airport - Mets\u00e4p\u00e4iv\u00e4t\" \/>\n<meta property=\"og:description\" content=\"Paikka: Hotelli Clarion Helsinki Airport, Taivastie 3, 01530&nbsp;VantaaAika: 22.\u201323.10.2026 Mets\u00e4p\u00e4iv\u00e4t j\u00e4rjestet\u00e4\u00e4n t\u00e4n\u00e4 vuonna Clarion Hotel Helsinki Airport -hotellissa. Hotelli sijaitsee Helsinki-Vantaan lentoaseman saapuvien aulan v\u00e4litt\u00f6m\u00e4ss\u00e4 l\u00e4heisyydess\u00e4, hyvien yhteyksien \u00e4\u00e4rell\u00e4. Moderniin vuonna 2024 valmistuneeseen konferenssi- ja tapahtumatilaan mahtuu kerralla 800 henke\u00e4. Hotellissa on 19 kokoushuonetta, jotka soveltuvat sidosryhmien erikokoisiin tapahtumiin. N\u00e4k\u00f6alabaari jaSky Meeting Room -kokoustilat sijaitsevat...\" \/>\n<meta property=\"og:url\" content=\"https:\/\/smy.fi\/metsapaivat\/tapahtumapaikka\/\" \/>\n<meta property=\"og:site_name\" content=\"Mets\u00e4p\u00e4iv\u00e4t\" \/>\n<meta property=\"article:modified_time\" content=\"2026-02-06T18:49:37+00:00\" \/>\n<meta property=\"og:image\" content=\"https:\/\/smy.fi\/metsapaivat\/wp-content\/uploads\/sites\/2\/2023\/11\/Havainnekuva-Clarion-Hotel-AIRPORT-2024.jpg\" \/>\n\t<meta property=\"og:image:width\" content=\"1450\" \/>\n\t<meta property=\"og:image:height\" content=\"701\" \/>\n\t<meta property=\"og:image:type\" content=\"image\/jpeg\" \/>\n<meta name=\"twitter:card\" content=\"summary_large_image\" \/>\n<meta name=\"twitter:label1\" content=\"Est. reading time\" \/>\n\t<meta name=\"twitter:data1\" content=\"3 minuuttia\" \/>\n<script type=\"application\/ld+json\" class=\"yoast-schema-graph\">{\"@context\":\"https:\/\/schema.org\",\"@graph\":[{\"@type\":\"WebPage\",\"@id\":\"https:\/\/smy.fi\/metsapaivat\/tapahtumapaikka\/\",\"url\":\"https:\/\/smy.fi\/metsapaivat\/tapahtumapaikka\/\",\"name\":\"Tapahtumapaikka \/ Clarion Airport - Mets\u00e4p\u00e4iv\u00e4t\",\"isPartOf\":{\"@id\":\"https:\/\/smy.fi\/metsapaivat\/#website\"},\"primaryImageOfPage\":{\"@id\":\"https:\/\/smy.fi\/metsapaivat\/tapahtumapaikka\/#primaryimage\"},\"image\":{\"@id\":\"https:\/\/smy.fi\/metsapaivat\/tapahtumapaikka\/#primaryimage\"},\"thumbnailUrl\":\"http:\/\/smy.fi\/metsapaivat\/wp-content\/uploads\/sites\/2\/2023\/11\/Havainnekuva-Clarion-Hotel-AIRPORT-2024-1024x495.jpg\",\"datePublished\":\"2022-11-22T07:51:32+00:00\",\"dateModified\":\"2026-02-06T18:49:37+00:00\",\"breadcrumb\":{\"@id\":\"https:\/\/smy.fi\/metsapaivat\/tapahtumapaikka\/#breadcrumb\"},\"inLanguage\":\"fi\",\"potentialAction\":[{\"@type\":\"ReadAction\",\"target\":[\"https:\/\/smy.fi\/metsapaivat\/tapahtumapaikka\/\"]}]},{\"@type\":\"ImageObject\",\"inLanguage\":\"fi\",\"@id\":\"https:\/\/smy.fi\/metsapaivat\/tapahtumapaikka\/#primaryimage\",\"url\":\"https:\/\/smy.fi\/metsapaivat\/wp-content\/uploads\/sites\/2\/2023\/11\/Havainnekuva-Clarion-Hotel-AIRPORT-2024.jpg\",\"contentUrl\":\"https:\/\/smy.fi\/metsapaivat\/wp-content\/uploads\/sites\/2\/2023\/11\/Havainnekuva-Clarion-Hotel-AIRPORT-2024.jpg\",\"width\":1450,\"height\":701,\"caption\":\"Havainnekuva Clarion Helsinki Airport -hotellista.\"},{\"@type\":\"BreadcrumbList\",\"@id\":\"https:\/\/smy.fi\/metsapaivat\/tapahtumapaikka\/#breadcrumb\",\"itemListElement\":[{\"@type\":\"ListItem\",\"position\":1,\"name\":\"Home\",\"item\":\"https:\/\/smy.fi\/metsapaivat\/\"},{\"@type\":\"ListItem\",\"position\":2,\"name\":\"Tapahtumapaikka \/ Clarion Airport\"}]},{\"@type\":\"WebSite\",\"@id\":\"https:\/\/smy.fi\/metsapaivat\/#website\",\"url\":\"https:\/\/smy.fi\/metsapaivat\/\",\"name\":\"Mets\u00e4p\u00e4iv\u00e4t\",\"description\":\"Uusi SMY Sites -sivusto\",\"potentialAction\":[{\"@type\":\"SearchAction\",\"target\":{\"@type\":\"EntryPoint\",\"urlTemplate\":\"https:\/\/smy.fi\/metsapaivat\/?s={search_term_string}\"},\"query-input\":{\"@type\":\"PropertyValueSpecification\",\"valueRequired\":true,\"valueName\":\"search_term_string\"}}],\"inLanguage\":\"fi\"}]}<\/script>\n<!-- \/ Yoast SEO plugin. -->","yoast_head_json":{"title":"Tapahtumapaikka \/ Clarion Airport - Mets\u00e4p\u00e4iv\u00e4t","robots":{"index":"index","follow":"follow","max-snippet":"max-snippet:-1","max-image-preview":"max-image-preview:large","max-video-preview":"max-video-preview:-1"},"canonical":"https:\/\/smy.fi\/metsapaivat\/tapahtumapaikka\/","og_locale":"fi_FI","og_type":"article","og_title":"Tapahtumapaikka \/ Clarion Airport - Mets\u00e4p\u00e4iv\u00e4t","og_description":"Paikka: Hotelli Clarion Helsinki Airport, Taivastie 3, 01530&nbsp;VantaaAika: 22.\u201323.10.2026 Mets\u00e4p\u00e4iv\u00e4t j\u00e4rjestet\u00e4\u00e4n t\u00e4n\u00e4 vuonna Clarion Hotel Helsinki Airport -hotellissa. Hotelli sijaitsee Helsinki-Vantaan lentoaseman saapuvien aulan v\u00e4litt\u00f6m\u00e4ss\u00e4 l\u00e4heisyydess\u00e4, hyvien yhteyksien \u00e4\u00e4rell\u00e4. Moderniin vuonna 2024 valmistuneeseen konferenssi- ja tapahtumatilaan mahtuu kerralla 800 henke\u00e4. Hotellissa on 19 kokoushuonetta, jotka soveltuvat sidosryhmien erikokoisiin tapahtumiin. N\u00e4k\u00f6alabaari jaSky Meeting Room -kokoustilat sijaitsevat...","og_url":"https:\/\/smy.fi\/metsapaivat\/tapahtumapaikka\/","og_site_name":"Mets\u00e4p\u00e4iv\u00e4t","article_modified_time":"2026-02-06T18:49:37+00:00","og_image":[{"width":1450,"height":701,"url":"https:\/\/smy.fi\/metsapaivat\/wp-content\/uploads\/sites\/2\/2023\/11\/Havainnekuva-Clarion-Hotel-AIRPORT-2024.jpg","type":"image\/jpeg"}],"twitter_card":"summary_large_image","twitter_misc":{"Est. reading time":"3 minuuttia"},"schema":{"@context":"https:\/\/schema.org","@graph":[{"@type":"WebPage","@id":"https:\/\/smy.fi\/metsapaivat\/tapahtumapaikka\/","url":"https:\/\/smy.fi\/metsapaivat\/tapahtumapaikka\/","name":"Tapahtumapaikka \/ Clarion Airport - Mets\u00e4p\u00e4iv\u00e4t","isPartOf":{"@id":"https:\/\/smy.fi\/metsapaivat\/#website"},"primaryImageOfPage":{"@id":"https:\/\/smy.fi\/metsapaivat\/tapahtumapaikka\/#primaryimage"},"image":{"@id":"https:\/\/smy.fi\/metsapaivat\/tapahtumapaikka\/#primaryimage"},"thumbnailUrl":"http:\/\/smy.fi\/metsapaivat\/wp-content\/uploads\/sites\/2\/2023\/11\/Havainnekuva-Clarion-Hotel-AIRPORT-2024-1024x495.jpg","datePublished":"2022-11-22T07:51:32+00:00","dateModified":"2026-02-06T18:49:37+00:00","breadcrumb":{"@id":"https:\/\/smy.fi\/metsapaivat\/tapahtumapaikka\/#breadcrumb"},"inLanguage":"fi","potentialAction":[{"@type":"ReadAction","target":["https:\/\/smy.fi\/metsapaivat\/tapahtumapaikka\/"]}]},{"@type":"ImageObject","inLanguage":"fi","@id":"https:\/\/smy.fi\/metsapaivat\/tapahtumapaikka\/#primaryimage","url":"https:\/\/smy.fi\/metsapaivat\/wp-content\/uploads\/sites\/2\/2023\/11\/Havainnekuva-Clarion-Hotel-AIRPORT-2024.jpg","contentUrl":"https:\/\/smy.fi\/metsapaivat\/wp-content\/uploads\/sites\/2\/2023\/11\/Havainnekuva-Clarion-Hotel-AIRPORT-2024.jpg","width":1450,"height":701,"caption":"Havainnekuva Clarion Helsinki Airport -hotellista."},{"@type":"BreadcrumbList","@id":"https:\/\/smy.fi\/metsapaivat\/tapahtumapaikka\/#breadcrumb","itemListElement":[{"@type":"ListItem","position":1,"name":"Home","item":"https:\/\/smy.fi\/metsapaivat\/"},{"@type":"ListItem","position":2,"name":"Tapahtumapaikka \/ Clarion Airport"}]},{"@type":"WebSite","@id":"https:\/\/smy.fi\/metsapaivat\/#website","url":"https:\/\/smy.fi\/metsapaivat\/","name":"Mets\u00e4p\u00e4iv\u00e4t","description":"Uusi SMY Sites -sivusto","potentialAction":[{"@type":"SearchAction","target":{"@type":"EntryPoint","urlTemplate":"https:\/\/smy.fi\/metsapaivat\/?s={search_term_string}"},"query-input":{"@type":"PropertyValueSpecification","valueRequired":true,"valueName":"search_term_string"}}],"inLanguage":"fi"}]}},"_links":{"self":[{"href":"https:\/\/smy.fi\/metsapaivat\/wp-json\/wp\/v2\/pages\/29","targetHints":{"allow":["GET"]}}],"collection":[{"href":"https:\/\/smy.fi\/metsapaivat\/wp-json\/wp\/v2\/pages"}],"about":[{"href":"https:\/\/smy.fi\/metsapaivat\/wp-json\/wp\/v2\/types\/page"}],"author":[{"embeddable":true,"href":"https:\/\/smy.fi\/metsapaivat\/wp-json\/wp\/v2\/users\/5"}],"replies":[{"embeddable":true,"href":"https:\/\/smy.fi\/metsapaivat\/wp-json\/wp\/v2\/comments?post=29"}],"version-history":[{"count":0,"href":"https:\/\/smy.fi\/metsapaivat\/wp-json\/wp\/v2\/pages\/29\/revisions"}],"wp:attachment":[{"href":"https:\/\/smy.fi\/metsapaivat\/wp-json\/wp\/v2\/media?parent=29"}],"curies":[{"name":"wp","href":"https:\/\/api.w.org\/{rel}","templated":true}]}}