{"id":3393,"date":"2025-09-08T12:52:02","date_gmt":"2025-09-08T09:52:02","guid":{"rendered":"https:\/\/smyfi.wpenginepowered.com\/metsapaivat\/?page_id=3393"},"modified":"2025-10-28T10:22:45","modified_gmt":"2025-10-28T08:22:45","slug":"kumppanit-2","status":"publish","type":"page","link":"https:\/\/smy.fi\/metsapaivat\/kumppanit-2\/","title":{"rendered":"Kumppanit"},"content":{"rendered":"\n<p class=\"is-style-lead-text\">Mets\u00e4p\u00e4iv\u00e4t 2025 rakennettiin yhdess\u00e4 yhteisty\u00f6kumppaneiden kanssa. Iso kiitos kaikille mukana olleille kumppaneille!<\/p>\n\n\n\n<h2 class=\"wp-block-heading\">P\u00e4\u00e4kumppanit<\/h2>\n\n\n\n<div class=\"wp-block-columns is-layout-flex wp-container-core-columns-is-layout-9d6595d7 wp-block-columns-is-layout-flex\">\n<div class=\"wp-block-column is-layout-flow wp-block-column-is-layout-flow\"><div class=\"wp-block-image\">\n<figure class=\"aligncenter size-full\"><img loading=\"lazy\" decoding=\"async\" width=\"227\" height=\"109\" src=\"http:\/\/smy.fi\/metsapaivat\/wp-content\/uploads\/sites\/2\/2025\/08\/sms.png\" alt=\"\" class=\"wp-image-3264\" \/><\/figure>\n<\/div>\n\n\n<div style=\"height:38px\" aria-hidden=\"true\" class=\"wp-block-spacer\"><\/div>\n\n\n\n<p><strong>Suomen Mets\u00e4s\u00e4\u00e4ti\u00f6<\/strong> juhlii t\u00e4n\u00e4 vuonna 30 vuotista taivaltaan. Suomen Mets\u00e4s\u00e4\u00e4ti\u00f6 juhlii t\u00e4n\u00e4 vuonna 30-vuotista taivaltaan. Mets\u00e4s\u00e4\u00e4ti\u00f6 on koko mets\u00e4alan yhteinen apurahas\u00e4\u00e4ti\u00f6, joka rakentaa mets\u00e4elinkeinolle menestyksek\u00e4st\u00e4 tulevaisuutta. Mets\u00e4s\u00e4\u00e4ti\u00f6 my\u00f6nt\u00e4\u00e4 vuosittain noin 2 miljoonaa euroa apurahoja. Apurahojen avulla kymmenet tuhannet lapset ja nuoret tutustuvat vuosittain metsiin ja niiden k\u00e4ytt\u00f6\u00f6n. Muita keskeisi\u00e4 rahoitusteemoja ovat mets\u00e4alan tutkimus, tiedepohjainen viestint\u00e4 sek\u00e4 mets\u00e4luontohankkeet.<\/p>\n\n\n\n<p><a href=\"https:\/\/www.metsasaatio.fi\/\">Tutustu Suomen Mets\u00e4s\u00e4\u00e4ti\u00f6\u00f6n<\/a><\/p>\n<\/div>\n\n\n\n<div class=\"wp-block-column is-layout-flow wp-block-column-is-layout-flow\"><div class=\"wp-block-image\">\n<figure class=\"aligncenter size-large is-resized\"><img loading=\"lazy\" decoding=\"async\" width=\"1024\" height=\"922\" src=\"http:\/\/smy.fi\/metsapaivat\/wp-content\/uploads\/sites\/2\/2025\/09\/aari_2_logo_green_2-1024x922.jpg\" alt=\"\" class=\"wp-image-3413\" style=\"width:165px;height:auto\" srcset=\"https:\/\/smy.fi\/metsapaivat\/wp-content\/uploads\/sites\/2\/2025\/09\/aari_2_logo_green_2-1024x922.jpg 1024w, https:\/\/smy.fi\/metsapaivat\/wp-content\/uploads\/sites\/2\/2025\/09\/aari_2_logo_green_2-920x828.jpg 920w, https:\/\/smy.fi\/metsapaivat\/wp-content\/uploads\/sites\/2\/2025\/09\/aari_2_logo_green_2-600x540.jpg 600w, https:\/\/smy.fi\/metsapaivat\/wp-content\/uploads\/sites\/2\/2025\/09\/aari_2_logo_green_2-768x691.jpg 768w, https:\/\/smy.fi\/metsapaivat\/wp-content\/uploads\/sites\/2\/2025\/09\/aari_2_logo_green_2.jpg 1134w\" sizes=\"auto, (max-width: 1024px) 100vw, 1024px\" \/><\/figure>\n<\/div>\n\n\n<p><strong>AARI Mets\u00e4 Oy<\/strong> keskittyy mets\u00e4tilojen hankintaan ja hallinnointiin luontoarvot huomioiden. Asiakkaitamme ovat mets\u00e4nomistajat, joille mets\u00e4n taloudellinen tuotto on t\u00e4rke\u00e4\u00e4, mutta ei hinnalla mill\u00e4 hyv\u00e4ns\u00e4. Mets\u00e4nhoitomallissamme yhdistyy tasapaino taloudellisen tuoton, luonnon monimuotoisuuden, metsien hiilensidonnan ja virkistysarvojen v\u00e4lill\u00e4.<\/p>\n\n\n\n<p>Toimimme pehtooreina seuraavissa yhteismetsiss\u00e4:&nbsp;<br><a href=\"https:\/\/eur01.safelinks.protection.outlook.com\/?url=https%3A%2F%2Faarimetsa.fi%2Fyhteismetsa%2F&amp;data=05%7C02%7Ckaarina.aro%40smy.fi%7C1754d6e712634bfcfe0d08ddde510662%7C86c9213b38a54576a88e86ff8e960b57%7C0%7C0%7C638911161787065581%7CUnknown%7CTWFpbGZsb3d8eyJFbXB0eU1hcGkiOnRydWUsIlYiOiIwLjAuMDAwMCIsIlAiOiJXaW4zMiIsIkFOIjoiTWFpbCIsIldUIjoyfQ%3D%3D%7C0%7C%7C%7C&amp;sdata=mkiBrfVJYsChei2mNkOCTFihOuCSBHlhbR4MAXI7jds%3D&amp;reserved=0\" target=\"_blank\" rel=\"noreferrer noopener\">AARI Yhteismets\u00e4<\/a>&nbsp;&amp; <a href=\"https:\/\/eur01.safelinks.protection.outlook.com\/?url=https%3A%2F%2Fwww.lahitapiola.fi%2Fhenkilo%2Fedut%2Fpalvelumme-metsanomistajille%2Fyhteismetsa&amp;data=05%7C02%7Ckaarina.aro%40smy.fi%7C1754d6e712634bfcfe0d08ddde510662%7C86c9213b38a54576a88e86ff8e960b57%7C0%7C0%7C638911161787086175%7CUnknown%7CTWFpbGZsb3d8eyJFbXB0eU1hcGkiOnRydWUsIlYiOiIwLjAuMDAwMCIsIlAiOiJXaW4zMiIsIkFOIjoiTWFpbCIsIldUIjoyfQ%3D%3D%7C0%7C%7C%7C&amp;sdata=ooPQ%2F8kBnp5m5pKBTfMxRk%2BgGUqQNFDV3FN7MXPr3P8%3D&amp;reserved=0\" target=\"_blank\" rel=\"noreferrer noopener\">L\u00e4hiTapiola Yhteismets\u00e4<\/a>&nbsp;<\/p>\n\n\n\n<p>Yhdess\u00e4 sisaryhti\u00f6mme Conifer Consultingin kanssa hallinnoimme jo yli 135.000 hehtaarin mets\u00e4omaisuutta.\u202fVuodesta 2017 l\u00e4htien olemme olleet Suomen johtava mets\u00e4tilojen ostaja. Olemme hankkineet asiakkaillemme yli 700 miljoonan euron arvosta mets\u00e4omaisuutta ja jatkamme aktiivisesti tilojen hankintaa.<\/p>\n\n\n\n<p><a href=\"https:\/\/aarimetsa.fi\/\">Tutustu Aariin<\/a><\/p>\n<\/div>\n<\/div>\n\n\n\n<div class=\"wp-block-columns is-layout-flex wp-container-core-columns-is-layout-9d6595d7 wp-block-columns-is-layout-flex\">\n<div class=\"wp-block-column is-layout-flow wp-block-column-is-layout-flow\">\n<figure class=\"wp-block-image size-large\"><img loading=\"lazy\" decoding=\"async\" width=\"1024\" height=\"241\" src=\"http:\/\/smy.fi\/metsapaivat\/wp-content\/uploads\/sites\/2\/2025\/09\/MT_LOGO_VaakaSloganMT.FI_RGB_Black-1024x241.png\" alt=\"\" class=\"wp-image-3418\" srcset=\"https:\/\/smy.fi\/metsapaivat\/wp-content\/uploads\/sites\/2\/2025\/09\/MT_LOGO_VaakaSloganMT.FI_RGB_Black-1024x241.png 1024w, https:\/\/smy.fi\/metsapaivat\/wp-content\/uploads\/sites\/2\/2025\/09\/MT_LOGO_VaakaSloganMT.FI_RGB_Black-920x217.png 920w, https:\/\/smy.fi\/metsapaivat\/wp-content\/uploads\/sites\/2\/2025\/09\/MT_LOGO_VaakaSloganMT.FI_RGB_Black-600x141.png 600w, https:\/\/smy.fi\/metsapaivat\/wp-content\/uploads\/sites\/2\/2025\/09\/MT_LOGO_VaakaSloganMT.FI_RGB_Black-768x181.png 768w, https:\/\/smy.fi\/metsapaivat\/wp-content\/uploads\/sites\/2\/2025\/09\/MT_LOGO_VaakaSloganMT.FI_RGB_Black-1536x362.png 1536w, https:\/\/smy.fi\/metsapaivat\/wp-content\/uploads\/sites\/2\/2025\/09\/MT_LOGO_VaakaSloganMT.FI_RGB_Black-2048x482.png 2048w, https:\/\/smy.fi\/metsapaivat\/wp-content\/uploads\/sites\/2\/2025\/09\/MT_LOGO_VaakaSloganMT.FI_RGB_Black-1920x452.png 1920w\" sizes=\"auto, (max-width: 1024px) 100vw, 1024px\" \/><\/figure>\n\n\n\n<div style=\"height:38px\" aria-hidden=\"true\" class=\"wp-block-spacer\"><\/div>\n\n\n\n<p><strong>Maaseudun Tulevaisuus<\/strong> tarjoaa Suomen ajankohtaisinta ja laajinta mets\u00e4sis\u00e4lt\u00f6\u00e4 verkossa.&nbsp; Olemme mets\u00e4alan uutisoinnin ykk\u00f6nen \u2013 seuraamme tarkasti taloutta, politiikkaa ja tutkimusta, mutta tuomme esiin my\u00f6s k\u00e4yt\u00e4nn\u00f6nl\u00e4heiset n\u00e4k\u00f6kulmat mets\u00e4nomistajille ja ammattilaisille. Maaseudun Tulevaisuus kertoo, miten mets\u00e4t vaikuttavat meid\u00e4n kaikkien arkeen, niin kansallisiin kuin henkil\u00f6kohtaisiinkin investointeihin sek\u00e4 tulevaisuuteen. Siksi Maaseudun Tulevaisuus on media, johon mets\u00e4v\u00e4ki luottaa.<\/p>\n\n\n\n<p><a href=\"https:\/\/www.maaseuduntulevaisuus.fi\/\">Tutustu Maaseudun Tulevaisuuteen<\/a><\/p>\n<\/div>\n\n\n\n<div class=\"wp-block-column is-layout-flow wp-block-column-is-layout-flow\">\n<figure class=\"wp-block-image size-large\"><img loading=\"lazy\" decoding=\"async\" width=\"1024\" height=\"337\" src=\"http:\/\/smy.fi\/metsapaivat\/wp-content\/uploads\/sites\/2\/2025\/08\/mh-suomi-ruotsi-saame-vari-1024x337.png\" alt=\"\" class=\"wp-image-3231\" srcset=\"https:\/\/smy.fi\/metsapaivat\/wp-content\/uploads\/sites\/2\/2025\/08\/mh-suomi-ruotsi-saame-vari-1024x337.png 1024w, https:\/\/smy.fi\/metsapaivat\/wp-content\/uploads\/sites\/2\/2025\/08\/mh-suomi-ruotsi-saame-vari-920x302.png 920w, https:\/\/smy.fi\/metsapaivat\/wp-content\/uploads\/sites\/2\/2025\/08\/mh-suomi-ruotsi-saame-vari-600x197.png 600w, https:\/\/smy.fi\/metsapaivat\/wp-content\/uploads\/sites\/2\/2025\/08\/mh-suomi-ruotsi-saame-vari-768x252.png 768w, https:\/\/smy.fi\/metsapaivat\/wp-content\/uploads\/sites\/2\/2025\/08\/mh-suomi-ruotsi-saame-vari.png 1095w\" sizes=\"auto, (max-width: 1024px) 100vw, 1024px\" \/><\/figure>\n\n\n\n<p><strong>Mets\u00e4hallitus<\/strong> on valtion liikelaitos, jonka hoidossa on kolmasosa Suomen maa- ja vesialueita. Mets\u00e4hallituksen tarkoitus on luonnon arvon ja yhteisen varallisuuden vastuullinen kehitt\u00e4minen yli sukupolvien. Noin 1000 mets\u00e4hallituslaista eri puolilla Suomea vastaavat alueiden kest\u00e4v\u00e4st\u00e4 k\u00e4yt\u00f6st\u00e4, hoidosta ja suojelusta &#8211; erilaiset tarpeet ja odotukset yhteensovittaen.<\/p>\n\n\n\n<p><a href=\"https:\/\/www.metsa.fi\/\">Tutustu Mets\u00e4hallitukseen<\/a><\/p>\n\n\n\n<p><\/p>\n<\/div>\n<\/div>\n\n\n\n<h2 class=\"wp-block-heading\">Mets\u00e4p\u00e4ivill\u00e4 2025 mukana<\/h2>\n\n\n\n<figure class=\"wp-block-image size-large\"><img loading=\"lazy\" decoding=\"async\" width=\"1024\" height=\"1024\" src=\"https:\/\/smy.fi\/metsapaivat\/wp-content\/uploads\/sites\/2\/2025\/10\/kumppanit-2025-1024x1024.jpg\" alt=\"\" class=\"wp-image-3500\" srcset=\"https:\/\/smy.fi\/metsapaivat\/wp-content\/uploads\/sites\/2\/2025\/10\/kumppanit-2025-1024x1024.jpg 1024w, https:\/\/smy.fi\/metsapaivat\/wp-content\/uploads\/sites\/2\/2025\/10\/kumppanit-2025-920x920.jpg 920w, https:\/\/smy.fi\/metsapaivat\/wp-content\/uploads\/sites\/2\/2025\/10\/kumppanit-2025-600x600.jpg 600w, https:\/\/smy.fi\/metsapaivat\/wp-content\/uploads\/sites\/2\/2025\/10\/kumppanit-2025-768x768.jpg 768w, https:\/\/smy.fi\/metsapaivat\/wp-content\/uploads\/sites\/2\/2025\/10\/kumppanit-2025-1536x1536.jpg 1536w, https:\/\/smy.fi\/metsapaivat\/wp-content\/uploads\/sites\/2\/2025\/10\/kumppanit-2025-2048x2048.jpg 2048w\" sizes=\"auto, (max-width: 1024px) 100vw, 1024px\" \/><\/figure>\n","protected":false},"excerpt":{"rendered":"<p>Mets\u00e4p\u00e4iv\u00e4t 2025 rakennettiin yhdess\u00e4 yhteisty\u00f6kumppaneiden kanssa. Iso kiitos kaikille mukana olleille kumppaneille! P\u00e4\u00e4kumppanit Suomen Mets\u00e4s\u00e4\u00e4ti\u00f6 juhlii t\u00e4n\u00e4 vuonna 30 vuotista taivaltaan. Suomen Mets\u00e4s\u00e4\u00e4ti\u00f6 juhlii t\u00e4n\u00e4 vuonna 30-vuotista taivaltaan. Mets\u00e4s\u00e4\u00e4ti\u00f6 on koko mets\u00e4alan yhteinen apurahas\u00e4\u00e4ti\u00f6, joka rakentaa mets\u00e4elinkeinolle menestyksek\u00e4st\u00e4 tulevaisuutta. Mets\u00e4s\u00e4\u00e4ti\u00f6 my\u00f6nt\u00e4\u00e4 vuosittain noin 2 miljoonaa euroa apurahoja. Apurahojen avulla kymmenet tuhannet lapset ja nuoret tutustuvat&#8230;<\/p>\n","protected":false},"author":5,"featured_media":0,"parent":0,"menu_order":0,"comment_status":"closed","ping_status":"closed","template":"","meta":{"_acf_changed":false,"footnotes":""},"class_list":["post-3393","page","type-page","status-publish","hentry"],"acf":[],"yoast_head":"<!-- This site is optimized with the Yoast SEO plugin v27.0 - https:\/\/yoast.com\/product\/yoast-seo-wordpress\/ -->\n<title>Kumppanit - Mets\u00e4p\u00e4iv\u00e4t<\/title>\n<meta name=\"robots\" content=\"index, follow, max-snippet:-1, max-image-preview:large, max-video-preview:-1\" \/>\n<link rel=\"canonical\" href=\"https:\/\/smy.fi\/metsapaivat\/kumppanit-2\/\" \/>\n<meta property=\"og:locale\" content=\"fi_FI\" \/>\n<meta property=\"og:type\" content=\"article\" \/>\n<meta property=\"og:title\" content=\"Kumppanit - Mets\u00e4p\u00e4iv\u00e4t\" \/>\n<meta property=\"og:description\" content=\"Mets\u00e4p\u00e4iv\u00e4t 2025 rakennettiin yhdess\u00e4 yhteisty\u00f6kumppaneiden kanssa. Iso kiitos kaikille mukana olleille kumppaneille! P\u00e4\u00e4kumppanit Suomen Mets\u00e4s\u00e4\u00e4ti\u00f6 juhlii t\u00e4n\u00e4 vuonna 30 vuotista taivaltaan. Suomen Mets\u00e4s\u00e4\u00e4ti\u00f6 juhlii t\u00e4n\u00e4 vuonna 30-vuotista taivaltaan. Mets\u00e4s\u00e4\u00e4ti\u00f6 on koko mets\u00e4alan yhteinen apurahas\u00e4\u00e4ti\u00f6, joka rakentaa mets\u00e4elinkeinolle menestyksek\u00e4st\u00e4 tulevaisuutta. Mets\u00e4s\u00e4\u00e4ti\u00f6 my\u00f6nt\u00e4\u00e4 vuosittain noin 2 miljoonaa euroa apurahoja. Apurahojen avulla kymmenet tuhannet lapset ja nuoret tutustuvat...\" \/>\n<meta property=\"og:url\" content=\"https:\/\/smy.fi\/metsapaivat\/kumppanit-2\/\" \/>\n<meta property=\"og:site_name\" content=\"Mets\u00e4p\u00e4iv\u00e4t\" \/>\n<meta property=\"article:modified_time\" content=\"2025-10-28T08:22:45+00:00\" \/>\n<meta property=\"og:image\" content=\"https:\/\/smy.fi\/metsapaivat\/wp-content\/uploads\/sites\/2\/2025\/08\/sms.png\" \/>\n\t<meta property=\"og:image:width\" content=\"227\" \/>\n\t<meta property=\"og:image:height\" content=\"109\" \/>\n\t<meta property=\"og:image:type\" content=\"image\/png\" \/>\n<meta name=\"twitter:card\" content=\"summary_large_image\" \/>\n<meta name=\"twitter:label1\" content=\"Est. reading time\" \/>\n\t<meta name=\"twitter:data1\" content=\"3 minuuttia\" \/>\n<script type=\"application\/ld+json\" class=\"yoast-schema-graph\">{\"@context\":\"https:\/\/schema.org\",\"@graph\":[{\"@type\":\"WebPage\",\"@id\":\"https:\/\/smy.fi\/metsapaivat\/kumppanit-2\/\",\"url\":\"https:\/\/smy.fi\/metsapaivat\/kumppanit-2\/\",\"name\":\"Kumppanit - Mets\u00e4p\u00e4iv\u00e4t\",\"isPartOf\":{\"@id\":\"https:\/\/smy.fi\/metsapaivat\/#website\"},\"primaryImageOfPage\":{\"@id\":\"https:\/\/smy.fi\/metsapaivat\/kumppanit-2\/#primaryimage\"},\"image\":{\"@id\":\"https:\/\/smy.fi\/metsapaivat\/kumppanit-2\/#primaryimage\"},\"thumbnailUrl\":\"http:\/\/smy.fi\/metsapaivat\/wp-content\/uploads\/sites\/2\/2025\/08\/sms.png\",\"datePublished\":\"2025-09-08T09:52:02+00:00\",\"dateModified\":\"2025-10-28T08:22:45+00:00\",\"breadcrumb\":{\"@id\":\"https:\/\/smy.fi\/metsapaivat\/kumppanit-2\/#breadcrumb\"},\"inLanguage\":\"fi\",\"potentialAction\":[{\"@type\":\"ReadAction\",\"target\":[\"https:\/\/smy.fi\/metsapaivat\/kumppanit-2\/\"]}]},{\"@type\":\"ImageObject\",\"inLanguage\":\"fi\",\"@id\":\"https:\/\/smy.fi\/metsapaivat\/kumppanit-2\/#primaryimage\",\"url\":\"https:\/\/smy.fi\/metsapaivat\/wp-content\/uploads\/sites\/2\/2025\/08\/sms.png\",\"contentUrl\":\"https:\/\/smy.fi\/metsapaivat\/wp-content\/uploads\/sites\/2\/2025\/08\/sms.png\",\"width\":227,\"height\":109},{\"@type\":\"BreadcrumbList\",\"@id\":\"https:\/\/smy.fi\/metsapaivat\/kumppanit-2\/#breadcrumb\",\"itemListElement\":[{\"@type\":\"ListItem\",\"position\":1,\"name\":\"Home\",\"item\":\"https:\/\/smy.fi\/metsapaivat\/\"},{\"@type\":\"ListItem\",\"position\":2,\"name\":\"Kumppanit\"}]},{\"@type\":\"WebSite\",\"@id\":\"https:\/\/smy.fi\/metsapaivat\/#website\",\"url\":\"https:\/\/smy.fi\/metsapaivat\/\",\"name\":\"Mets\u00e4p\u00e4iv\u00e4t\",\"description\":\"Uusi SMY Sites -sivusto\",\"potentialAction\":[{\"@type\":\"SearchAction\",\"target\":{\"@type\":\"EntryPoint\",\"urlTemplate\":\"https:\/\/smy.fi\/metsapaivat\/?s={search_term_string}\"},\"query-input\":{\"@type\":\"PropertyValueSpecification\",\"valueRequired\":true,\"valueName\":\"search_term_string\"}}],\"inLanguage\":\"fi\"}]}<\/script>\n<!-- \/ Yoast SEO plugin. -->","yoast_head_json":{"title":"Kumppanit - Mets\u00e4p\u00e4iv\u00e4t","robots":{"index":"index","follow":"follow","max-snippet":"max-snippet:-1","max-image-preview":"max-image-preview:large","max-video-preview":"max-video-preview:-1"},"canonical":"https:\/\/smy.fi\/metsapaivat\/kumppanit-2\/","og_locale":"fi_FI","og_type":"article","og_title":"Kumppanit - Mets\u00e4p\u00e4iv\u00e4t","og_description":"Mets\u00e4p\u00e4iv\u00e4t 2025 rakennettiin yhdess\u00e4 yhteisty\u00f6kumppaneiden kanssa. Iso kiitos kaikille mukana olleille kumppaneille! P\u00e4\u00e4kumppanit Suomen Mets\u00e4s\u00e4\u00e4ti\u00f6 juhlii t\u00e4n\u00e4 vuonna 30 vuotista taivaltaan. Suomen Mets\u00e4s\u00e4\u00e4ti\u00f6 juhlii t\u00e4n\u00e4 vuonna 30-vuotista taivaltaan. Mets\u00e4s\u00e4\u00e4ti\u00f6 on koko mets\u00e4alan yhteinen apurahas\u00e4\u00e4ti\u00f6, joka rakentaa mets\u00e4elinkeinolle menestyksek\u00e4st\u00e4 tulevaisuutta. Mets\u00e4s\u00e4\u00e4ti\u00f6 my\u00f6nt\u00e4\u00e4 vuosittain noin 2 miljoonaa euroa apurahoja. Apurahojen avulla kymmenet tuhannet lapset ja nuoret tutustuvat...","og_url":"https:\/\/smy.fi\/metsapaivat\/kumppanit-2\/","og_site_name":"Mets\u00e4p\u00e4iv\u00e4t","article_modified_time":"2025-10-28T08:22:45+00:00","og_image":[{"width":227,"height":109,"url":"https:\/\/smy.fi\/metsapaivat\/wp-content\/uploads\/sites\/2\/2025\/08\/sms.png","type":"image\/png"}],"twitter_card":"summary_large_image","twitter_misc":{"Est. reading time":"3 minuuttia"},"schema":{"@context":"https:\/\/schema.org","@graph":[{"@type":"WebPage","@id":"https:\/\/smy.fi\/metsapaivat\/kumppanit-2\/","url":"https:\/\/smy.fi\/metsapaivat\/kumppanit-2\/","name":"Kumppanit - Mets\u00e4p\u00e4iv\u00e4t","isPartOf":{"@id":"https:\/\/smy.fi\/metsapaivat\/#website"},"primaryImageOfPage":{"@id":"https:\/\/smy.fi\/metsapaivat\/kumppanit-2\/#primaryimage"},"image":{"@id":"https:\/\/smy.fi\/metsapaivat\/kumppanit-2\/#primaryimage"},"thumbnailUrl":"http:\/\/smy.fi\/metsapaivat\/wp-content\/uploads\/sites\/2\/2025\/08\/sms.png","datePublished":"2025-09-08T09:52:02+00:00","dateModified":"2025-10-28T08:22:45+00:00","breadcrumb":{"@id":"https:\/\/smy.fi\/metsapaivat\/kumppanit-2\/#breadcrumb"},"inLanguage":"fi","potentialAction":[{"@type":"ReadAction","target":["https:\/\/smy.fi\/metsapaivat\/kumppanit-2\/"]}]},{"@type":"ImageObject","inLanguage":"fi","@id":"https:\/\/smy.fi\/metsapaivat\/kumppanit-2\/#primaryimage","url":"https:\/\/smy.fi\/metsapaivat\/wp-content\/uploads\/sites\/2\/2025\/08\/sms.png","contentUrl":"https:\/\/smy.fi\/metsapaivat\/wp-content\/uploads\/sites\/2\/2025\/08\/sms.png","width":227,"height":109},{"@type":"BreadcrumbList","@id":"https:\/\/smy.fi\/metsapaivat\/kumppanit-2\/#breadcrumb","itemListElement":[{"@type":"ListItem","position":1,"name":"Home","item":"https:\/\/smy.fi\/metsapaivat\/"},{"@type":"ListItem","position":2,"name":"Kumppanit"}]},{"@type":"WebSite","@id":"https:\/\/smy.fi\/metsapaivat\/#website","url":"https:\/\/smy.fi\/metsapaivat\/","name":"Mets\u00e4p\u00e4iv\u00e4t","description":"Uusi SMY Sites -sivusto","potentialAction":[{"@type":"SearchAction","target":{"@type":"EntryPoint","urlTemplate":"https:\/\/smy.fi\/metsapaivat\/?s={search_term_string}"},"query-input":{"@type":"PropertyValueSpecification","valueRequired":true,"valueName":"search_term_string"}}],"inLanguage":"fi"}]}},"_links":{"self":[{"href":"https:\/\/smy.fi\/metsapaivat\/wp-json\/wp\/v2\/pages\/3393","targetHints":{"allow":["GET"]}}],"collection":[{"href":"https:\/\/smy.fi\/metsapaivat\/wp-json\/wp\/v2\/pages"}],"about":[{"href":"https:\/\/smy.fi\/metsapaivat\/wp-json\/wp\/v2\/types\/page"}],"author":[{"embeddable":true,"href":"https:\/\/smy.fi\/metsapaivat\/wp-json\/wp\/v2\/users\/5"}],"replies":[{"embeddable":true,"href":"https:\/\/smy.fi\/metsapaivat\/wp-json\/wp\/v2\/comments?post=3393"}],"version-history":[{"count":0,"href":"https:\/\/smy.fi\/metsapaivat\/wp-json\/wp\/v2\/pages\/3393\/revisions"}],"wp:attachment":[{"href":"https:\/\/smy.fi\/metsapaivat\/wp-json\/wp\/v2\/media?parent=3393"}],"curies":[{"name":"wp","href":"https:\/\/api.w.org\/{rel}","templated":true}]}}