{"id":35,"date":"2022-11-22T10:10:35","date_gmt":"2022-11-22T08:10:35","guid":{"rendered":"https:\/\/smyfi.wpenginepowered.com\/metsapaivat\/?page_id=35"},"modified":"2025-01-30T10:19:22","modified_gmt":"2025-01-30T08:19:22","slug":"kumppanit","status":"publish","type":"page","link":"https:\/\/smy.fi\/metsapaivat\/kumppanit\/","title":{"rendered":"Ohjelmantarjoajalle 2024_vanha"},"content":{"rendered":"\n<p class=\"is-style-lead-text has-text-color\" style=\"color:#153a47\">Mets\u00e4p\u00e4iv\u00e4t rakennetaan yhdess\u00e4 yhteisty\u00f6kumppaneiden kanssa. Mets\u00e4alan ammattilaisten lis\u00e4ksi tapahtuma kutsuu mukaan lokakuussa 2024 my\u00f6s suuren yleis\u00f6n, ja erityisesti mets\u00e4nomistajat. Ilmoita organisaatiosi mukaan osaksi mets\u00e4alan suurtapahtumaa!<\/p>\n\n\n\n<p>Vuonna 2024 valtakunnalliset Mets\u00e4p\u00e4iv\u00e4t uudistuvat, kun tapahtuma muuttaa uuteen Clarion Hotel Helsinki Airportiin aivan Helsinki-Vantaan lentoaseman saapuvien terminaalin kupeeseen. Samalla tapahtuma laajenee kolmip\u00e4iv\u00e4seksi. Mets\u00e4p\u00e4ivien kaksi ensimm\u00e4ist\u00e4 p\u00e4iv\u00e4\u00e4, torstai 24.10. ja perjantai 25.10. on suunnattu mets\u00e4alan tekij\u00f6ille. Asiantuntijap\u00e4ivill\u00e4 teemana on t\u00e4n\u00e4 vuonna monitavoitteinen mets\u00e4ala. <\/p>\n\n\n\n<p>Lauantaina 26.10. Mets\u00e4p\u00e4iv\u00e4t muuntautuvat suuren yleis\u00f6n ja erityisesti mets\u00e4nomistajien messutapahtumaksi. <\/p>\n\n\n\n<p>Mets\u00e4p\u00e4ivien ohjelma julkaistaan l\u00e4hemp\u00e4n\u00e4 tapahtumaa. Lue lis\u00e4\u00e4 tapahtumasta<a href=\"https:\/\/smy.fi\/metsapaivat\/tietoa-tapahtumasta\/\"> t\u00e4\u00e4lt\u00e4<\/a>.<\/p>\n\n\n\n<h2 class=\"wp-block-heading has-text-align-left\">Tarjolla monipuolinen valikoima ohjelmapaikkoja<\/h2>\n\n\n\n<p>Tule mukaan tekem\u00e4\u00e4n uudistuvista Mets\u00e4p\u00e4ivist\u00e4 entist\u00e4kin monipuolisempi ja antoisampi tapahtuma ja tarjoa ohjelmaa Mets\u00e4p\u00e4iville 2024. Valitse organisaatiosi tarpeisiin sopivat ohjelmapaikat seuraavista vaihtoehdoista to-la 24.\u201326.10:<\/p>\n\n\n\n<h3 class=\"wp-block-heading\">Lavapaikat (teemalavat to, pe ja la ja keskustelulava to)<\/h3>\n\n\n\n<ul class=\"wp-block-list\">\n<li>Teemalavan ammattilaisp\u00e4iv\u00e4n ohjelmapaikka TORSTAI TAI PERJANTAI (25 min)<strong>: 1450 \u20ac + alv<\/strong> <strong>25,5 %<\/strong> <em>Huom. Torstain lavapaikat ovat jo t\u00e4ynn\u00e4. Laita viesti\u00e4, jos haluat jonoon.<\/em> &#8211; <strong><mark class=\"has-inline-color has-luminous-vivid-amber-color\">PERJANTAILLE YKSI PAIKKA VAPAANA<\/mark><\/strong><\/li>\n<\/ul>\n\n\n\n<ul class=\"wp-block-list\">\n<li>Keskustelulavan paikka TORSTAI (45 min)<strong>: 1600 \u20ac + alv<\/strong> <strong>25,5 %<\/strong> <strong>T\u00c4YNN\u00c4<\/strong><\/li>\n<\/ul>\n\n\n\n<ul class=\"wp-block-list\">\n<li>Teemalavan yleis\u00f6p\u00e4iv\u00e4n ohjelmapaikka LAUANTAI (25 min)<strong>: 1100 \u20ac <strong>+ alv<\/strong> <strong>25,5 %<\/strong><\/strong> &#8211; <strong><mark class=\"has-inline-color has-luminous-vivid-amber-color\">YKSI PAIKKA VAPAANA<\/mark><\/strong><\/li>\n<\/ul>\n\n\n\n<h3 class=\"wp-block-heading has-text-align-left\">Uusi mets\u00e4 -messupaikat<\/h3>\n\n\n\n<div class=\"wp-block-group is-vertical is-layout-flex wp-container-core-group-is-layout-8cf370e7 wp-block-group-is-layout-flex\">\n<ul class=\"wp-block-list\">\n<li>Uusi mets\u00e4 -messupaikka, PERJANTAI TAI LAUANTAI: <strong>800 \u20ac + alv<\/strong> <strong>25,5 %<\/strong> <strong>T\u00c4YNN\u00c4<\/strong><\/li>\n\n\n\n<li>Uusi mets\u00e4 -messupaikka, PERJANTAI JA LAUANTAI: <strong>1300 \u20ac + alv<\/strong> <strong>25,5 %<\/strong> <strong>T\u00c4YNN\u00c4<\/strong><\/li>\n<\/ul>\n\n\n\n<ul class=\"wp-block-list\">\n<li>TUPLAPAIKKA (kaksi p\u00f6yt\u00e4\u00e4 yhdess\u00e4) -messupaikka PERJANTAI TAI LAUANTAI: <strong>1300 \u20ac + alv<\/strong> <strong>25,5 %<\/strong> <strong>T\u00c4YNN\u00c4<\/strong><\/li>\n<\/ul>\n\n\n\n<ul class=\"wp-block-list\">\n<li>TUPLAPAIKKA KAHTENA P\u00c4IV\u00c4N\u00c4 (kaksi p\u00f6yt\u00e4\u00e4 kahtena p\u00e4iv\u00e4n\u00e4) -messupaikka PERJANTAI JA LAUANTAI: <strong>2000 \u20ac <strong>+ alv<\/strong> <strong>25,5 %<\/strong> T\u00c4YNN\u00c4<\/strong><\/li>\n<\/ul>\n<\/div>\n\n\n\n<h3 class=\"wp-block-heading\">Sidosryhm\u00e4tilaisuudet<\/h3>\n\n\n\n<p>Voit my\u00f6s j\u00e4rjest\u00e4\u00e4 suositun ty\u00f6pajan, seminaarin tai muun sidosryhm\u00e4tiaisuuden Mets\u00e4p\u00e4ivill\u00e4 2024.<br>Clarion Hotel Helsinki Airport tarjoaa monipuolisia tilavaihtoehtoja erikokoisten tilaisuuksien j\u00e4rjest\u00e4miseen. Ilmoita sidosryhm\u00e4tilaisuutesi mukaan alla olevan painikkeen kautta. Hinnoittelu tapauskohtaisesti, sopimukset tehd\u00e4\u00e4n suoraan Clarion Hotel Helsinki Airportin kanssa.<\/p>\n\n\n\n<p>Lue tarkemmat kuvaukset ohjelmapaikoista ja esittely uudistuneesta tapahtumasta&nbsp;<a href=\"http:\/\/smy.fi\/metsapaivat\/wp-content\/uploads\/sites\/2\/2024\/02\/Metsapaivat-24.-26.10.2024-Esite.pdf\" target=\"_blank\" rel=\"noreferrer noopener\"><strong>Mets\u00e4p\u00e4iv\u00e4t 2024 -esitteest\u00e4<\/strong>.<\/a><\/p>\n\n\n\n<div class=\"wp-block-buttons is-layout-flex wp-block-buttons-is-layout-flex\">\n<div class=\"wp-block-button\"><a class=\"wp-block-button__link wp-element-button\" href=\"https:\/\/www.lyyti.in\/Metsapaivat_2024_ohjelmapaikkavaraus\" target=\"_blank\" rel=\"noreferrer noopener\">Varaa ohjelmapaikka tai ilmoita sidosryhm\u00e4tilaisuus<\/a><\/div>\n<\/div>\n\n\n\n<div class=\"wp-block-buttons is-layout-flex wp-block-buttons-is-layout-flex\"><\/div>\n\n\n\n<p><\/p>\n\n\n<section class=\"cta-box\">\n<h3>Tarjoa ohjelmaa Mets\u00e4p\u00e4iville 2024!<\/h3><p>Tule mukaan tekem\u00e4\u00e4n uudistuvista Mets\u00e4p\u00e4ivist\u00e4 entist\u00e4 monipuolisempi ja antoisampi tapahtuma. Mets\u00e4p\u00e4ivien 2024 ohjelma koostuu\u00a0 lavapuheenvuoroista, keskusteluista, Uusi mets\u00e4 -messuista sek\u00e4 erilaisista ty\u00f6pajoista ja sidosryhm\u00e4- ja opiskelijatilaisuuksista.<\/p>\n<p>Millaista ohjelmaa sin\u00e4 haluaisit tarjota tapahtumaan?<\/p>\n<a class=\"btn orange\" href=\"https:\/\/www.lyyti.fi\/reg\/Metsapaivat_2024_ohjelmapaikkavaraus\">Varaa ohjelmapaikkasi nyt<\/a>\n<\/section>\n\n\n\n<p><\/p>\n\n\n\n<h2 class=\"wp-block-heading\"><\/h2>\n\n\n\n<h2 class=\"wp-block-heading has-text-align-center\">Ota yhteytt\u00e4: <\/h2>\n\n\n\n<p><\/p>\n\n\n\n<section class=\"featured-henkilo\">\n  \n      <div class=\"featured-henkilo__card\">\n      <div class=\"featured-henkilo__image\">\n        <img decoding=\"async\" src=\"https:\/\/smy.fi\/metsapaivat\/wp-content\/uploads\/sites\/2\/2022\/12\/DSC_2467.jpg\" alt=\"kuva: Kaarina Aro\">\n      <\/div>\n      <ul>\n        <li class=\"featured-henkilo--title\">Projektip\u00e4\u00e4llikk\u00f6<\/li>\n        <li>Kaarina Aro<\/li>\n        <li>050 374 5677<\/li>\n        <li>kaarina.aro@smy.fi<\/li>\n      <\/ul>\n      <\/div>\n      <div class=\"featured-henkilo__card\">\n      <div class=\"featured-henkilo__image\">\n        <img decoding=\"async\" src=\"https:\/\/smy.fi\/metsapaivat\/wp-content\/uploads\/sites\/2\/2024\/02\/Saara_MV.jpg\" alt=\"kuva: Saara Alanko\">\n      <\/div>\n      <ul>\n        <li class=\"featured-henkilo--title\">Markkinointi ja messut<\/li>\n        <li>Saara Alanko<\/li>\n        <li>+358 50 3564556<\/li>\n        <li>saara.alanko@smy.fi<\/li>\n      <\/ul>\n      <\/div><\/section>","protected":false},"excerpt":{"rendered":"<p>Mets\u00e4p\u00e4iv\u00e4t rakennetaan yhdess\u00e4 yhteisty\u00f6kumppaneiden kanssa. Mets\u00e4alan ammattilaisten lis\u00e4ksi tapahtuma kutsuu mukaan lokakuussa 2024 my\u00f6s suuren yleis\u00f6n, ja erityisesti mets\u00e4nomistajat. Ilmoita organisaatiosi mukaan osaksi mets\u00e4alan suurtapahtumaa! Vuonna 2024 valtakunnalliset Mets\u00e4p\u00e4iv\u00e4t uudistuvat, kun tapahtuma muuttaa uuteen Clarion Hotel Helsinki Airportiin aivan Helsinki-Vantaan lentoaseman saapuvien terminaalin kupeeseen. Samalla tapahtuma laajenee kolmip\u00e4iv\u00e4seksi. Mets\u00e4p\u00e4ivien kaksi ensimm\u00e4ist\u00e4 p\u00e4iv\u00e4\u00e4, torstai 24.10. ja&#8230;<\/p>\n","protected":false},"author":5,"featured_media":0,"parent":0,"menu_order":0,"comment_status":"closed","ping_status":"closed","template":"","meta":{"_acf_changed":false,"footnotes":""},"class_list":["post-35","page","type-page","status-publish","hentry"],"acf":[],"yoast_head":"<!-- This site is optimized with the Yoast SEO plugin v27.0 - https:\/\/yoast.com\/product\/yoast-seo-wordpress\/ -->\n<title>Ohjelmantarjoajalle 2024_vanha - Mets\u00e4p\u00e4iv\u00e4t<\/title>\n<meta name=\"robots\" content=\"index, follow, max-snippet:-1, max-image-preview:large, max-video-preview:-1\" \/>\n<link rel=\"canonical\" href=\"https:\/\/smy.fi\/metsapaivat\/kumppanit\/\" \/>\n<meta property=\"og:locale\" content=\"fi_FI\" \/>\n<meta property=\"og:type\" content=\"article\" \/>\n<meta property=\"og:title\" content=\"Ohjelmantarjoajalle 2024_vanha - Mets\u00e4p\u00e4iv\u00e4t\" \/>\n<meta property=\"og:description\" content=\"Mets\u00e4p\u00e4iv\u00e4t rakennetaan yhdess\u00e4 yhteisty\u00f6kumppaneiden kanssa. Mets\u00e4alan ammattilaisten lis\u00e4ksi tapahtuma kutsuu mukaan lokakuussa 2024 my\u00f6s suuren yleis\u00f6n, ja erityisesti mets\u00e4nomistajat. Ilmoita organisaatiosi mukaan osaksi mets\u00e4alan suurtapahtumaa! Vuonna 2024 valtakunnalliset Mets\u00e4p\u00e4iv\u00e4t uudistuvat, kun tapahtuma muuttaa uuteen Clarion Hotel Helsinki Airportiin aivan Helsinki-Vantaan lentoaseman saapuvien terminaalin kupeeseen. Samalla tapahtuma laajenee kolmip\u00e4iv\u00e4seksi. Mets\u00e4p\u00e4ivien kaksi ensimm\u00e4ist\u00e4 p\u00e4iv\u00e4\u00e4, torstai 24.10. ja...\" \/>\n<meta property=\"og:url\" content=\"https:\/\/smy.fi\/metsapaivat\/kumppanit\/\" \/>\n<meta property=\"og:site_name\" content=\"Mets\u00e4p\u00e4iv\u00e4t\" \/>\n<meta property=\"article:modified_time\" content=\"2025-01-30T08:19:22+00:00\" \/>\n<meta name=\"twitter:card\" content=\"summary_large_image\" \/>\n<meta name=\"twitter:label1\" content=\"Est. reading time\" \/>\n\t<meta name=\"twitter:data1\" content=\"2 minuuttia\" \/>\n<script type=\"application\/ld+json\" class=\"yoast-schema-graph\">{\"@context\":\"https:\/\/schema.org\",\"@graph\":[{\"@type\":\"WebPage\",\"@id\":\"https:\/\/smy.fi\/metsapaivat\/kumppanit\/\",\"url\":\"https:\/\/smy.fi\/metsapaivat\/kumppanit\/\",\"name\":\"Ohjelmantarjoajalle 2024_vanha - Mets\u00e4p\u00e4iv\u00e4t\",\"isPartOf\":{\"@id\":\"https:\/\/smy.fi\/metsapaivat\/#website\"},\"datePublished\":\"2022-11-22T08:10:35+00:00\",\"dateModified\":\"2025-01-30T08:19:22+00:00\",\"breadcrumb\":{\"@id\":\"https:\/\/smy.fi\/metsapaivat\/kumppanit\/#breadcrumb\"},\"inLanguage\":\"fi\",\"potentialAction\":[{\"@type\":\"ReadAction\",\"target\":[\"https:\/\/smy.fi\/metsapaivat\/kumppanit\/\"]}]},{\"@type\":\"BreadcrumbList\",\"@id\":\"https:\/\/smy.fi\/metsapaivat\/kumppanit\/#breadcrumb\",\"itemListElement\":[{\"@type\":\"ListItem\",\"position\":1,\"name\":\"Home\",\"item\":\"https:\/\/smy.fi\/metsapaivat\/\"},{\"@type\":\"ListItem\",\"position\":2,\"name\":\"Ohjelmantarjoajalle 2024_vanha\"}]},{\"@type\":\"WebSite\",\"@id\":\"https:\/\/smy.fi\/metsapaivat\/#website\",\"url\":\"https:\/\/smy.fi\/metsapaivat\/\",\"name\":\"Mets\u00e4p\u00e4iv\u00e4t\",\"description\":\"Uusi SMY Sites -sivusto\",\"potentialAction\":[{\"@type\":\"SearchAction\",\"target\":{\"@type\":\"EntryPoint\",\"urlTemplate\":\"https:\/\/smy.fi\/metsapaivat\/?s={search_term_string}\"},\"query-input\":{\"@type\":\"PropertyValueSpecification\",\"valueRequired\":true,\"valueName\":\"search_term_string\"}}],\"inLanguage\":\"fi\"}]}<\/script>\n<!-- \/ Yoast SEO plugin. -->","yoast_head_json":{"title":"Ohjelmantarjoajalle 2024_vanha - Mets\u00e4p\u00e4iv\u00e4t","robots":{"index":"index","follow":"follow","max-snippet":"max-snippet:-1","max-image-preview":"max-image-preview:large","max-video-preview":"max-video-preview:-1"},"canonical":"https:\/\/smy.fi\/metsapaivat\/kumppanit\/","og_locale":"fi_FI","og_type":"article","og_title":"Ohjelmantarjoajalle 2024_vanha - Mets\u00e4p\u00e4iv\u00e4t","og_description":"Mets\u00e4p\u00e4iv\u00e4t rakennetaan yhdess\u00e4 yhteisty\u00f6kumppaneiden kanssa. Mets\u00e4alan ammattilaisten lis\u00e4ksi tapahtuma kutsuu mukaan lokakuussa 2024 my\u00f6s suuren yleis\u00f6n, ja erityisesti mets\u00e4nomistajat. Ilmoita organisaatiosi mukaan osaksi mets\u00e4alan suurtapahtumaa! Vuonna 2024 valtakunnalliset Mets\u00e4p\u00e4iv\u00e4t uudistuvat, kun tapahtuma muuttaa uuteen Clarion Hotel Helsinki Airportiin aivan Helsinki-Vantaan lentoaseman saapuvien terminaalin kupeeseen. Samalla tapahtuma laajenee kolmip\u00e4iv\u00e4seksi. Mets\u00e4p\u00e4ivien kaksi ensimm\u00e4ist\u00e4 p\u00e4iv\u00e4\u00e4, torstai 24.10. ja...","og_url":"https:\/\/smy.fi\/metsapaivat\/kumppanit\/","og_site_name":"Mets\u00e4p\u00e4iv\u00e4t","article_modified_time":"2025-01-30T08:19:22+00:00","twitter_card":"summary_large_image","twitter_misc":{"Est. reading time":"2 minuuttia"},"schema":{"@context":"https:\/\/schema.org","@graph":[{"@type":"WebPage","@id":"https:\/\/smy.fi\/metsapaivat\/kumppanit\/","url":"https:\/\/smy.fi\/metsapaivat\/kumppanit\/","name":"Ohjelmantarjoajalle 2024_vanha - Mets\u00e4p\u00e4iv\u00e4t","isPartOf":{"@id":"https:\/\/smy.fi\/metsapaivat\/#website"},"datePublished":"2022-11-22T08:10:35+00:00","dateModified":"2025-01-30T08:19:22+00:00","breadcrumb":{"@id":"https:\/\/smy.fi\/metsapaivat\/kumppanit\/#breadcrumb"},"inLanguage":"fi","potentialAction":[{"@type":"ReadAction","target":["https:\/\/smy.fi\/metsapaivat\/kumppanit\/"]}]},{"@type":"BreadcrumbList","@id":"https:\/\/smy.fi\/metsapaivat\/kumppanit\/#breadcrumb","itemListElement":[{"@type":"ListItem","position":1,"name":"Home","item":"https:\/\/smy.fi\/metsapaivat\/"},{"@type":"ListItem","position":2,"name":"Ohjelmantarjoajalle 2024_vanha"}]},{"@type":"WebSite","@id":"https:\/\/smy.fi\/metsapaivat\/#website","url":"https:\/\/smy.fi\/metsapaivat\/","name":"Mets\u00e4p\u00e4iv\u00e4t","description":"Uusi SMY Sites -sivusto","potentialAction":[{"@type":"SearchAction","target":{"@type":"EntryPoint","urlTemplate":"https:\/\/smy.fi\/metsapaivat\/?s={search_term_string}"},"query-input":{"@type":"PropertyValueSpecification","valueRequired":true,"valueName":"search_term_string"}}],"inLanguage":"fi"}]}},"_links":{"self":[{"href":"https:\/\/smy.fi\/metsapaivat\/wp-json\/wp\/v2\/pages\/35","targetHints":{"allow":["GET"]}}],"collection":[{"href":"https:\/\/smy.fi\/metsapaivat\/wp-json\/wp\/v2\/pages"}],"about":[{"href":"https:\/\/smy.fi\/metsapaivat\/wp-json\/wp\/v2\/types\/page"}],"author":[{"embeddable":true,"href":"https:\/\/smy.fi\/metsapaivat\/wp-json\/wp\/v2\/users\/5"}],"replies":[{"embeddable":true,"href":"https:\/\/smy.fi\/metsapaivat\/wp-json\/wp\/v2\/comments?post=35"}],"version-history":[{"count":0,"href":"https:\/\/smy.fi\/metsapaivat\/wp-json\/wp\/v2\/pages\/35\/revisions"}],"wp:attachment":[{"href":"https:\/\/smy.fi\/metsapaivat\/wp-json\/wp\/v2\/media?parent=35"}],"curies":[{"name":"wp","href":"https:\/\/api.w.org\/{rel}","templated":true}]}}