{"id":37,"date":"2022-11-22T10:11:08","date_gmt":"2022-11-22T08:11:08","guid":{"rendered":"https:\/\/smyfi.wpenginepowered.com\/metsapaivat\/?page_id=37"},"modified":"2025-03-04T15:40:48","modified_gmt":"2025-03-04T13:40:48","slug":"yhteystiedot","status":"publish","type":"page","link":"https:\/\/smy.fi\/metsapaivat\/yhteystiedot\/","title":{"rendered":"Yhteystiedot"},"content":{"rendered":"\n<p>Mets\u00e4p\u00e4iv\u00e4t j\u00e4rjest\u00e4\u00e4 Suomen Mets\u00e4yhdistys ja Mets\u00e4viestint\u00e4 Oy.<\/p>\n\n\n\n<section class=\"featured-henkilo\">\n  \n      <div class=\"featured-henkilo__card\">\n      <div class=\"featured-henkilo__image\">\n        <img decoding=\"async\" src=\"https:\/\/smy.fi\/metsapaivat\/wp-content\/uploads\/sites\/2\/2022\/12\/DSC_2467.jpg\" alt=\"kuva: Kaarina Aro\">\n      <\/div>\n      <ul>\n        <li class=\"featured-henkilo--title\">Projektip\u00e4\u00e4llikk\u00f6<\/li>\n        <li>Kaarina Aro<\/li>\n        <li>050 374 5677<\/li>\n        <li>kaarina.aro@smy.fi<\/li>\n      <\/ul>\n      <\/div>\n      <div class=\"featured-henkilo__card\">\n      <div class=\"featured-henkilo__image\">\n        <img decoding=\"async\" src=\"https:\/\/smy.fi\/metsapaivat\/wp-content\/uploads\/sites\/2\/2024\/02\/Saara_MV.jpg\" alt=\"kuva: Saara Alanko\">\n      <\/div>\n      <ul>\n        <li class=\"featured-henkilo--title\">Markkinointi ja messut<\/li>\n        <li>Saara Alanko<\/li>\n        <li>+358 50 3564556<\/li>\n        <li>saara.alanko@smy.fi<\/li>\n      <\/ul>\n      <\/div>\n      <div class=\"featured-henkilo__card\">\n      <div class=\"featured-henkilo__image\">\n        <img decoding=\"async\" src=\"https:\/\/smy.fi\/metsapaivat\/wp-content\/uploads\/sites\/2\/2023\/01\/Kirsi-Joensuu.jpg\" alt=\"kuva: Kirsi Joensuu\">\n      <\/div>\n      <ul>\n        <li class=\"featured-henkilo--title\">Sopimukset<\/li>\n        <li>Kirsi Joensuu<\/li>\n        <li>+35840 840 0642<\/li>\n        <li>kirsi.joensuu@smy.fi<\/li>\n      <\/ul>\n      <\/div>\n      <div class=\"featured-henkilo__card\">\n      <div class=\"featured-henkilo__image\">\n        <img decoding=\"async\" src=\"https:\/\/smy.fi\/metsapaivat\/wp-content\/uploads\/sites\/2\/2023\/01\/Suvi-Pessala.jpg\" alt=\"kuva: Suvi Pessala\">\n      <\/div>\n      <ul>\n        <li class=\"featured-henkilo--title\">Sopimusliput ja ryhm\u00e4liput<\/li>\n        <li>Suvi Pessala<\/li>\n        <li>+358 45 657 5442<\/li>\n        <li>suvi.pessala@smy.fi<\/li>\n      <\/ul>\n      <\/div>\n      <div class=\"featured-henkilo__card\">\n      <div class=\"featured-henkilo__image\">\n        <img decoding=\"async\" src=\"https:\/\/smy.fi\/metsapaivat\/wp-content\/uploads\/sites\/2\/2023\/01\/Anna-Kauppi.jpg\" alt=\"kuva: Anna Kauppi\">\n      <\/div>\n      <ul>\n        <li class=\"featured-henkilo--title\">Viestint\u00e4<\/li>\n        <li>Anna Kauppi<\/li>\n        <li>+358 400 702 102<\/li>\n        <li>anna.kauppi@smy.fi<\/li>\n      <\/ul>\n      <\/div>\n      <div class=\"featured-henkilo__card\">\n      <div class=\"featured-henkilo__image\">\n        <img decoding=\"async\" src=\"https:\/\/smy.fi\/metsapaivat\/wp-content\/uploads\/sites\/2\/2023\/01\/Martin-Antell.jpg\" alt=\"kuva: Martin Antell\">\n      <\/div>\n      <ul>\n        <li class=\"featured-henkilo--title\">Iltamat<\/li>\n        <li>Martin Antell<\/li>\n        <li>+358 40 596 6445<\/li>\n        <li>martin.antell@smy.fi<\/li>\n      <\/ul>\n      <\/div>\n      <div class=\"featured-henkilo__card\">\n      <div class=\"featured-henkilo__image\">\n        <img decoding=\"async\" src=\"https:\/\/smy.fi\/metsapaivat\/wp-content\/uploads\/sites\/2\/2023\/03\/elena_ramsurrun_netti2_2023.jpg\" alt=\"kuva: Elena Ramsurrun\">\n      <\/div>\n      <ul>\n        <li class=\"featured-henkilo--title\">Lipunmyynti<\/li>\n        <li>Elena Ramsurrun<\/li>\n        <li>+358 9 685 0880<\/li>\n        <li>elena.ramsurrun@smy.fi<\/li>\n      <\/ul>\n      <\/div><\/section>\n\n\n<h2 class=\"wp-block-heading\"><\/h2>\n\n\n<\/p>\n\n\n<p><\/p>\n","protected":false},"excerpt":{"rendered":"<p>Mets\u00e4p\u00e4iv\u00e4t j\u00e4rjest\u00e4\u00e4 Suomen Mets\u00e4yhdistys ja Mets\u00e4viestint\u00e4 Oy.<\/p>\n","protected":false},"author":5,"featured_media":0,"parent":0,"menu_order":0,"comment_status":"closed","ping_status":"closed","template":"","meta":{"_acf_changed":false,"footnotes":""},"class_list":["post-37","page","type-page","status-publish","hentry"],"acf":[],"yoast_head":"<!-- This site is optimized with the Yoast SEO plugin v27.0 - https:\/\/yoast.com\/product\/yoast-seo-wordpress\/ -->\n<title>Yhteystiedot - Mets\u00e4p\u00e4iv\u00e4t<\/title>\n<meta name=\"robots\" content=\"index, follow, max-snippet:-1, max-image-preview:large, max-video-preview:-1\" \/>\n<link rel=\"canonical\" href=\"https:\/\/smy.fi\/metsapaivat\/yhteystiedot\/\" \/>\n<meta property=\"og:locale\" content=\"fi_FI\" \/>\n<meta property=\"og:type\" content=\"article\" \/>\n<meta property=\"og:title\" content=\"Yhteystiedot - Mets\u00e4p\u00e4iv\u00e4t\" \/>\n<meta property=\"og:description\" content=\"Mets\u00e4p\u00e4iv\u00e4t j\u00e4rjest\u00e4\u00e4 Suomen Mets\u00e4yhdistys ja Mets\u00e4viestint\u00e4 Oy.\" \/>\n<meta property=\"og:url\" content=\"https:\/\/smy.fi\/metsapaivat\/yhteystiedot\/\" \/>\n<meta property=\"og:site_name\" content=\"Mets\u00e4p\u00e4iv\u00e4t\" \/>\n<meta property=\"article:modified_time\" content=\"2025-03-04T13:40:48+00:00\" \/>\n<meta name=\"twitter:card\" content=\"summary_large_image\" \/>\n<meta name=\"twitter:label1\" content=\"Est. reading time\" \/>\n\t<meta name=\"twitter:data1\" content=\"1 minuutti\" \/>\n<script type=\"application\/ld+json\" class=\"yoast-schema-graph\">{\"@context\":\"https:\/\/schema.org\",\"@graph\":[{\"@type\":\"WebPage\",\"@id\":\"https:\/\/smy.fi\/metsapaivat\/yhteystiedot\/\",\"url\":\"https:\/\/smy.fi\/metsapaivat\/yhteystiedot\/\",\"name\":\"Yhteystiedot - Mets\u00e4p\u00e4iv\u00e4t\",\"isPartOf\":{\"@id\":\"https:\/\/smy.fi\/metsapaivat\/#website\"},\"datePublished\":\"2022-11-22T08:11:08+00:00\",\"dateModified\":\"2025-03-04T13:40:48+00:00\",\"breadcrumb\":{\"@id\":\"https:\/\/smy.fi\/metsapaivat\/yhteystiedot\/#breadcrumb\"},\"inLanguage\":\"fi\",\"potentialAction\":[{\"@type\":\"ReadAction\",\"target\":[\"https:\/\/smy.fi\/metsapaivat\/yhteystiedot\/\"]}]},{\"@type\":\"BreadcrumbList\",\"@id\":\"https:\/\/smy.fi\/metsapaivat\/yhteystiedot\/#breadcrumb\",\"itemListElement\":[{\"@type\":\"ListItem\",\"position\":1,\"name\":\"Home\",\"item\":\"https:\/\/smy.fi\/metsapaivat\/\"},{\"@type\":\"ListItem\",\"position\":2,\"name\":\"Yhteystiedot\"}]},{\"@type\":\"WebSite\",\"@id\":\"https:\/\/smy.fi\/metsapaivat\/#website\",\"url\":\"https:\/\/smy.fi\/metsapaivat\/\",\"name\":\"Mets\u00e4p\u00e4iv\u00e4t\",\"description\":\"Uusi SMY Sites -sivusto\",\"potentialAction\":[{\"@type\":\"SearchAction\",\"target\":{\"@type\":\"EntryPoint\",\"urlTemplate\":\"https:\/\/smy.fi\/metsapaivat\/?s={search_term_string}\"},\"query-input\":{\"@type\":\"PropertyValueSpecification\",\"valueRequired\":true,\"valueName\":\"search_term_string\"}}],\"inLanguage\":\"fi\"}]}<\/script>\n<!-- \/ Yoast SEO plugin. -->","yoast_head_json":{"title":"Yhteystiedot - Mets\u00e4p\u00e4iv\u00e4t","robots":{"index":"index","follow":"follow","max-snippet":"max-snippet:-1","max-image-preview":"max-image-preview:large","max-video-preview":"max-video-preview:-1"},"canonical":"https:\/\/smy.fi\/metsapaivat\/yhteystiedot\/","og_locale":"fi_FI","og_type":"article","og_title":"Yhteystiedot - Mets\u00e4p\u00e4iv\u00e4t","og_description":"Mets\u00e4p\u00e4iv\u00e4t j\u00e4rjest\u00e4\u00e4 Suomen Mets\u00e4yhdistys ja Mets\u00e4viestint\u00e4 Oy.","og_url":"https:\/\/smy.fi\/metsapaivat\/yhteystiedot\/","og_site_name":"Mets\u00e4p\u00e4iv\u00e4t","article_modified_time":"2025-03-04T13:40:48+00:00","twitter_card":"summary_large_image","twitter_misc":{"Est. reading time":"1 minuutti"},"schema":{"@context":"https:\/\/schema.org","@graph":[{"@type":"WebPage","@id":"https:\/\/smy.fi\/metsapaivat\/yhteystiedot\/","url":"https:\/\/smy.fi\/metsapaivat\/yhteystiedot\/","name":"Yhteystiedot - Mets\u00e4p\u00e4iv\u00e4t","isPartOf":{"@id":"https:\/\/smy.fi\/metsapaivat\/#website"},"datePublished":"2022-11-22T08:11:08+00:00","dateModified":"2025-03-04T13:40:48+00:00","breadcrumb":{"@id":"https:\/\/smy.fi\/metsapaivat\/yhteystiedot\/#breadcrumb"},"inLanguage":"fi","potentialAction":[{"@type":"ReadAction","target":["https:\/\/smy.fi\/metsapaivat\/yhteystiedot\/"]}]},{"@type":"BreadcrumbList","@id":"https:\/\/smy.fi\/metsapaivat\/yhteystiedot\/#breadcrumb","itemListElement":[{"@type":"ListItem","position":1,"name":"Home","item":"https:\/\/smy.fi\/metsapaivat\/"},{"@type":"ListItem","position":2,"name":"Yhteystiedot"}]},{"@type":"WebSite","@id":"https:\/\/smy.fi\/metsapaivat\/#website","url":"https:\/\/smy.fi\/metsapaivat\/","name":"Mets\u00e4p\u00e4iv\u00e4t","description":"Uusi SMY Sites -sivusto","potentialAction":[{"@type":"SearchAction","target":{"@type":"EntryPoint","urlTemplate":"https:\/\/smy.fi\/metsapaivat\/?s={search_term_string}"},"query-input":{"@type":"PropertyValueSpecification","valueRequired":true,"valueName":"search_term_string"}}],"inLanguage":"fi"}]}},"_links":{"self":[{"href":"https:\/\/smy.fi\/metsapaivat\/wp-json\/wp\/v2\/pages\/37","targetHints":{"allow":["GET"]}}],"collection":[{"href":"https:\/\/smy.fi\/metsapaivat\/wp-json\/wp\/v2\/pages"}],"about":[{"href":"https:\/\/smy.fi\/metsapaivat\/wp-json\/wp\/v2\/types\/page"}],"author":[{"embeddable":true,"href":"https:\/\/smy.fi\/metsapaivat\/wp-json\/wp\/v2\/users\/5"}],"replies":[{"embeddable":true,"href":"https:\/\/smy.fi\/metsapaivat\/wp-json\/wp\/v2\/comments?post=37"}],"version-history":[{"count":0,"href":"https:\/\/smy.fi\/metsapaivat\/wp-json\/wp\/v2\/pages\/37\/revisions"}],"wp:attachment":[{"href":"https:\/\/smy.fi\/metsapaivat\/wp-json\/wp\/v2\/media?parent=37"}],"curies":[{"name":"wp","href":"https:\/\/api.w.org\/{rel}","templated":true}]}}