{"id":4,"date":"2022-09-28T17:09:59","date_gmt":"2022-09-28T14:09:59","guid":{"rendered":"https:\/\/smyfi.wpenginepowered.com\/metsapaivat\/?page_id=4"},"modified":"2026-02-10T09:14:52","modified_gmt":"2026-02-10T07:14:52","slug":"etusivu","status":"publish","type":"page","link":"https:\/\/smy.fi\/metsapaivat\/","title":{"rendered":"Etusivu"},"content":{"rendered":"<section class=\"fp-hero\">\n  <div class=\"fp-hero__bg\">\n\n    <div class=\"fp-hero__container\">\n      <div class=\"fp-hero__images\">\n        <div class=\"fp-hero__image fp-hero__image--primary\">\n          <img decoding=\"async\" src=\"https:\/\/smy.fi\/metsapaivat\/wp-content\/uploads\/sites\/2\/2026\/02\/Facade-Clarion-Hotel-Helsinki-Airport-scaled_11.png\" alt=\"\">        <\/div>\n        <div class=\"fp-hero__image fp-hero__image--secondary\">\n          <img decoding=\"async\" src=\"https:\/\/smy.fi\/metsapaivat\/wp-content\/uploads\/sites\/2\/2026\/02\/clarion_helsinki_airport_restaurant_11.png\" alt=\"\">        <\/div>\n      <\/div>\n      <div class=\"fp-hero__info\">\n        <div>\n          <img decoding=\"async\" class=\"svg fp-hero__logo\" src=\"https:\/\/smy.fi\/metsapaivat\/wp-content\/themes\/pt-metsapaivat-theme\/assets\/img\/logo-metsapaivat-nega.svg\" alt=\"Mets\u00e4p\u00e4iv\u00e4t logo\">\n          <h2>22.\u201323.10.2026<\/h2>          <p>Valtakunnalliset Mets\u00e4p\u00e4iv\u00e4t 2026 j\u00e4rjestet\u00e4\u00e4n 22.\u201323.10. Tapahtumapaikkana on Clarion Hotel Helsinki Airport, joka sijaitsee Helsinki-Vantaan lentoaseman yhteydess\u00e4. Ohjelmapaikat ovat nyt myynniss\u00e4 &#8211; tule mukaan j\u00e4rjest\u00e4m\u00e4\u00e4n mets\u00e4alan syksyn suurinta tapahtumaa!<\/p>\n<p>Lis\u00e4tietoja: Kaarina Aro, projektip\u00e4\u00e4llikk\u00f6, p. 050 374 5677, kaarina.aro@smy.fi<\/p>\n          <a href=\"https:\/\/smy.fi\/metsapaivat\/ohjelmantarjoajalle\/\" class=\"btn orange\">Tutustu ohjelmapaikkoihin<\/a>        <\/div>\n      <\/div>\n\n\n    <\/div>\n  <\/div>\n<\/section>\n\n\n<section class=\"smy-featured-event\">\n  <div class=\"smy-featured-event__bg\">\n    <article class=\"smy-featured-event__container\">\n      <section class=\"smy-featured-event__texts\">\n        <h2>Katse kohti uutta vuosisataa!<\/h2><p><strong>Mets\u00e4p\u00e4ivill\u00e4<\/strong> on todella pitk\u00e4 historia. Suomen Mets\u00e4yhdistys j\u00e4rjesti ensimm\u00e4iset Mets\u00e4p\u00e4iv\u00e4t \u2013 silloisen Mets\u00e4viikon \u2013 jo vuonna 1925. My\u00f6s ne tehtiin yhteisty\u00f6ss\u00e4 mets\u00e4alan muiden organisaatioiden kanssa kuten yh\u00e4 t\u00e4n\u00e4kin p\u00e4iv\u00e4n\u00e4, 100 vuotta my\u00f6hemmin.<\/p>\n<p><strong>Opiskelijat<\/strong> olivat vahvasti mukana tapahtumassa jo vuonna 1929, jolloin ylioppilaat mainostivat tapahtumaa iskulauseella \u201dselluloosasta saa silkki\u00e4kin\u201d.<\/p>\n<p>&nbsp;<\/p>\n<div class=\"smy-featured-event__cta\"><a class=\"btn negative\" href=\"https:\/\/smy.fi\/metsapaivat\/ohjelmantarjoajalle\/\">Tule ohjelmantarjoajaksi!<\/a><\/div>      <\/section>\n      <section class=\"smy-featured-event__mindmap\">\n        <div class=\"smy-featured-event__moodboard\"><img decoding=\"async\" src=\"https:\/\/smy.fi\/metsapaivat\/wp-content\/uploads\/sites\/2\/2022\/12\/Lusto_V91002_848-1.jpg\" alt=\"\" \/><h2>Reklaamikulkue kiersi Helsinki\u00e4 h\u00e4k\u00e4p\u00f6ntt\u00f6autolla, jonka julistettiin kulkevan puulla. <\/h2><\/div><div class=\"smy-featured-event__moodboard smy-featured-event__moodboard--colored\"><h2>Opiskelijoille on vuoden 2026 tapahtumassa tarjolla aiempaa isompi rooli.<\/h2><img decoding=\"async\" src=\"https:\/\/smy.fi\/metsapaivat\/wp-content\/uploads\/sites\/2\/2024\/10\/Metsapaivat2024_Vilma-Issakainen092.jpg\" alt=\"\" \/><\/div>      <\/section>\n      <\/article>\n  <\/div>\n<\/section>\n\n<section class=\"block-fp-news\">\n<header>\n  <h2 class=\"listing-block-title\">Ajankohtaista<\/h2>\n<\/header>\n  <div class=\"column-grid col-sm-2 label-style\">\n  <a class=\"card-link\" href=\"https:\/\/smy.fi\/metsapaivat\/metsapaivien-2026-torstaipaivan-keynote-on-nayttelija-outi-maenpaa\/\">\n<div class=\"card\">\n      <div class=\"card__bg\" style=\"background-image: url('https:\/\/smy.fi\/metsapaivat\/wp-content\/uploads\/sites\/2\/2026\/03\/OutiMaenpaa_netti_vaaka-600x401.jpg');\">\n    <\/div>\n  \n  <div class=\"card__body\">\n    <div class=\"card__body-label\">\n      <div class=\"entry-meta\"> \n        <span class=\"entry-meta__date\">18.3.2026<\/span>\n        <span> | <\/span> Tiedote\n      <\/div>\n      <h5>Mets\u00e4p\u00e4ivien 2026 torstaip\u00e4iv\u00e4n keynote on n\u00e4yttelij\u00e4 Outi M\u00e4enp\u00e4\u00e4<\/h5>\n    <\/div>\n  <\/div>\n\n<\/div>\n<\/a>  <a class=\"card-link\" href=\"https:\/\/smy.fi\/metsapaivat\/metsapaivien-2026-keynote-jarno-limnell-nostaa-metsat-osaksi-suomen-kokonaisturvallisuutta\/\">\n<div class=\"card\">\n      <div class=\"card__bg\" style=\"background-image: url('https:\/\/smy.fi\/metsapaivat\/wp-content\/uploads\/sites\/2\/2026\/02\/JARNO-LIMNELL-21-1-600x400.jpg');\">\n    <\/div>\n  \n  <div class=\"card__body\">\n    <div class=\"card__body-label\">\n      <div class=\"entry-meta\"> \n        <span class=\"entry-meta__date\">10.2.2026<\/span>\n        <span> | <\/span> Tiedote\n      <\/div>\n      <h5>Mets\u00e4p\u00e4ivien 2026 keynote Jarno Limn\u00e9ll nostaa mets\u00e4t osaksi Suomen kokonaisturvallisuutta<\/h5>\n    <\/div>\n  <\/div>\n\n<\/div>\n<\/a>            <\/div>\n  <div class=\"column-grid col-sm-4 second-row\">\n          <a class=\"card-link\" href=\"https:\/\/smy.fi\/metsapaivat\/paateemana-2026-metsa-tuo-turvaa-tule-mukaan-rakentamaan-ohjelmaa\/\">\n<div class=\"card\">\n      <div class=\"card__bg\" style=\"background-image: url('https:\/\/smy.fi\/metsapaivat\/wp-content\/uploads\/sites\/2\/2026\/02\/Huoltovarmuus_puheenvuoro_Metsapaivat-600x400.jpg');\">\n    <\/div>\n  \n  <div class=\"card__body\">\n    <div class=\"card__body-label\">\n      <div class=\"entry-meta\"> \n        <span class=\"entry-meta__date\">10.2.2026<\/span>\n        <span> | <\/span> Tiedote\n      <\/div>\n      <h5>P\u00e4\u00e4teemana 2026 \u201dMets\u00e4 tuo turvaa\u201d \u2013 tule mukaan rakentamaan ohjelmaa<\/h5>\n    <\/div>\n  <\/div>\n\n<\/div>\n<\/a>    <a class=\"card-link\" href=\"https:\/\/smy.fi\/metsapaivat\/metsapaivien-2026-ohjelmapaikat-nyt-myynnissa\/\">\n<div class=\"card\">\n      <div class=\"card__bg\" style=\"background-image: url('https:\/\/smy.fi\/metsapaivat\/wp-content\/uploads\/sites\/2\/2026\/02\/Facade-Clarion-Hotel-Helsinki-Airport-scaled_11-600x600.png');\">\n    <\/div>\n  \n  <div class=\"card__body\">\n    <div class=\"card__body-label\">\n      <div class=\"entry-meta\"> \n        <span class=\"entry-meta__date\">10.2.2026<\/span>\n        <span> | <\/span> Tiedote\n      <\/div>\n      <h5>Mets\u00e4p\u00e4ivien 2026 ohjelmapaikat nyt myynniss\u00e4!<\/h5>\n    <\/div>\n  <\/div>\n\n<\/div>\n<\/a>    <a class=\"card-link\" href=\"https:\/\/smy.fi\/metsapaivat\/forests-at-the-heart-of-finnish-british-cooperation\/\">\n<div class=\"card\">\n      <div class=\"card__bg\" style=\"background-image: url('https:\/\/smy.fi\/metsapaivat\/wp-content\/uploads\/sites\/2\/2025\/11\/HMA_mesta1-scaled-e1762933698807-600x359.jpg');\">\n    <\/div>\n  \n  <div class=\"card__body\">\n    <div class=\"card__body-label\">\n      <div class=\"entry-meta\"> \n        <span class=\"entry-meta__date\">12.11.2025<\/span>\n        <span> | <\/span> Tiedote\n      <\/div>\n      <h5>Forests at the Heart of Finnish\u2013British Cooperation<\/h5>\n    <\/div>\n  <\/div>\n\n<\/div>\n<\/a>    <a class=\"card-link\" href=\"https:\/\/smy.fi\/metsapaivat\/metsapaivat-taytti-100-vuotta-katso-kuvat-upeasta-juhlatapahtumasta-finlandia-talolla\/\">\n<div class=\"card\">\n      <div class=\"card__bg\" style=\"background-image: url('https:\/\/smy.fi\/metsapaivat\/wp-content\/uploads\/sites\/2\/2025\/10\/Metsapaivat-2025_173_SuomenMetsayhdistys-600x400.jpg');\">\n    <\/div>\n  \n  <div class=\"card__body\">\n    <div class=\"card__body-label\">\n      <div class=\"entry-meta\"> \n        <span class=\"entry-meta__date\">29.10.2025<\/span>\n        <span> | <\/span> Tiedote\n      <\/div>\n      <h5>Mets\u00e4p\u00e4iv\u00e4t t\u00e4ytti 100 vuotta \u2013 katso kuvat upeasta juhlatapahtumasta Finlandia-talolla<\/h5>\n    <\/div>\n  <\/div>\n\n<\/div>\n<\/a>      <\/div>\n  <footer>\n    <a class=\"btn\" href=\"https:\/\/smy.fi\/metsapaivat\/tiedotteet\/ajankohtaista\/\">Kaikki ajankohtaiset<span><\/span><\/a>\n  <\/footer>\n<\/section>\n\n\n\n<p><\/p>\n\n\n\n<p><\/p>\n","protected":false},"excerpt":{"rendered":"","protected":false},"author":1,"featured_media":0,"parent":0,"menu_order":0,"comment_status":"closed","ping_status":"closed","template":"page-frontpage.php","meta":{"_acf_changed":true,"footnotes":""},"class_list":["post-4","page","type-page","status-publish","hentry"],"acf":[],"yoast_head":"<!-- This site is optimized with the Yoast SEO plugin v27.0 - https:\/\/yoast.com\/product\/yoast-seo-wordpress\/ -->\n<title>Etusivu - Mets\u00e4p\u00e4iv\u00e4t<\/title>\n<meta name=\"robots\" content=\"index, follow, max-snippet:-1, max-image-preview:large, max-video-preview:-1\" \/>\n<link rel=\"canonical\" href=\"https:\/\/smy.fi\/metsapaivat\/\" \/>\n<meta property=\"og:locale\" content=\"fi_FI\" \/>\n<meta property=\"og:type\" content=\"article\" \/>\n<meta property=\"og:title\" content=\"Mets\u00e4p\u00e4iv\u00e4t 100 vuotta! Suomen Mets\u00e4yhdistys on j\u00e4rjest\u00e4nyt valtakunnallisia Mets\u00e4p\u00e4ivi\u00e4 jo vuodesta 1925 alkaen.\" \/>\n<meta property=\"og:url\" content=\"https:\/\/smy.fi\/metsapaivat\/\" \/>\n<meta property=\"og:site_name\" content=\"Mets\u00e4p\u00e4iv\u00e4t\" \/>\n<meta property=\"article:modified_time\" content=\"2026-02-10T07:14:52+00:00\" \/>\n<meta property=\"og:image\" content=\"https:\/\/smy.fi\/metsapaivat\/wp-content\/uploads\/sites\/2\/2025\/05\/Liimatainen_Kanninen_2.jpg\" \/>\n\t<meta property=\"og:image:width\" content=\"1920\" \/>\n\t<meta property=\"og:image:height\" content=\"1080\" \/>\n\t<meta property=\"og:image:type\" content=\"image\/jpeg\" \/>\n<meta name=\"twitter:card\" content=\"summary_large_image\" \/>\n<meta name=\"twitter:image\" content=\"https:\/\/smy.fi\/metsapaivat\/wp-content\/uploads\/sites\/2\/2023\/09\/FB-mainos-Sohlstrom_Saarikivi.jpg\" \/>\n<script type=\"application\/ld+json\" class=\"yoast-schema-graph\">{\"@context\":\"https:\/\/schema.org\",\"@graph\":[{\"@type\":\"WebPage\",\"@id\":\"https:\/\/smy.fi\/metsapaivat\/\",\"url\":\"https:\/\/smy.fi\/metsapaivat\/\",\"name\":\"Etusivu - Mets\u00e4p\u00e4iv\u00e4t\",\"isPartOf\":{\"@id\":\"https:\/\/smy.fi\/metsapaivat\/#website\"},\"datePublished\":\"2022-09-28T14:09:59+00:00\",\"dateModified\":\"2026-02-10T07:14:52+00:00\",\"breadcrumb\":{\"@id\":\"https:\/\/smy.fi\/metsapaivat\/#breadcrumb\"},\"inLanguage\":\"fi\",\"potentialAction\":[{\"@type\":\"ReadAction\",\"target\":[\"https:\/\/smy.fi\/metsapaivat\/\"]}]},{\"@type\":\"BreadcrumbList\",\"@id\":\"https:\/\/smy.fi\/metsapaivat\/#breadcrumb\",\"itemListElement\":[{\"@type\":\"ListItem\",\"position\":1,\"name\":\"Home\",\"item\":\"https:\/\/smy.fi\/metsapaivat\/\"},{\"@type\":\"ListItem\",\"position\":2,\"name\":\"Etusivu\"}]},{\"@type\":\"WebSite\",\"@id\":\"https:\/\/smy.fi\/metsapaivat\/#website\",\"url\":\"https:\/\/smy.fi\/metsapaivat\/\",\"name\":\"Mets\u00e4p\u00e4iv\u00e4t\",\"description\":\"Uusi SMY Sites -sivusto\",\"potentialAction\":[{\"@type\":\"SearchAction\",\"target\":{\"@type\":\"EntryPoint\",\"urlTemplate\":\"https:\/\/smy.fi\/metsapaivat\/?s={search_term_string}\"},\"query-input\":{\"@type\":\"PropertyValueSpecification\",\"valueRequired\":true,\"valueName\":\"search_term_string\"}}],\"inLanguage\":\"fi\"}]}<\/script>\n<!-- \/ Yoast SEO plugin. -->","yoast_head_json":{"title":"Etusivu - Mets\u00e4p\u00e4iv\u00e4t","robots":{"index":"index","follow":"follow","max-snippet":"max-snippet:-1","max-image-preview":"max-image-preview:large","max-video-preview":"max-video-preview:-1"},"canonical":"https:\/\/smy.fi\/metsapaivat\/","og_locale":"fi_FI","og_type":"article","og_title":"Mets\u00e4p\u00e4iv\u00e4t 100 vuotta! Suomen Mets\u00e4yhdistys on j\u00e4rjest\u00e4nyt valtakunnallisia Mets\u00e4p\u00e4ivi\u00e4 jo vuodesta 1925 alkaen.","og_url":"https:\/\/smy.fi\/metsapaivat\/","og_site_name":"Mets\u00e4p\u00e4iv\u00e4t","article_modified_time":"2026-02-10T07:14:52+00:00","og_image":[{"width":1920,"height":1080,"url":"https:\/\/smy.fi\/metsapaivat\/wp-content\/uploads\/sites\/2\/2025\/05\/Liimatainen_Kanninen_2.jpg","type":"image\/jpeg"}],"twitter_card":"summary_large_image","twitter_image":"https:\/\/smy.fi\/metsapaivat\/wp-content\/uploads\/sites\/2\/2023\/09\/FB-mainos-Sohlstrom_Saarikivi.jpg","schema":{"@context":"https:\/\/schema.org","@graph":[{"@type":"WebPage","@id":"https:\/\/smy.fi\/metsapaivat\/","url":"https:\/\/smy.fi\/metsapaivat\/","name":"Etusivu - Mets\u00e4p\u00e4iv\u00e4t","isPartOf":{"@id":"https:\/\/smy.fi\/metsapaivat\/#website"},"datePublished":"2022-09-28T14:09:59+00:00","dateModified":"2026-02-10T07:14:52+00:00","breadcrumb":{"@id":"https:\/\/smy.fi\/metsapaivat\/#breadcrumb"},"inLanguage":"fi","potentialAction":[{"@type":"ReadAction","target":["https:\/\/smy.fi\/metsapaivat\/"]}]},{"@type":"BreadcrumbList","@id":"https:\/\/smy.fi\/metsapaivat\/#breadcrumb","itemListElement":[{"@type":"ListItem","position":1,"name":"Home","item":"https:\/\/smy.fi\/metsapaivat\/"},{"@type":"ListItem","position":2,"name":"Etusivu"}]},{"@type":"WebSite","@id":"https:\/\/smy.fi\/metsapaivat\/#website","url":"https:\/\/smy.fi\/metsapaivat\/","name":"Mets\u00e4p\u00e4iv\u00e4t","description":"Uusi SMY Sites -sivusto","potentialAction":[{"@type":"SearchAction","target":{"@type":"EntryPoint","urlTemplate":"https:\/\/smy.fi\/metsapaivat\/?s={search_term_string}"},"query-input":{"@type":"PropertyValueSpecification","valueRequired":true,"valueName":"search_term_string"}}],"inLanguage":"fi"}]}},"_links":{"self":[{"href":"https:\/\/smy.fi\/metsapaivat\/wp-json\/wp\/v2\/pages\/4","targetHints":{"allow":["GET"]}}],"collection":[{"href":"https:\/\/smy.fi\/metsapaivat\/wp-json\/wp\/v2\/pages"}],"about":[{"href":"https:\/\/smy.fi\/metsapaivat\/wp-json\/wp\/v2\/types\/page"}],"author":[{"embeddable":true,"href":"https:\/\/smy.fi\/metsapaivat\/wp-json\/wp\/v2\/users\/1"}],"replies":[{"embeddable":true,"href":"https:\/\/smy.fi\/metsapaivat\/wp-json\/wp\/v2\/comments?post=4"}],"version-history":[{"count":0,"href":"https:\/\/smy.fi\/metsapaivat\/wp-json\/wp\/v2\/pages\/4\/revisions"}],"wp:attachment":[{"href":"https:\/\/smy.fi\/metsapaivat\/wp-json\/wp\/v2\/media?parent=4"}],"curies":[{"name":"wp","href":"https:\/\/api.w.org\/{rel}","templated":true}]}}