{"id":26,"date":"2023-01-20T13:14:16","date_gmt":"2023-01-20T11:14:16","guid":{"rendered":"https:\/\/smyfi.wpenginepowered.com\/metsaviestinta\/?page_id=26"},"modified":"2025-12-10T15:38:52","modified_gmt":"2025-12-10T13:38:52","slug":"referenssit","status":"publish","type":"page","link":"https:\/\/smy.fi\/metsaviestinta\/referenssit\/","title":{"rendered":"Referenssit"},"content":{"rendered":"<div class=\"full-vw\">\n  <div class=\"block-hero\">\n    <div class=\"hero\">\n      <div class=\"hero-heading\">\n        <h1>Tutustu t\u00f6ihimme<\/h1>\n      <\/div>\n      <div class=\"column-grid col-2\">\n        <p>Meill\u00e4 on kokemusta muun muassa mets\u00e4alan tapahtumien j\u00e4rjest\u00e4misest\u00e4, monikanavaisten viestint\u00e4hankkeiden suunnittelusta ja toteuttamisesta, mets\u00e4alan koulutuksesta ja konsultoinnista sek\u00e4 myyntituotteiden tuottamisesta hankkeiden tarpeisiin.<\/p>\n                <div class=\"image-element\">\n            <div class=\"image-background\">\n              <img decoding=\"async\" src=\"https:\/\/smy.fi\/metsaviestinta\/wp-content\/uploads\/sites\/3\/2023\/01\/Metsapaivat21_6_iso-scaled.jpg\">\n            <\/div>\n          <\/div>\n                <\/div>\n      <div class=\"down-arrow\">\n      <input type=\"image\" src=\"https:\/\/smy.fi\/metsaviestinta\/wp-content\/themes\/pt-metsaviestinta-theme\/assets\/img\/arrow-down.svg\" \/><\/input>\n      <\/div>\n    <\/div>\n  <\/div>\n<\/div>\n\n<div class=\"full-vw\">\n<div class=\"block-referenssit\">\n  <div class=\"main-title\">\n      <div>\n        <h1>Tapahtumat<\/h1>\n        <div class=\"column-grid col-2\">\n        <p>Tuottamistamme tapahtumista tunnetuin on valtakunnalliset Mets\u00e4p\u00e4iv\u00e4t. Mets\u00e4p\u00e4iv\u00e4t on vuosittain j\u00e4rjestett\u00e4v\u00e4\u00a0valtakunnallinen tilaisuus, joka rakentaa mets\u00e4alan ammatti-identiteetti\u00e4 ja yhteishenke\u00e4 sek\u00e4 tarjoaa alan tuoreinta tietoa. <\/p>\n        \n          <div class=\"image-element\">\n          <a href=\"https:\/\/smy.fi\/metsaviestinta\/referenssit\/metsapaivat\/\"target=\"_blank\">\n            <div class=\"image-background\">\n              <img decoding=\"async\" src=\"https:\/\/smy.fi\/metsaviestinta\/wp-content\/uploads\/sites\/3\/2023\/01\/metsapaivat_kuva_pysty_netti.jpg\">\n                            <div class=\"logo-background\">\n                <img decoding=\"async\" src=\"https:\/\/smy.fi\/metsaviestinta\/wp-content\/uploads\/sites\/3\/2022\/12\/metsapaivat-logo.png\">\n              <\/div>\n                          <\/div>\n            <div class=\"link-text\">\n              <h4>TAPAHTUMAT<\/h4>\n              <h3>Mets\u00e4p\u00e4iv\u00e4t<\/h3>\n            <\/div>\n            <div class=\"arrow-right\">\n              <img decoding=\"async\" src=\"https:\/\/smy.fi\/metsaviestinta\/wp-content\/themes\/pt-metsaviestinta-theme\/assets\/img\/arrow-right.svg\"><\/img>\n            <\/div>\n          <\/a>\n          <\/div>\n                    <\/div>\n      <\/div>\n    <\/div>\n\n<div class=\"full-vw\">\n<div class=\"block-referenssit\">\n  <div class=\"main-title\">\n      <div>\n        <h1>Viestint\u00e4hankkeet<\/h1>\n        <div class=\"column-grid col-2\">\n        <p>Uusi puu -hankkeen tavoitteena on lis\u00e4t\u00e4 vaikuttajien ja p\u00e4\u00e4tt\u00e4jien tietoisuutta puupohjaisesta biotaloudesta.  Hanke esittelee konkreettisia esimerkkej\u00e4 olemassa olevista puupohjaisista tuotteista ja l\u00e4hitulevaisuuden kest\u00e4vist\u00e4 ratkaisuista.<\/p>\n        \n          <div class=\"image-element\">\n          <a href=\"https:\/\/www.uusipuu.fi\/\"target=\"_blank\">\n            <div class=\"image-background\">\n              <img decoding=\"async\" src=\"https:\/\/smy.fi\/metsaviestinta\/wp-content\/uploads\/sites\/3\/2023\/01\/Uusipuu_oyn-sivulle.jpg\">\n                            <div class=\"logo-background\">\n                <img decoding=\"async\" src=\"https:\/\/smy.fi\/metsaviestinta\/wp-content\/uploads\/sites\/3\/2023\/01\/Uusipuu-pysty.png\">\n              <\/div>\n                          <\/div>\n            <div class=\"link-text\">\n              <h4>VIESTINT\u00c4HANKKEET<\/h4>\n              <h3>Uusi puu<\/h3>\n            <\/div>\n            <div class=\"arrow-right\">\n              <img decoding=\"async\" src=\"https:\/\/smy.fi\/metsaviestinta\/wp-content\/themes\/pt-metsaviestinta-theme\/assets\/img\/arrow-right.svg\"><\/img>\n            <\/div>\n          <\/a>\n          <\/div>\n                    <\/div>\n      <\/div>\n    <\/div>\n\n<div class=\"full-vw\">\n<div class=\"block-referenssit\">\n  <div class=\"main-title\">\n      <div>\n        <h1>Koulutus ja konsultointi<\/h1>\n        <div class=\"column-grid col-2\">\n        <p>Forest Academy for Decision Makers on tuotteistettu viestint\u00e4konsepti, jonka tavoitteena on kasvattaa sosiaalista p\u00e4\u00e4omaa ja tukea metsien kest\u00e4v\u00e4n k\u00e4yt\u00f6n mahdollisuuksien hy\u00f6dynt\u00e4mist\u00e4 yhteiskunnassa. Forest Academy -toiminnan kohderyhm\u00e4n\u00e4 ovat kohdemaissa eri aloilla toimivat yhteiskunnalliset p\u00e4\u00e4tt\u00e4j\u00e4t, johtajat ja muut vaikuttajat. <\/p>\n        \n          <div class=\"image-element\">\n          <a href=\"https:\/\/smy.fi\/paattajille\/forest-academy-for-decision-makers\/\"target=\"_blank\">\n            <div class=\"image-background\">\n              <img decoding=\"async\" src=\"https:\/\/smy.fi\/metsaviestinta\/wp-content\/uploads\/sites\/3\/2023\/01\/FA_konsepti_MV-etusivu.jpg\">\n                            <div class=\"logo-background\">\n                <img decoding=\"async\" src=\"https:\/\/smy.fi\/metsaviestinta\/wp-content\/uploads\/sites\/3\/2023\/01\/ForestAcademyAsset-2@2x.png\">\n              <\/div>\n                          <\/div>\n            <div class=\"link-text\">\n              <h4>KOULUTUS JA KONSULTOINTI<\/h4>\n              <h3>Forest Academy for Decision Makers<\/h3>\n            <\/div>\n            <div class=\"arrow-right\">\n              <img decoding=\"async\" src=\"https:\/\/smy.fi\/metsaviestinta\/wp-content\/themes\/pt-metsaviestinta-theme\/assets\/img\/arrow-right.svg\"><\/img>\n            <\/div>\n          <\/a>\n          <\/div>\n                    <\/div>\n      <\/div>\n    <\/div>\n\n<div class=\"full-vw\">\n<div class=\"block-referenssit\">\n  <div class=\"main-title\">\n      <div>\n        <h1>Myyntituotteet<\/h1>\n        <div class=\"column-grid col-2\">\n        <p>Mets\u00e4viestint\u00e4 Oy voi tuottaa hakkeille niiden tarpeisiin erilaisia myyntituotteita, tai lunastaa jo valmiita tuotteita hankkeilta hy\u00f6dynnett\u00e4v\u00e4ksi kaupallisesti. N\u00e4in hyv\u00e4t innovaatiot voivat jatkaa el\u00e4m\u00e4\u00e4ns\u00e4 viel\u00e4 hankkeen tai projektin p\u00e4\u00e4tytty\u00e4. Yksi esimerkki hankkeen sis\u00e4ll\u00e4 innovoidusta, mutta Mets\u00e4viestint\u00e4 Oy:n myym\u00e4st\u00e4 tuotteesta on Metsien Suomi -siemenkiekko.<\/p>\n        \n          <div class=\"image-element\">\n          <a href=\"https:\/\/metsiensuomi.fi\/kasvata-siemenkiekon-avulla-oma-puu\/\"target=\"_blank\">\n            <div class=\"image-background\">\n              <img decoding=\"async\" src=\"https:\/\/smy.fi\/metsaviestinta\/wp-content\/uploads\/sites\/3\/2023\/01\/Tausta-kopio.jpg\">\n                            <div class=\"logo-background\">\n                <img decoding=\"async\" src=\"https:\/\/smy.fi\/metsaviestinta\/wp-content\/uploads\/sites\/3\/2023\/01\/logo_pyorea.png\">\n              <\/div>\n                          <\/div>\n            <div class=\"link-text\">\n              <h4>MYYNTITUOTTEET<\/h4>\n              <h3>Metsien Suomi -siemenkiekot<\/h3>\n            <\/div>\n            <div class=\"arrow-right\">\n              <img decoding=\"async\" src=\"https:\/\/smy.fi\/metsaviestinta\/wp-content\/themes\/pt-metsaviestinta-theme\/assets\/img\/arrow-right.svg\"><\/img>\n            <\/div>\n          <\/a>\n          <\/div>\n                    <\/div>\n      <\/div>\n    <\/div>\n\n\n<p><\/p>\n","protected":false},"excerpt":{"rendered":"","protected":false},"author":1,"featured_media":0,"parent":0,"menu_order":0,"comment_status":"closed","ping_status":"closed","template":"","meta":{"_acf_changed":false,"footnotes":""},"class_list":["post-26","page","type-page","status-publish","hentry"],"acf":[],"yoast_head":"<!-- This site is optimized with the Yoast SEO plugin v27.0 - https:\/\/yoast.com\/product\/yoast-seo-wordpress\/ -->\n<title>Referenssit - Mets\u00e4viestint\u00e4 Oy<\/title>\n<meta name=\"robots\" content=\"index, follow, max-snippet:-1, max-image-preview:large, max-video-preview:-1\" \/>\n<link rel=\"canonical\" href=\"https:\/\/smy.fi\/metsaviestinta\/referenssit\/\" \/>\n<meta property=\"og:locale\" content=\"fi_FI\" \/>\n<meta property=\"og:type\" content=\"article\" \/>\n<meta property=\"og:title\" content=\"Referenssit - Mets\u00e4viestint\u00e4 Oy\" \/>\n<meta property=\"og:url\" content=\"https:\/\/smy.fi\/metsaviestinta\/referenssit\/\" \/>\n<meta property=\"og:site_name\" content=\"Mets\u00e4viestint\u00e4 Oy\" \/>\n<meta property=\"article:modified_time\" content=\"2025-12-10T13:38:52+00:00\" \/>\n<meta name=\"twitter:card\" content=\"summary_large_image\" \/>\n<script type=\"application\/ld+json\" class=\"yoast-schema-graph\">{\"@context\":\"https:\/\/schema.org\",\"@graph\":[{\"@type\":\"WebPage\",\"@id\":\"https:\/\/smy.fi\/metsaviestinta\/referenssit\/\",\"url\":\"https:\/\/smy.fi\/metsaviestinta\/referenssit\/\",\"name\":\"Referenssit - Mets\u00e4viestint\u00e4 Oy\",\"isPartOf\":{\"@id\":\"https:\/\/smy.fi\/metsaviestinta\/#website\"},\"datePublished\":\"2023-01-20T11:14:16+00:00\",\"dateModified\":\"2025-12-10T13:38:52+00:00\",\"breadcrumb\":{\"@id\":\"https:\/\/smy.fi\/metsaviestinta\/referenssit\/#breadcrumb\"},\"inLanguage\":\"fi\",\"potentialAction\":[{\"@type\":\"ReadAction\",\"target\":[\"https:\/\/smy.fi\/metsaviestinta\/referenssit\/\"]}]},{\"@type\":\"BreadcrumbList\",\"@id\":\"https:\/\/smy.fi\/metsaviestinta\/referenssit\/#breadcrumb\",\"itemListElement\":[{\"@type\":\"ListItem\",\"position\":1,\"name\":\"Home\",\"item\":\"https:\/\/smy.fi\/metsaviestinta\/\"},{\"@type\":\"ListItem\",\"position\":2,\"name\":\"Referenssit\"}]},{\"@type\":\"WebSite\",\"@id\":\"https:\/\/smy.fi\/metsaviestinta\/#website\",\"url\":\"https:\/\/smy.fi\/metsaviestinta\/\",\"name\":\"Mets\u00e4viestint\u00e4 Oy\",\"description\":\"kumppanisi mets\u00e4alan tapahtumien ja viestint\u00e4hankkeiden suunnittelussa ja toteuttamisessa\",\"potentialAction\":[{\"@type\":\"SearchAction\",\"target\":{\"@type\":\"EntryPoint\",\"urlTemplate\":\"https:\/\/smy.fi\/metsaviestinta\/?s={search_term_string}\"},\"query-input\":{\"@type\":\"PropertyValueSpecification\",\"valueRequired\":true,\"valueName\":\"search_term_string\"}}],\"inLanguage\":\"fi\"}]}<\/script>\n<!-- \/ Yoast SEO plugin. -->","yoast_head_json":{"title":"Referenssit - Mets\u00e4viestint\u00e4 Oy","robots":{"index":"index","follow":"follow","max-snippet":"max-snippet:-1","max-image-preview":"max-image-preview:large","max-video-preview":"max-video-preview:-1"},"canonical":"https:\/\/smy.fi\/metsaviestinta\/referenssit\/","og_locale":"fi_FI","og_type":"article","og_title":"Referenssit - Mets\u00e4viestint\u00e4 Oy","og_url":"https:\/\/smy.fi\/metsaviestinta\/referenssit\/","og_site_name":"Mets\u00e4viestint\u00e4 Oy","article_modified_time":"2025-12-10T13:38:52+00:00","twitter_card":"summary_large_image","schema":{"@context":"https:\/\/schema.org","@graph":[{"@type":"WebPage","@id":"https:\/\/smy.fi\/metsaviestinta\/referenssit\/","url":"https:\/\/smy.fi\/metsaviestinta\/referenssit\/","name":"Referenssit - Mets\u00e4viestint\u00e4 Oy","isPartOf":{"@id":"https:\/\/smy.fi\/metsaviestinta\/#website"},"datePublished":"2023-01-20T11:14:16+00:00","dateModified":"2025-12-10T13:38:52+00:00","breadcrumb":{"@id":"https:\/\/smy.fi\/metsaviestinta\/referenssit\/#breadcrumb"},"inLanguage":"fi","potentialAction":[{"@type":"ReadAction","target":["https:\/\/smy.fi\/metsaviestinta\/referenssit\/"]}]},{"@type":"BreadcrumbList","@id":"https:\/\/smy.fi\/metsaviestinta\/referenssit\/#breadcrumb","itemListElement":[{"@type":"ListItem","position":1,"name":"Home","item":"https:\/\/smy.fi\/metsaviestinta\/"},{"@type":"ListItem","position":2,"name":"Referenssit"}]},{"@type":"WebSite","@id":"https:\/\/smy.fi\/metsaviestinta\/#website","url":"https:\/\/smy.fi\/metsaviestinta\/","name":"Mets\u00e4viestint\u00e4 Oy","description":"kumppanisi mets\u00e4alan tapahtumien ja viestint\u00e4hankkeiden suunnittelussa ja toteuttamisessa","potentialAction":[{"@type":"SearchAction","target":{"@type":"EntryPoint","urlTemplate":"https:\/\/smy.fi\/metsaviestinta\/?s={search_term_string}"},"query-input":{"@type":"PropertyValueSpecification","valueRequired":true,"valueName":"search_term_string"}}],"inLanguage":"fi"}]}},"_links":{"self":[{"href":"https:\/\/smy.fi\/metsaviestinta\/wp-json\/wp\/v2\/pages\/26","targetHints":{"allow":["GET"]}}],"collection":[{"href":"https:\/\/smy.fi\/metsaviestinta\/wp-json\/wp\/v2\/pages"}],"about":[{"href":"https:\/\/smy.fi\/metsaviestinta\/wp-json\/wp\/v2\/types\/page"}],"author":[{"embeddable":true,"href":"https:\/\/smy.fi\/metsaviestinta\/wp-json\/wp\/v2\/users\/1"}],"replies":[{"embeddable":true,"href":"https:\/\/smy.fi\/metsaviestinta\/wp-json\/wp\/v2\/comments?post=26"}],"version-history":[{"count":0,"href":"https:\/\/smy.fi\/metsaviestinta\/wp-json\/wp\/v2\/pages\/26\/revisions"}],"wp:attachment":[{"href":"https:\/\/smy.fi\/metsaviestinta\/wp-json\/wp\/v2\/media?parent=26"}],"curies":[{"name":"wp","href":"https:\/\/api.w.org\/{rel}","templated":true}]}}