{"id":270,"date":"2023-02-01T14:05:35","date_gmt":"2023-02-01T12:05:35","guid":{"rendered":"https:\/\/smyfi.wpenginepowered.com\/metsaviestinta\/?page_id=270"},"modified":"2023-02-08T11:53:26","modified_gmt":"2023-02-08T09:53:26","slug":"metsapaivat","status":"publish","type":"page","link":"https:\/\/smy.fi\/metsaviestinta\/referenssit\/metsapaivat\/","title":{"rendered":"Mets\u00e4p\u00e4iv\u00e4t"},"content":{"rendered":"<div class=\"full-vw\">\n  <div class=\"block-referenssi-hero\">\n    <div class=\"hero\">\n      <h2>Referenssi<\/h2>\n      <h1 class=\"top\">Valtakunnalliset Mets\u00e4p\u00e4iv\u00e4t<\/h1>\n      <div class=\"column-grid col-2\">\n        <p>Mets\u00e4alan syksyn suurtapahtumassa varmistamme asiantuntijoiden ja ajankohtaisten asioiden kohtaamisen.<\/p>\n\n        \n            <div class=\"image-element\">\n            <div class=\"image-background\">\n              <img decoding=\"async\" src=\"https:\/\/smy.fi\/metsaviestinta\/wp-content\/uploads\/sites\/3\/2023\/01\/metsapaivat_kuva_pysty_netti.jpg\">\n              <div class=\"logo-background\">\n                <img decoding=\"async\" src=\"https:\/\/smy.fi\/metsaviestinta\/wp-content\/uploads\/sites\/3\/2023\/01\/metsapaivat_logo-valkoinen.png\">\n              <\/div>\n            <\/div>\n          <\/div>\n                <\/div>\n      <div class=\"down-arrow\">\n      <input type=\"image\" src=\"https:\/\/smy.fi\/metsaviestinta\/wp-content\/themes\/pt-metsaviestinta-theme\/assets\/img\/arrow-down.svg\" \/><\/input>\n      <\/div>\n    <\/div>\n  <\/div>\n<\/div>\n\n<div class=\"full-vw\">\n  <div class=\"block-image-text\">\n    <picture>\n      <img decoding=\"async\" src=\"https:\/\/smy.fi\/metsaviestinta\/wp-content\/uploads\/sites\/3\/2023\/01\/313346113_2212967285530950_9078742882701528806_n.jpg\"> \n    <\/picture>\n    <div class=\"bit-text\">\n      <h2>Yhteisty\u00f6ss\u00e4 koko mets\u00e4alan kanssa<\/h2>\n      <p>Mets\u00e4p\u00e4iv\u00e4t tunnetaan laajasta lavaohjelmasta asiantuntijapuheenvuoroineen, kollegojen kohtaamisesta, mielenkiintoisista keskusteluista, minimessuista, iltamista ja paljosta muusta. Se on mets\u00e4alan yhteisty\u00f6j\u00e4rjest\u00f6n Suomen Mets\u00e4yhdistyksen tapahtuma, jota on mukana j\u00e4rjest\u00e4m\u00e4ss\u00e4 kymmeni\u00e4 yhteisty\u00f6kumppaneita. Me Mets\u00e4viestinn\u00e4ss\u00e4 varmistamme, ett\u00e4 syksyn odotetuimman tapahtuman lukemattomat osaset osuvat kohdilleen, ja sadat osallistujat odottavat kutsua my\u00f6s jo seuraaville Mets\u00e4p\u00e4iville.<\/p>\n    <\/div>\n  <\/div>\n<\/div>\n\n<div class=\"full-vw\">\n  <div class=\"block-image-text-reverse\">\n\n  <div class=\"bit-text\">\n        <h2>Alan ja ajankohtaisuuden ytimess\u00e4<\/h2>\n        <p>Mets\u00e4p\u00e4ivien suunnittelu alkaa ajankohtaisen teeman valinnasta ja keskusteluilla yhteisty\u00f6kumppaneiden kanssa. Jo l\u00e4hes sata vuotta j\u00e4rjestetyn tunnetun tapahtuman reseptiss\u00e4 on joka syksy jotain uutta, jotain tuttua ja varmasti my\u00f6s jotain lainattua, kuten kiinnostavat, alaa hieman sen ulkopuolelta katsovat iltap\u00e4iv\u00e4n p\u00e4\u00e4puhujat.<\/p>\n<p>Mets\u00e4viestint\u00e4 Oy huolehtii tapahtuman kaikista k\u00e4yt\u00e4nn\u00f6n j\u00e4rjestelyist\u00e4: rakennamme ohjelman, buukkamme paikan, myymme liput, j\u00e4rjest\u00e4mme iltamat ja messut sek\u00e4 hoidamme viestinn\u00e4n, verkkosivut ja markkinoinnin.<\/p>\n<p><a href=\"https:\/\/smy.fi\/metsapaivat\/\" target=\"_blank\" rel=\"noopener\">metsapaivat.fi<\/a><\/p>\n      <\/div>\n      \n      <picture>\n        <img decoding=\"async\" src=\"https:\/\/smy.fi\/metsaviestinta\/wp-content\/uploads\/sites\/3\/2023\/01\/313366552_135631792342341_7990221425895037320_n.jpg\">\n      <\/picture>\n\n\n\n<\/div>\n<\/div>\n\n\n<figure class=\"wp-block-gallery has-nested-images columns-default is-cropped wp-block-gallery-1 is-layout-flex wp-block-gallery-is-layout-flex\">\n<figure class=\"wp-block-image size-large\"><img loading=\"lazy\" decoding=\"async\" width=\"1024\" height=\"1024\" data-id=\"303\" src=\"https:\/\/smy.fi\/metsaviestinta\/wp-content\/uploads\/sites\/3\/2023\/01\/313744386_104673455788667_2745024277544096159_n-1024x1024.jpg\" alt=\"\" class=\"wp-image-303\" srcset=\"https:\/\/smy.fi\/metsaviestinta\/wp-content\/uploads\/sites\/3\/2023\/01\/313744386_104673455788667_2745024277544096159_n-1024x1024.jpg 1024w, https:\/\/smy.fi\/metsaviestinta\/wp-content\/uploads\/sites\/3\/2023\/01\/313744386_104673455788667_2745024277544096159_n-680x680.jpg 680w, https:\/\/smy.fi\/metsaviestinta\/wp-content\/uploads\/sites\/3\/2023\/01\/313744386_104673455788667_2745024277544096159_n-150x150.jpg 150w, https:\/\/smy.fi\/metsaviestinta\/wp-content\/uploads\/sites\/3\/2023\/01\/313744386_104673455788667_2745024277544096159_n-768x768.jpg 768w, https:\/\/smy.fi\/metsaviestinta\/wp-content\/uploads\/sites\/3\/2023\/01\/313744386_104673455788667_2745024277544096159_n.jpg 1080w\" sizes=\"auto, (max-width: 1024px) 100vw, 1024px\" \/><\/figure>\n\n\n\n<figure class=\"wp-block-image size-large\"><img loading=\"lazy\" decoding=\"async\" width=\"1024\" height=\"1024\" data-id=\"273\" src=\"https:\/\/smy.fi\/metsaviestinta\/wp-content\/uploads\/sites\/3\/2023\/01\/2048x2048-mannikko2-Metsapaivat-1024x1024.jpg\" alt=\"\" class=\"wp-image-273\" srcset=\"https:\/\/smy.fi\/metsaviestinta\/wp-content\/uploads\/sites\/3\/2023\/01\/2048x2048-mannikko2-Metsapaivat-1024x1024.jpg 1024w, https:\/\/smy.fi\/metsaviestinta\/wp-content\/uploads\/sites\/3\/2023\/01\/2048x2048-mannikko2-Metsapaivat-680x680.jpg 680w, https:\/\/smy.fi\/metsaviestinta\/wp-content\/uploads\/sites\/3\/2023\/01\/2048x2048-mannikko2-Metsapaivat-150x150.jpg 150w, https:\/\/smy.fi\/metsaviestinta\/wp-content\/uploads\/sites\/3\/2023\/01\/2048x2048-mannikko2-Metsapaivat-768x768.jpg 768w, https:\/\/smy.fi\/metsaviestinta\/wp-content\/uploads\/sites\/3\/2023\/01\/2048x2048-mannikko2-Metsapaivat-1536x1536.jpg 1536w, https:\/\/smy.fi\/metsaviestinta\/wp-content\/uploads\/sites\/3\/2023\/01\/2048x2048-mannikko2-Metsapaivat.jpg 2048w\" sizes=\"auto, (max-width: 1024px) 100vw, 1024px\" \/><\/figure>\n\n\n\n<figure class=\"wp-block-image size-large\"><img loading=\"lazy\" decoding=\"async\" width=\"1024\" height=\"683\" data-id=\"261\" src=\"https:\/\/smy.fi\/metsaviestinta\/wp-content\/uploads\/sites\/3\/2023\/01\/Metsapaivat21_6_iso-1024x683.jpg\" alt=\"\" class=\"wp-image-261\" srcset=\"https:\/\/smy.fi\/metsaviestinta\/wp-content\/uploads\/sites\/3\/2023\/01\/Metsapaivat21_6_iso-1024x683.jpg 1024w, https:\/\/smy.fi\/metsaviestinta\/wp-content\/uploads\/sites\/3\/2023\/01\/Metsapaivat21_6_iso-680x453.jpg 680w, https:\/\/smy.fi\/metsaviestinta\/wp-content\/uploads\/sites\/3\/2023\/01\/Metsapaivat21_6_iso-768x512.jpg 768w, https:\/\/smy.fi\/metsaviestinta\/wp-content\/uploads\/sites\/3\/2023\/01\/Metsapaivat21_6_iso-1536x1024.jpg 1536w, https:\/\/smy.fi\/metsaviestinta\/wp-content\/uploads\/sites\/3\/2023\/01\/Metsapaivat21_6_iso-2048x1366.jpg 2048w\" sizes=\"auto, (max-width: 1024px) 100vw, 1024px\" \/><\/figure>\n<\/figure>\n\n\n\n<p><\/p>\n","protected":false},"excerpt":{"rendered":"","protected":false},"author":5,"featured_media":0,"parent":26,"menu_order":0,"comment_status":"closed","ping_status":"closed","template":"","meta":{"_acf_changed":false,"footnotes":""},"class_list":["post-270","page","type-page","status-publish","hentry"],"acf":[],"yoast_head":"<!-- This site is optimized with the Yoast SEO plugin v27.0 - https:\/\/yoast.com\/product\/yoast-seo-wordpress\/ -->\n<title>Mets\u00e4p\u00e4iv\u00e4t - Mets\u00e4viestint\u00e4 Oy<\/title>\n<meta name=\"robots\" content=\"index, follow, max-snippet:-1, max-image-preview:large, max-video-preview:-1\" \/>\n<link rel=\"canonical\" href=\"https:\/\/smy.fi\/metsaviestinta\/referenssit\/metsapaivat\/\" \/>\n<meta property=\"og:locale\" content=\"fi_FI\" \/>\n<meta property=\"og:type\" content=\"article\" \/>\n<meta property=\"og:title\" content=\"Mets\u00e4p\u00e4iv\u00e4t - Mets\u00e4viestint\u00e4 Oy\" \/>\n<meta property=\"og:url\" content=\"https:\/\/smy.fi\/metsaviestinta\/referenssit\/metsapaivat\/\" \/>\n<meta property=\"og:site_name\" content=\"Mets\u00e4viestint\u00e4 Oy\" \/>\n<meta property=\"article:modified_time\" content=\"2023-02-08T09:53:26+00:00\" \/>\n<meta property=\"og:image\" content=\"https:\/\/smy.fi\/metsaviestinta\/wp-content\/uploads\/sites\/3\/2023\/01\/313744386_104673455788667_2745024277544096159_n-1024x1024.jpg\" \/>\n<meta name=\"twitter:card\" content=\"summary_large_image\" \/>\n<meta name=\"twitter:label1\" content=\"Est. reading time\" \/>\n\t<meta name=\"twitter:data1\" content=\"1 minuutti\" \/>\n<script type=\"application\/ld+json\" class=\"yoast-schema-graph\">{\"@context\":\"https:\/\/schema.org\",\"@graph\":[{\"@type\":\"WebPage\",\"@id\":\"https:\/\/smy.fi\/metsaviestinta\/referenssit\/metsapaivat\/\",\"url\":\"https:\/\/smy.fi\/metsaviestinta\/referenssit\/metsapaivat\/\",\"name\":\"Mets\u00e4p\u00e4iv\u00e4t - Mets\u00e4viestint\u00e4 Oy\",\"isPartOf\":{\"@id\":\"https:\/\/smy.fi\/metsaviestinta\/#website\"},\"primaryImageOfPage\":{\"@id\":\"https:\/\/smy.fi\/metsaviestinta\/referenssit\/metsapaivat\/#primaryimage\"},\"image\":{\"@id\":\"https:\/\/smy.fi\/metsaviestinta\/referenssit\/metsapaivat\/#primaryimage\"},\"thumbnailUrl\":\"https:\/\/smy.fi\/metsaviestinta\/wp-content\/uploads\/sites\/3\/2023\/01\/313744386_104673455788667_2745024277544096159_n-1024x1024.jpg\",\"datePublished\":\"2023-02-01T12:05:35+00:00\",\"dateModified\":\"2023-02-08T09:53:26+00:00\",\"breadcrumb\":{\"@id\":\"https:\/\/smy.fi\/metsaviestinta\/referenssit\/metsapaivat\/#breadcrumb\"},\"inLanguage\":\"fi\",\"potentialAction\":[{\"@type\":\"ReadAction\",\"target\":[\"https:\/\/smy.fi\/metsaviestinta\/referenssit\/metsapaivat\/\"]}]},{\"@type\":\"ImageObject\",\"inLanguage\":\"fi\",\"@id\":\"https:\/\/smy.fi\/metsaviestinta\/referenssit\/metsapaivat\/#primaryimage\",\"url\":\"https:\/\/smy.fi\/metsaviestinta\/wp-content\/uploads\/sites\/3\/2023\/01\/313744386_104673455788667_2745024277544096159_n.jpg\",\"contentUrl\":\"https:\/\/smy.fi\/metsaviestinta\/wp-content\/uploads\/sites\/3\/2023\/01\/313744386_104673455788667_2745024277544096159_n.jpg\",\"width\":1080,\"height\":1080},{\"@type\":\"BreadcrumbList\",\"@id\":\"https:\/\/smy.fi\/metsaviestinta\/referenssit\/metsapaivat\/#breadcrumb\",\"itemListElement\":[{\"@type\":\"ListItem\",\"position\":1,\"name\":\"Home\",\"item\":\"https:\/\/smy.fi\/metsaviestinta\/\"},{\"@type\":\"ListItem\",\"position\":2,\"name\":\"Referenssit\",\"item\":\"https:\/\/smy.fi\/metsaviestinta\/referenssit\/\"},{\"@type\":\"ListItem\",\"position\":3,\"name\":\"Mets\u00e4p\u00e4iv\u00e4t\"}]},{\"@type\":\"WebSite\",\"@id\":\"https:\/\/smy.fi\/metsaviestinta\/#website\",\"url\":\"https:\/\/smy.fi\/metsaviestinta\/\",\"name\":\"Mets\u00e4viestint\u00e4 Oy\",\"description\":\"kumppanisi mets\u00e4alan tapahtumien ja viestint\u00e4hankkeiden suunnittelussa ja toteuttamisessa\",\"potentialAction\":[{\"@type\":\"SearchAction\",\"target\":{\"@type\":\"EntryPoint\",\"urlTemplate\":\"https:\/\/smy.fi\/metsaviestinta\/?s={search_term_string}\"},\"query-input\":{\"@type\":\"PropertyValueSpecification\",\"valueRequired\":true,\"valueName\":\"search_term_string\"}}],\"inLanguage\":\"fi\"}]}<\/script>\n<!-- \/ Yoast SEO plugin. -->","yoast_head_json":{"title":"Mets\u00e4p\u00e4iv\u00e4t - Mets\u00e4viestint\u00e4 Oy","robots":{"index":"index","follow":"follow","max-snippet":"max-snippet:-1","max-image-preview":"max-image-preview:large","max-video-preview":"max-video-preview:-1"},"canonical":"https:\/\/smy.fi\/metsaviestinta\/referenssit\/metsapaivat\/","og_locale":"fi_FI","og_type":"article","og_title":"Mets\u00e4p\u00e4iv\u00e4t - Mets\u00e4viestint\u00e4 Oy","og_url":"https:\/\/smy.fi\/metsaviestinta\/referenssit\/metsapaivat\/","og_site_name":"Mets\u00e4viestint\u00e4 Oy","article_modified_time":"2023-02-08T09:53:26+00:00","og_image":[{"url":"https:\/\/smy.fi\/metsaviestinta\/wp-content\/uploads\/sites\/3\/2023\/01\/313744386_104673455788667_2745024277544096159_n-1024x1024.jpg","type":"","width":"","height":""}],"twitter_card":"summary_large_image","twitter_misc":{"Est. reading time":"1 minuutti"},"schema":{"@context":"https:\/\/schema.org","@graph":[{"@type":"WebPage","@id":"https:\/\/smy.fi\/metsaviestinta\/referenssit\/metsapaivat\/","url":"https:\/\/smy.fi\/metsaviestinta\/referenssit\/metsapaivat\/","name":"Mets\u00e4p\u00e4iv\u00e4t - Mets\u00e4viestint\u00e4 Oy","isPartOf":{"@id":"https:\/\/smy.fi\/metsaviestinta\/#website"},"primaryImageOfPage":{"@id":"https:\/\/smy.fi\/metsaviestinta\/referenssit\/metsapaivat\/#primaryimage"},"image":{"@id":"https:\/\/smy.fi\/metsaviestinta\/referenssit\/metsapaivat\/#primaryimage"},"thumbnailUrl":"https:\/\/smy.fi\/metsaviestinta\/wp-content\/uploads\/sites\/3\/2023\/01\/313744386_104673455788667_2745024277544096159_n-1024x1024.jpg","datePublished":"2023-02-01T12:05:35+00:00","dateModified":"2023-02-08T09:53:26+00:00","breadcrumb":{"@id":"https:\/\/smy.fi\/metsaviestinta\/referenssit\/metsapaivat\/#breadcrumb"},"inLanguage":"fi","potentialAction":[{"@type":"ReadAction","target":["https:\/\/smy.fi\/metsaviestinta\/referenssit\/metsapaivat\/"]}]},{"@type":"ImageObject","inLanguage":"fi","@id":"https:\/\/smy.fi\/metsaviestinta\/referenssit\/metsapaivat\/#primaryimage","url":"https:\/\/smy.fi\/metsaviestinta\/wp-content\/uploads\/sites\/3\/2023\/01\/313744386_104673455788667_2745024277544096159_n.jpg","contentUrl":"https:\/\/smy.fi\/metsaviestinta\/wp-content\/uploads\/sites\/3\/2023\/01\/313744386_104673455788667_2745024277544096159_n.jpg","width":1080,"height":1080},{"@type":"BreadcrumbList","@id":"https:\/\/smy.fi\/metsaviestinta\/referenssit\/metsapaivat\/#breadcrumb","itemListElement":[{"@type":"ListItem","position":1,"name":"Home","item":"https:\/\/smy.fi\/metsaviestinta\/"},{"@type":"ListItem","position":2,"name":"Referenssit","item":"https:\/\/smy.fi\/metsaviestinta\/referenssit\/"},{"@type":"ListItem","position":3,"name":"Mets\u00e4p\u00e4iv\u00e4t"}]},{"@type":"WebSite","@id":"https:\/\/smy.fi\/metsaviestinta\/#website","url":"https:\/\/smy.fi\/metsaviestinta\/","name":"Mets\u00e4viestint\u00e4 Oy","description":"kumppanisi mets\u00e4alan tapahtumien ja viestint\u00e4hankkeiden suunnittelussa ja toteuttamisessa","potentialAction":[{"@type":"SearchAction","target":{"@type":"EntryPoint","urlTemplate":"https:\/\/smy.fi\/metsaviestinta\/?s={search_term_string}"},"query-input":{"@type":"PropertyValueSpecification","valueRequired":true,"valueName":"search_term_string"}}],"inLanguage":"fi"}]}},"_links":{"self":[{"href":"https:\/\/smy.fi\/metsaviestinta\/wp-json\/wp\/v2\/pages\/270","targetHints":{"allow":["GET"]}}],"collection":[{"href":"https:\/\/smy.fi\/metsaviestinta\/wp-json\/wp\/v2\/pages"}],"about":[{"href":"https:\/\/smy.fi\/metsaviestinta\/wp-json\/wp\/v2\/types\/page"}],"author":[{"embeddable":true,"href":"https:\/\/smy.fi\/metsaviestinta\/wp-json\/wp\/v2\/users\/5"}],"replies":[{"embeddable":true,"href":"https:\/\/smy.fi\/metsaviestinta\/wp-json\/wp\/v2\/comments?post=270"}],"version-history":[{"count":0,"href":"https:\/\/smy.fi\/metsaviestinta\/wp-json\/wp\/v2\/pages\/270\/revisions"}],"up":[{"embeddable":true,"href":"https:\/\/smy.fi\/metsaviestinta\/wp-json\/wp\/v2\/pages\/26"}],"wp:attachment":[{"href":"https:\/\/smy.fi\/metsaviestinta\/wp-json\/wp\/v2\/media?parent=270"}],"curies":[{"name":"wp","href":"https:\/\/api.w.org\/{rel}","templated":true}]}}