{"id":8,"date":"2023-01-20T13:15:49","date_gmt":"2023-01-20T11:15:49","guid":{"rendered":"https:\/\/smyfi.wpenginepowered.com\/metsaviestinta\/?page_id=8"},"modified":"2023-02-01T15:33:05","modified_gmt":"2023-02-01T13:33:05","slug":"palvelut","status":"publish","type":"page","link":"https:\/\/smy.fi\/metsaviestinta\/palvelut\/","title":{"rendered":"Palvelut"},"content":{"rendered":"<div class=\"full-vw\">\n  <div class=\"block-hero\">\n    <div class=\"hero\">\n      <div class=\"hero-heading\">\n        <h1>Mets\u00e4alan viestinn\u00e4n ammattilainen<\/h1>\n      <\/div>\n      <div class=\"column-grid col-2\">\n        <p>Kaipaatko apua viestint\u00e4hankkeen suunnittelussa tai viestiesi kiteytt\u00e4misess\u00e4? Tai suunnitteletko ehk\u00e4 tapahtuman j\u00e4rjest\u00e4mist\u00e4, mutta sinulta puuttuu tarvittavat resurssit?  N\u00e4iss\u00e4 kaikissa tarpeissasi sinua palvelee Mets\u00e4viestint\u00e4 Oy.<\/p>\n                <div class=\"image-element\">\n            <div class=\"image-background\">\n              <img decoding=\"async\" src=\"https:\/\/smy.fi\/metsaviestinta\/wp-content\/uploads\/sites\/3\/2023\/01\/liput_metsapaivat_2021.jpg\">\n            <\/div>\n          <\/div>\n                <\/div>\n      <div class=\"down-arrow\">\n      <input type=\"image\" src=\"https:\/\/smy.fi\/metsaviestinta\/wp-content\/themes\/pt-metsaviestinta-theme\/assets\/img\/arrow-down.svg\" \/><\/input>\n      <\/div>\n    <\/div>\n  <\/div>\n<\/div>\n\n<div class=\"full-vw\">\n  <div class=\"block-image-text\">\n    <picture>\n      <img decoding=\"async\" src=\"https:\/\/smy.fi\/metsaviestinta\/wp-content\/uploads\/sites\/3\/2023\/01\/313827369_3304099416473221_2960260159701017674_n.jpg\"> \n    <\/picture>\n    <div class=\"bit-text\">\n      <h2>Vahvuutena mets\u00e4alan laaja tuntemus<\/h2>\n      <p>Mets\u00e4viestint\u00e4 Oy on Suomen Mets\u00e4yhdistyksen 100-prosenttisesti omistama osakeyhti\u00f6. Mets\u00e4viestint\u00e4 Oy:n liiketoiminta pohjautuu Suomen Mets\u00e4yhdistyksen strategiaan, toiminnan vastuullisiin tavoitteisiin ja ydinosaamiseen. Yritys on 100 % Suomen Mets\u00e4yhdistyksen omistama.<\/p>\n<p>Tarjoamme k\u00e4ytt\u00f6\u00f6si Suomen Mets\u00e4yhdistyksen asiantuntijoiden pitk\u00e4n kokemuksen mets\u00e4alan monikanavaisesta viestinn\u00e4st\u00e4, niin fyysisten kuin virtuaalistenkin tapahtumien j\u00e4rjest\u00e4misest\u00e4 sek\u00e4 monipuolisten verkostojen rakentamisesta. Vahvuutenamme on laaja mets\u00e4alan laaja tuntemus, kattavat kontaktiverkostot sek\u00e4 vahva mets\u00e4alan substanssiosaaminen.<\/p>\n    <\/div>\n  <\/div>\n<\/div>\n\n<div class=\"full-vw\">\n  <div class=\"block-image-text-reverse\">\n\n  <div class=\"bit-text\">\n        <h2>Keit\u00e4 haluat tavoittaa?<\/h2>\n        <p>Meill\u00e4 on kokemusta hyvin monipuolisista kohderyhmist\u00e4 nuorista aina p\u00e4\u00e4tt\u00e4jiin ja vaikuttajiin asti. Kaiken toiminnan takana on tavoite tarjota onnistunut asiakas- tai sidosryhm\u00e4kokemus, oli kyse viestinn\u00e4st\u00e4, tapahtumasta tai verkostojen rakentamisesta.<\/p>\n<p>Mets\u00e4viestint\u00e4 Oy on Suomen Mets\u00e4yhdistyksen 100-prosenttisesti omistama osakeyhti\u00f6, jonka liiketoiminta pohjautuu Suomen Mets\u00e4yhdistyksen strategiaan, toiminnan vastuullisiin tavoitteisiin ja ydinosaamiseen.<\/p>\n<p class=\"button__wrapper\"><a href=\"https:\/\/metsapuhuu.fi\/metsaviestinta-oy-referenssit\/\" target=\"_blank\" rel=\"noopener noreferrer\">Katso referenssit<\/a><\/p>\n<h2><\/h2>\n<p>&nbsp;<\/p>\n      <\/div>\n      \n      <picture>\n        <img decoding=\"async\" src=\"https:\/\/smy.fi\/metsaviestinta\/wp-content\/uploads\/sites\/3\/2023\/01\/metsaviestinta_palvelut_netti.jpg\">\n      <\/picture>\n\n\n\n<\/div>\n<\/div>\n\n<div class=\"full-vw\">\n  <div class=\"block-image-text\">\n    <picture>\n      <img decoding=\"async\" src=\"https:\/\/smy.fi\/metsaviestinta\/wp-content\/uploads\/sites\/3\/2023\/01\/313346113_2212967285530950_9078742882701528806_n.jpg\"> \n    <\/picture>\n    <div class=\"bit-text\">\n      <h2>Palvelumme<\/h2>\n      <p>mets\u00e4alan tapahtumien j\u00e4rjest\u00e4minen (my\u00f6s virtuaaliset tapahtumat)<br \/>\nmonikanavaisten viestint\u00e4hankkeiden suunnittelu ja toteuttaminen<br \/>\nviestinn\u00e4n koulutus ja konsultointi<br \/>\nmyyntituotteiden tuottaminen hankkeiden tarpeisiin<\/p>\n    <\/div>\n  <\/div>\n<\/div>\n\n<div class=\"full-vw\">\n  <div class=\"block-image-text-reverse\">\n\n  <div class=\"bit-text\">\n        <h2>Kiinnostuitko? Kysy lis\u00e4\u00e4:<\/h2>\n        <p>Projektip\u00e4\u00e4llikk\u00f6 Kaarina Aro, kaarina.aro (at) smy.fi, p. 050 374 5677<\/p>\n      <\/div>\n      \n      <picture>\n        <img decoding=\"async\" src=\"\">\n      <\/picture>\n\n\n\n<\/div>\n<\/div>","protected":false},"excerpt":{"rendered":"","protected":false},"author":1,"featured_media":0,"parent":0,"menu_order":0,"comment_status":"closed","ping_status":"closed","template":"","meta":{"_acf_changed":false,"footnotes":""},"class_list":["post-8","page","type-page","status-publish","hentry"],"acf":[],"yoast_head":"<!-- This site is optimized with the Yoast SEO plugin v27.0 - https:\/\/yoast.com\/product\/yoast-seo-wordpress\/ -->\n<title>Palvelut - Mets\u00e4viestint\u00e4 Oy<\/title>\n<meta name=\"robots\" content=\"index, follow, max-snippet:-1, max-image-preview:large, max-video-preview:-1\" \/>\n<link rel=\"canonical\" href=\"https:\/\/smy.fi\/metsaviestinta\/palvelut\/\" \/>\n<meta property=\"og:locale\" content=\"fi_FI\" \/>\n<meta property=\"og:type\" content=\"article\" \/>\n<meta property=\"og:title\" content=\"Palvelut - Mets\u00e4viestint\u00e4 Oy\" \/>\n<meta property=\"og:url\" content=\"https:\/\/smy.fi\/metsaviestinta\/palvelut\/\" \/>\n<meta property=\"og:site_name\" content=\"Mets\u00e4viestint\u00e4 Oy\" \/>\n<meta property=\"article:modified_time\" content=\"2023-02-01T13:33:05+00:00\" \/>\n<meta name=\"twitter:card\" content=\"summary_large_image\" \/>\n<script type=\"application\/ld+json\" class=\"yoast-schema-graph\">{\"@context\":\"https:\/\/schema.org\",\"@graph\":[{\"@type\":\"WebPage\",\"@id\":\"https:\/\/smy.fi\/metsaviestinta\/palvelut\/\",\"url\":\"https:\/\/smy.fi\/metsaviestinta\/palvelut\/\",\"name\":\"Palvelut - Mets\u00e4viestint\u00e4 Oy\",\"isPartOf\":{\"@id\":\"https:\/\/smy.fi\/metsaviestinta\/#website\"},\"datePublished\":\"2023-01-20T11:15:49+00:00\",\"dateModified\":\"2023-02-01T13:33:05+00:00\",\"breadcrumb\":{\"@id\":\"https:\/\/smy.fi\/metsaviestinta\/palvelut\/#breadcrumb\"},\"inLanguage\":\"fi\",\"potentialAction\":[{\"@type\":\"ReadAction\",\"target\":[\"https:\/\/smy.fi\/metsaviestinta\/palvelut\/\"]}]},{\"@type\":\"BreadcrumbList\",\"@id\":\"https:\/\/smy.fi\/metsaviestinta\/palvelut\/#breadcrumb\",\"itemListElement\":[{\"@type\":\"ListItem\",\"position\":1,\"name\":\"Home\",\"item\":\"https:\/\/smy.fi\/metsaviestinta\/\"},{\"@type\":\"ListItem\",\"position\":2,\"name\":\"Palvelut\"}]},{\"@type\":\"WebSite\",\"@id\":\"https:\/\/smy.fi\/metsaviestinta\/#website\",\"url\":\"https:\/\/smy.fi\/metsaviestinta\/\",\"name\":\"Mets\u00e4viestint\u00e4 Oy\",\"description\":\"kumppanisi mets\u00e4alan tapahtumien ja viestint\u00e4hankkeiden suunnittelussa ja toteuttamisessa\",\"potentialAction\":[{\"@type\":\"SearchAction\",\"target\":{\"@type\":\"EntryPoint\",\"urlTemplate\":\"https:\/\/smy.fi\/metsaviestinta\/?s={search_term_string}\"},\"query-input\":{\"@type\":\"PropertyValueSpecification\",\"valueRequired\":true,\"valueName\":\"search_term_string\"}}],\"inLanguage\":\"fi\"}]}<\/script>\n<!-- \/ Yoast SEO plugin. -->","yoast_head_json":{"title":"Palvelut - Mets\u00e4viestint\u00e4 Oy","robots":{"index":"index","follow":"follow","max-snippet":"max-snippet:-1","max-image-preview":"max-image-preview:large","max-video-preview":"max-video-preview:-1"},"canonical":"https:\/\/smy.fi\/metsaviestinta\/palvelut\/","og_locale":"fi_FI","og_type":"article","og_title":"Palvelut - Mets\u00e4viestint\u00e4 Oy","og_url":"https:\/\/smy.fi\/metsaviestinta\/palvelut\/","og_site_name":"Mets\u00e4viestint\u00e4 Oy","article_modified_time":"2023-02-01T13:33:05+00:00","twitter_card":"summary_large_image","schema":{"@context":"https:\/\/schema.org","@graph":[{"@type":"WebPage","@id":"https:\/\/smy.fi\/metsaviestinta\/palvelut\/","url":"https:\/\/smy.fi\/metsaviestinta\/palvelut\/","name":"Palvelut - Mets\u00e4viestint\u00e4 Oy","isPartOf":{"@id":"https:\/\/smy.fi\/metsaviestinta\/#website"},"datePublished":"2023-01-20T11:15:49+00:00","dateModified":"2023-02-01T13:33:05+00:00","breadcrumb":{"@id":"https:\/\/smy.fi\/metsaviestinta\/palvelut\/#breadcrumb"},"inLanguage":"fi","potentialAction":[{"@type":"ReadAction","target":["https:\/\/smy.fi\/metsaviestinta\/palvelut\/"]}]},{"@type":"BreadcrumbList","@id":"https:\/\/smy.fi\/metsaviestinta\/palvelut\/#breadcrumb","itemListElement":[{"@type":"ListItem","position":1,"name":"Home","item":"https:\/\/smy.fi\/metsaviestinta\/"},{"@type":"ListItem","position":2,"name":"Palvelut"}]},{"@type":"WebSite","@id":"https:\/\/smy.fi\/metsaviestinta\/#website","url":"https:\/\/smy.fi\/metsaviestinta\/","name":"Mets\u00e4viestint\u00e4 Oy","description":"kumppanisi mets\u00e4alan tapahtumien ja viestint\u00e4hankkeiden suunnittelussa ja toteuttamisessa","potentialAction":[{"@type":"SearchAction","target":{"@type":"EntryPoint","urlTemplate":"https:\/\/smy.fi\/metsaviestinta\/?s={search_term_string}"},"query-input":{"@type":"PropertyValueSpecification","valueRequired":true,"valueName":"search_term_string"}}],"inLanguage":"fi"}]}},"_links":{"self":[{"href":"https:\/\/smy.fi\/metsaviestinta\/wp-json\/wp\/v2\/pages\/8","targetHints":{"allow":["GET"]}}],"collection":[{"href":"https:\/\/smy.fi\/metsaviestinta\/wp-json\/wp\/v2\/pages"}],"about":[{"href":"https:\/\/smy.fi\/metsaviestinta\/wp-json\/wp\/v2\/types\/page"}],"author":[{"embeddable":true,"href":"https:\/\/smy.fi\/metsaviestinta\/wp-json\/wp\/v2\/users\/1"}],"replies":[{"embeddable":true,"href":"https:\/\/smy.fi\/metsaviestinta\/wp-json\/wp\/v2\/comments?post=8"}],"version-history":[{"count":0,"href":"https:\/\/smy.fi\/metsaviestinta\/wp-json\/wp\/v2\/pages\/8\/revisions"}],"wp:attachment":[{"href":"https:\/\/smy.fi\/metsaviestinta\/wp-json\/wp\/v2\/media?parent=8"}],"curies":[{"name":"wp","href":"https:\/\/api.w.org\/{rel}","templated":true}]}}